{"id":76395,"date":"2025-02-05T09:34:15","date_gmt":"2025-02-05T08:34:15","guid":{"rendered":"https:\/\/www.pro-mani.com\/?page_id=76395"},"modified":"2025-03-14T10:29:29","modified_gmt":"2025-03-14T09:29:29","slug":"home-de","status":"publish","type":"page","link":"https:\/\/www.pro-mani.com\/de\/","title":{"rendered":"Home"},"content":{"rendered":"<div class=\"wpb-content-wrapper\"><p>[vc_row row_height_percent=&#8220;0&#8243; overlay_alpha=&#8220;50&#8243; gutter_size=&#8220;3&#8243; column_width_percent=&#8220;100&#8243; shift_y=&#8220;-5&#8243; z_index=&#8220;0&#8243; medium_visibility=&#8220;yes&#8220; mobile_visibility=&#8220;yes&#8220; content_parallax=&#8220;0&#8243; uncode_shortcode_id=&#8220;104348&#8243;][vc_column column_width_percent=&#8220;100&#8243; gutter_size=&#8220;3&#8243; overlay_alpha=&#8220;50&#8243; shift_x=&#8220;0&#8243; shift_y=&#8220;0&#8243; shift_y_down=&#8220;0&#8243; z_index=&#8220;0&#8243; medium_width=&#8220;0&#8243; mobile_width=&#8220;0&#8243; width=&#8220;1\/1&#8243;][vc_row_inner row_inner_height_percent=&#8220;0&#8243; back_color=&#8220;color-lxmt&#8220; overlay_alpha=&#8220;50&#8243; gutter_size=&#8220;3&#8243; shift_y=&#8220;0&#8243; z_index=&#8220;2&#8243; limit_content=&#8220;&#8220;][vc_column_inner column_width_percent=&#8220;100&#8243; gutter_size=&#8220;3&#8243; override_padding=&#8220;yes&#8220; column_padding=&#8220;2&#8243; overlay_alpha=&#8220;50&#8243; shift_x=&#8220;0&#8243; shift_y=&#8220;0&#8243; shift_y_down=&#8220;0&#8243; z_index=&#8220;0&#8243; medium_width=&#8220;0&#8243; mobile_width=&#8220;0&#8243; width=&#8220;1\/2&#8243;][vc_gallery][vc_gallery el_id=&#8220;gallery-177509&#8243; medias=&#8220;75568,75541,75538,75535,75532&#8243; dynamic=&#8220;yes&#8220; explode_albums=&#8220;yes&#8220; gallery_back_color=&#8220;color-lxmt&#8220; gutter_size=&#8220;3&#8243; screen_lg=&#8220;1000&#8243; screen_md=&#8220;600&#8243; screen_sm=&#8220;480&#8243; single_overlay_opacity=&#8220;50&#8243; single_padding=&#8220;2&#8243; uncode_shortcode_id=&#8220;191848&#8243; gallery_back_color_type=&#8220;uncode-palette&#8220;][vc_single_image media=&#8220;77749&#8243; media_width_percent=&#8220;100&#8243; alignment=&#8220;center&#8220; uncode_shortcode_id=&#8220;137385&#8243;][\/vc_column_inner][vc_column_inner column_width_percent=&#8220;100&#8243; gutter_size=&#8220;3&#8243; override_padding=&#8220;yes&#8220; column_padding=&#8220;2&#8243; overlay_alpha=&#8220;50&#8243; shift_x=&#8220;0&#8243; shift_y=&#8220;0&#8243; shift_y_down=&#8220;0&#8243; z_index=&#8220;0&#8243; medium_width=&#8220;0&#8243; mobile_width=&#8220;0&#8243; width=&#8220;1\/2&#8243;][vc_custom_heading heading_semantic=&#8220;h3&#8243; text_transform=&#8220;uppercase&#8220; css_animation=&#8220;alpha-anim&#8220; uncode_shortcode_id=&#8220;807229&#8243;]<strong>INNOVATIVE RAHMEN F\u00dcR MODERNE UND FUNKTIONALE R\u00c4UME<\/strong>[\/vc_custom_heading][vc_column_text css_animation=&#8220;alpha-anim&#8220; uncode_shortcode_id=&#8220;605699&#8243;]Die Promani-Rahmen sind die ideale L\u00f6sung f\u00fcr alle, die Innovation, Praktikabilit\u00e4t und Design bei der Installation von Schiebet\u00fcren suchen. Perfekt f\u00fcr Wohnungen, B\u00fcros, Gewerbe- und \u00f6ffentliche R\u00e4ume bieten sie die M\u00f6glichkeit, vollst\u00e4ndig an die Bed\u00fcrfnisse jedes Kunden und Projekts angepasst zu werden.[\/vc_column_text][\/vc_column_inner][\/vc_row_inner][vc_row_inner row_inner_height_percent=&#8220;0&#8243; back_color=&#8220;color-lxmt&#8220; overlay_alpha=&#8220;50&#8243; gutter_size=&#8220;3&#8243; shift_y=&#8220;0&#8243; z_index=&#8220;2&#8243; limit_content=&#8220;&#8220;][vc_column_inner column_width_percent=&#8220;100&#8243; gutter_size=&#8220;3&#8243; override_padding=&#8220;yes&#8220; column_padding=&#8220;2&#8243; overlay_alpha=&#8220;50&#8243; shift_x=&#8220;0&#8243; shift_y=&#8220;0&#8243; shift_y_down=&#8220;0&#8243; z_index=&#8220;0&#8243; medium_width=&#8220;0&#8243; mobile_width=&#8220;0&#8243; width=&#8220;1\/2&#8243;][vc_custom_heading heading_semantic=&#8220;h3&#8243; text_transform=&#8220;uppercase&#8220; css_animation=&#8220;alpha-anim&#8220; uncode_shortcode_id=&#8220;865055&#8243;]<strong>PROMANI: DIE EVOLUTION EINER IDEE<\/strong>[\/vc_custom_heading][vc_column_text css_animation=&#8220;alpha-anim&#8220; uncode_shortcode_id=&#8220;204826&#8243;]Perfekt sowohl f\u00fcr Profis als auch f\u00fcr DIY-Enthusiasten, zeichnen sich unsere T\u00fcrrahmen durch Qualit\u00e4t, Zuverl\u00e4ssigkeit und Praktikabilit\u00e4t aus. Dank unserer ma\u00dfgeschneiderten L\u00f6sungen k\u00f6nnen Sie den Raum einfach und effektiv optimieren und so Funktionalit\u00e4t in jedem Detail gew\u00e4hrleisten. Entdecken Sie unsere Vorschl\u00e4ge und verwandeln Sie jedes Ambiente mit Stil und Vielseitigkeit.[\/vc_column_text][vc_empty_space][vc_single_image media=&#8220;75535&#8243; media_width_percent=&#8220;100&#8243; alignment=&#8220;center&#8220; uncode_shortcode_id=&#8220;412818&#8243;][\/vc_column_inner][vc_column_inner column_width_percent=&#8220;100&#8243; gutter_size=&#8220;3&#8243; override_padding=&#8220;yes&#8220; column_padding=&#8220;2&#8243; overlay_alpha=&#8220;50&#8243; shift_x=&#8220;0&#8243; shift_y=&#8220;0&#8243; shift_y_down=&#8220;0&#8243; z_index=&#8220;0&#8243; medium_width=&#8220;0&#8243; mobile_width=&#8220;0&#8243; width=&#8220;1\/2&#8243;][vc_gallery][vc_gallery el_id=&#8220;gallery-177509&#8243; medias=&#8220;75568,75541,75538,75535,75532&#8243; dynamic=&#8220;yes&#8220; explode_albums=&#8220;yes&#8220; gallery_back_color=&#8220;color-lxmt&#8220; gutter_size=&#8220;3&#8243; screen_lg=&#8220;1000&#8243; screen_md=&#8220;600&#8243; screen_sm=&#8220;480&#8243; single_overlay_opacity=&#8220;50&#8243; single_padding=&#8220;2&#8243; uncode_shortcode_id=&#8220;191848&#8243; gallery_back_color_type=&#8220;uncode-palette&#8220;][vc_single_image media=&#8220;75541&#8243; media_width_percent=&#8220;100&#8243; alignment=&#8220;center&#8220; uncode_shortcode_id=&#8220;188537&#8243;][vc_empty_space empty_h=&#8220;2&#8243;][vc_empty_space empty_h=&#8220;2&#8243;][vc_empty_space empty_h=&#8220;2&#8243;][vc_empty_space empty_h=&#8220;2&#8243;][vc_custom_heading heading_semantic=&#8220;h3&#8243; text_transform=&#8220;uppercase&#8220; css_animation=&#8220;alpha-anim&#8220; uncode_shortcode_id=&#8220;113247&#8243;]<strong>Promani innovative Systeme<\/strong>[\/vc_custom_heading][vc_column_text css_animation=&#8220;alpha-anim&#8220; uncode_shortcode_id=&#8220;158501&#8243;]Die Details und technischen L\u00f6sungen, die gew\u00e4hlt wurden, machen den Unterschied in Bezug auf Praktikabilit\u00e4t und Leistung, sowohl w\u00e4hrend der Nutzung als auch bei der Installation der Schiebet\u00fcr. Es ist so intuitiv, dass du es ganz einfach selbst montieren kannst![\/vc_column_text][\/vc_column_inner][\/vc_row_inner][vc_row_inner limit_content=&#8220;&#8220;][vc_column_inner column_width_percent=&#8220;100&#8243; align_horizontal=&#8220;align_center&#8220; gutter_size=&#8220;3&#8243; overlay_alpha=&#8220;50&#8243; shift_x=&#8220;0&#8243; shift_y=&#8220;0&#8243; shift_y_down=&#8220;0&#8243; z_index=&#8220;0&#8243; medium_width=&#8220;0&#8243; mobile_width=&#8220;0&#8243; css_animation=&#8220;bottom-t-top&#8220; width=&#8220;1\/3&#8243;][vc_single_image media=&#8220;74082&#8243; media_width_percent=&#8220;100&#8243; media_link=&#8220;url:https%3A%2F%2Fwww.pro-mani.com%2Fprodotti%2Ftelai-scorrevoli%2Ffine-telaio-per-porta-scorrevole-in-alluminio-con-finitura-filo-muro%2F|||&#8220;][vc_custom_heading text_size=&#8220;h3&#8243; text_transform=&#8220;uppercase&#8220; uncode_shortcode_id=&#8220;127642&#8243;]<strong><a href=\"https:\/\/www.pro-mani.com\/de\/fine-schiebetuerelement-komplett\/\">FINE<\/a><\/strong>[\/vc_custom_heading][vc_column_text el_class=&#8220;nomargin&#8220; uncode_shortcode_id=&#8220;130566&#8243;]<strong><a href=\"https:\/\/www.pro-mani.com\/de\/fine-schiebetuerelement-komplett\/\">Schiebet\u00fcrrahmen<\/a><\/strong><br \/>\nganz aus Aluminium<br \/>\nmit Wandb\u00fcndiger Oberfl\u00e4che[\/vc_column_text][\/vc_column_inner][vc_column_inner column_width_percent=&#8220;100&#8243; align_horizontal=&#8220;align_center&#8220; gutter_size=&#8220;3&#8243; overlay_alpha=&#8220;50&#8243; shift_x=&#8220;0&#8243; shift_y=&#8220;0&#8243; shift_y_down=&#8220;0&#8243; z_index=&#8220;0&#8243; medium_width=&#8220;0&#8243; mobile_width=&#8220;0&#8243; css_animation=&#8220;bottom-t-top&#8220; width=&#8220;1\/3&#8243;][vc_single_image media=&#8220;74078&#8243; media_width_percent=&#8220;100&#8243; media_link=&#8220;url:https%3A%2F%2Fwww.pro-mani.com%2Fprodotti%2Ftelai-scorrevoli%2Fone-telaio-per-porta-scorrevole-interamente-in-acciaio-con-stipiti%2F|||&#8220;][vc_custom_heading text_size=&#8220;h3&#8243; text_transform=&#8220;uppercase&#8220; uncode_shortcode_id=&#8220;151260&#8243;]<strong><a href=\"https:\/\/www.pro-mani.com\/de\/one-schiebetuerelement-vollstaendig\/\">ONE<\/a><\/strong>[\/vc_custom_heading][vc_column_text el_class=&#8220;nomargin&#8220; uncode_shortcode_id=&#8220;290312&#8243;]<strong><a href=\"https:\/\/www.pro-mani.com\/de\/one-schiebetuerelement-vollstaendig\/\">Schiebet\u00fcrrahmen<\/a><\/strong><br \/>\nganz aus verzinktem Stahl mit Zargen[\/vc_column_text][\/vc_column_inner][\/vc_row_inner][\/vc_column][\/vc_row][vc_row row_height_percent=&#8220;0&#8243; overlay_alpha=&#8220;50&#8243; gutter_size=&#8220;3&#8243; column_width_percent=&#8220;100&#8243; shift_y=&#8220;-5&#8243; z_index=&#8220;0&#8243; desktop_visibility=&#8220;yes&#8220; content_parallax=&#8220;0&#8243; uncode_shortcode_id=&#8220;739595&#8243;][vc_column column_width_percent=&#8220;100&#8243; gutter_size=&#8220;3&#8243; overlay_alpha=&#8220;50&#8243; shift_x=&#8220;0&#8243; shift_y=&#8220;0&#8243; shift_y_down=&#8220;0&#8243; z_index=&#8220;0&#8243; medium_width=&#8220;0&#8243; mobile_width=&#8220;0&#8243; width=&#8220;1\/1&#8243;][vc_row_inner row_inner_height_percent=&#8220;0&#8243; back_color=&#8220;color-lxmt&#8220; overlay_alpha=&#8220;50&#8243; gutter_size=&#8220;3&#8243; shift_y=&#8220;0&#8243; z_index=&#8220;2&#8243; limit_content=&#8220;&#8220;][vc_column_inner column_width_percent=&#8220;100&#8243; gutter_size=&#8220;3&#8243; override_padding=&#8220;yes&#8220; column_padding=&#8220;2&#8243; overlay_alpha=&#8220;50&#8243; shift_x=&#8220;0&#8243; shift_y=&#8220;0&#8243; shift_y_down=&#8220;0&#8243; z_index=&#8220;0&#8243; medium_width=&#8220;0&#8243; mobile_width=&#8220;0&#8243; width=&#8220;1\/2&#8243;][vc_custom_heading heading_semantic=&#8220;h3&#8243; text_transform=&#8220;uppercase&#8220; css_animation=&#8220;alpha-anim&#8220; uncode_shortcode_id=&#8220;759167&#8243;]<strong>INNOVATIVE RAHMEN F\u00dcR MODERNE UND FUNKTIONALE R\u00c4UME<\/strong>[\/vc_custom_heading][vc_column_text css_animation=&#8220;alpha-anim&#8220; uncode_shortcode_id=&#8220;605699&#8243;]Die Promani-Rahmen sind die ideale L\u00f6sung f\u00fcr alle, die Innovation, Praktikabilit\u00e4t und Design bei der Installation von Schiebet\u00fcren suchen. Perfekt f\u00fcr Wohnungen, B\u00fcros, Gewerbe- und \u00f6ffentliche R\u00e4ume bieten sie die M\u00f6glichkeit, vollst\u00e4ndig an die Bed\u00fcrfnisse jedes Kunden und Projekts angepasst zu werden.[\/vc_column_text][vc_gallery el_id=&#8220;gallery-177509&#8243; medias=&#8220;75568,75541,75538,75535,75532&#8243; dynamic=&#8220;yes&#8220; explode_albums=&#8220;yes&#8220; gallery_back_color=&#8220;color-lxmt&#8220; gutter_size=&#8220;3&#8243; screen_lg=&#8220;1000&#8243; screen_md=&#8220;600&#8243; screen_sm=&#8220;480&#8243; single_overlay_opacity=&#8220;50&#8243; single_padding=&#8220;2&#8243; uncode_shortcode_id=&#8220;191848&#8243; gallery_back_color_type=&#8220;uncode-palette&#8220;][vc_single_image media=&#8220;77749&#8243; media_width_percent=&#8220;100&#8243; alignment=&#8220;center&#8220; uncode_shortcode_id=&#8220;904817&#8243;][\/vc_column_inner][\/vc_row_inner][vc_row_inner row_inner_height_percent=&#8220;0&#8243; back_color=&#8220;color-lxmt&#8220; overlay_alpha=&#8220;50&#8243; gutter_size=&#8220;3&#8243; shift_y=&#8220;0&#8243; z_index=&#8220;2&#8243; limit_content=&#8220;&#8220;][vc_column_inner column_width_percent=&#8220;100&#8243; gutter_size=&#8220;3&#8243; override_padding=&#8220;yes&#8220; column_padding=&#8220;2&#8243; overlay_alpha=&#8220;50&#8243; shift_x=&#8220;0&#8243; shift_y=&#8220;0&#8243; shift_y_down=&#8220;0&#8243; z_index=&#8220;0&#8243; medium_width=&#8220;0&#8243; mobile_width=&#8220;0&#8243; width=&#8220;1\/2&#8243;][vc_custom_heading heading_semantic=&#8220;h3&#8243; text_transform=&#8220;uppercase&#8220; css_animation=&#8220;alpha-anim&#8220; uncode_shortcode_id=&#8220;105142&#8243;]<strong>PROMANI: DIE EVOLUTION EINER IDEE<\/strong>[\/vc_custom_heading][vc_column_text css_animation=&#8220;alpha-anim&#8220; uncode_shortcode_id=&#8220;204826&#8243;]Perfekt sowohl f\u00fcr Profis als auch f\u00fcr DIY-Enthusiasten, zeichnen sich unsere T\u00fcrrahmen durch Qualit\u00e4t, Zuverl\u00e4ssigkeit und Praktikabilit\u00e4t aus. Dank unserer ma\u00dfgeschneiderten L\u00f6sungen k\u00f6nnen Sie den Raum einfach und effektiv optimieren und so Funktionalit\u00e4t in jedem Detail gew\u00e4hrleisten. Entdecken Sie unsere Vorschl\u00e4ge und verwandeln Sie jedes Ambiente mit Stil und Vielseitigkeit.[\/vc_column_text][vc_single_image media=&#8220;75541&#8243; media_width_percent=&#8220;100&#8243; alignment=&#8220;center&#8220; uncode_shortcode_id=&#8220;188537&#8243;][vc_custom_heading heading_semantic=&#8220;h3&#8243; text_transform=&#8220;uppercase&#8220; css_animation=&#8220;alpha-anim&#8220; uncode_shortcode_id=&#8220;205287&#8243;]<strong>Promani innovative Systeme<\/strong>[\/vc_custom_heading][vc_column_text css_animation=&#8220;alpha-anim&#8220; uncode_shortcode_id=&#8220;158501&#8243;]Die Details und technischen L\u00f6sungen, die gew\u00e4hlt wurden, machen den Unterschied in Bezug auf Praktikabilit\u00e4t und Leistung, sowohl w\u00e4hrend der Nutzung als auch bei der Installation der Schiebet\u00fcr. Es ist so intuitiv, dass du es ganz einfach selbst montieren kannst![\/vc_column_text][vc_empty_space][vc_single_image media=&#8220;75535&#8243; media_width_percent=&#8220;100&#8243; alignment=&#8220;center&#8220; uncode_shortcode_id=&#8220;412818&#8243;][\/vc_column_inner][\/vc_row_inner][vc_row_inner limit_content=&#8220;&#8220;][vc_column_inner column_width_percent=&#8220;100&#8243; align_horizontal=&#8220;align_center&#8220; gutter_size=&#8220;3&#8243; overlay_alpha=&#8220;50&#8243; shift_x=&#8220;0&#8243; shift_y=&#8220;0&#8243; shift_y_down=&#8220;0&#8243; z_index=&#8220;0&#8243; medium_width=&#8220;0&#8243; mobile_width=&#8220;0&#8243; css_animation=&#8220;bottom-t-top&#8220; width=&#8220;1\/3&#8243;][vc_single_image media=&#8220;74082&#8243; media_width_percent=&#8220;100&#8243; media_link=&#8220;url:https%3A%2F%2Fwww.pro-mani.com%2Fprodotti%2Ftelai-scorrevoli%2Ffine-telaio-per-porta-scorrevole-in-alluminio-con-finitura-filo-muro%2F|||&#8220;][vc_custom_heading text_size=&#8220;h3&#8243; text_transform=&#8220;uppercase&#8220; uncode_shortcode_id=&#8220;188194&#8243;]<strong><a href=\"https:\/\/www.pro-mani.com\/de\/fine-schiebetuerelement-komplett\/\">FINE<\/a><\/strong>[\/vc_custom_heading][vc_column_text el_class=&#8220;nomargin&#8220; uncode_shortcode_id=&#8220;203812&#8243;]<strong><a href=\"https:\/\/www.pro-mani.com\/de\/fine-schiebetuerelement-komplett\/\">Schiebet\u00fcrrahmen<\/a><\/strong><br \/>\nganz aus Aluminium<br \/>\nmit Wandb\u00fcndiger Oberfl\u00e4che[\/vc_column_text][\/vc_column_inner][vc_column_inner column_width_percent=&#8220;100&#8243; align_horizontal=&#8220;align_center&#8220; gutter_size=&#8220;3&#8243; overlay_alpha=&#8220;50&#8243; shift_x=&#8220;0&#8243; shift_y=&#8220;0&#8243; shift_y_down=&#8220;0&#8243; z_index=&#8220;0&#8243; medium_width=&#8220;0&#8243; mobile_width=&#8220;0&#8243; css_animation=&#8220;bottom-t-top&#8220; width=&#8220;1\/3&#8243;][vc_single_image media=&#8220;74078&#8243; media_width_percent=&#8220;100&#8243; media_link=&#8220;url:https%3A%2F%2Fwww.pro-mani.com%2Fprodotti%2Ftelai-scorrevoli%2Fone-telaio-per-porta-scorrevole-interamente-in-acciaio-con-stipiti%2F|||&#8220;][vc_custom_heading text_size=&#8220;h3&#8243; text_transform=&#8220;uppercase&#8220; uncode_shortcode_id=&#8220;919860&#8243;]<a href=\"https:\/\/www.pro-mani.com\/de\/one-schiebetuerelement-vollstaendig\/\">ONE<\/a>[\/vc_custom_heading][vc_column_text el_class=&#8220;nomargin&#8220; uncode_shortcode_id=&#8220;104327&#8243;]<strong><a href=\"https:\/\/www.pro-mani.com\/de\/one-schiebetuerelement-vollstaendig\/\">Schiebet\u00fcrrahmen<\/a><\/strong><br \/>\nganz aus verzinktem Stahl mit Zargen[\/vc_column_text][\/vc_column_inner][\/vc_row_inner][\/vc_column][\/vc_row]<\/p>\n<\/div>","protected":false},"excerpt":{"rendered":"<p>[vc_row row_height_percent=&#8220;0&#8243; overlay_alpha=&#8220;50&#8243; gutter_size=&#8220;3&#8243; column_width_percent=&#8220;100&#8243; shift_y=&#8220;-5&#8243; z_index=&#8220;0&#8243; medium_visibility=&#8220;yes&#8220; mobile_visibility=&#8220;yes&#8220; content_parallax=&#8220;0&#8243; uncode_shortcode_id=&#8220;104348&#8243;][vc_column column_width_percent=&#8220;100&#8243; gutter_size=&#8220;3&#8243; overlay_alpha=&#8220;50&#8243; shift_x=&#8220;0&#8243; shift_y=&#8220;0&#8243; shift_y_down=&#8220;0&#8243; z_index=&#8220;0&#8243; medium_width=&#8220;0&#8243; mobile_width=&#8220;0&#8243; [&hellip;]<\/p>\n","protected":false},"author":9,"featured_media":0,"parent":0,"menu_order":1,"comment_status":"closed","ping_status":"closed","template":"","meta":{"_acf_changed":false,"sfsi_plus_gutenberg_text_before_share":"","sfsi_plus_gutenberg_show_text_before_share":"","sfsi_plus_gutenberg_icon_type":"","sfsi_plus_gutenberg_icon_alignemt":"","sfsi_plus_gutenburg_max_per_row":"","footnotes":""},"class_list":["post-76395","page","type-page","status-publish","hentry"],"acf":[],"_links":{"self":[{"href":"https:\/\/www.pro-mani.com\/de\/wp-json\/wp\/v2\/pages\/76395","targetHints":{"allow":["GET"]}}],"collection":[{"href":"https:\/\/www.pro-mani.com\/de\/wp-json\/wp\/v2\/pages"}],"about":[{"href":"https:\/\/www.pro-mani.com\/de\/wp-json\/wp\/v2\/types\/page"}],"author":[{"embeddable":true,"href":"https:\/\/www.pro-mani.com\/de\/wp-json\/wp\/v2\/users\/9"}],"replies":[{"embeddable":true,"href":"https:\/\/www.pro-mani.com\/de\/wp-json\/wp\/v2\/comments?post=76395"}],"version-history":[{"count":20,"href":"https:\/\/www.pro-mani.com\/de\/wp-json\/wp\/v2\/pages\/76395\/revisions"}],"predecessor-version":[{"id":77753,"href":"https:\/\/www.pro-mani.com\/de\/wp-json\/wp\/v2\/pages\/76395\/revisions\/77753"}],"wp:attachment":[{"href":"https:\/\/www.pro-mani.com\/de\/wp-json\/wp\/v2\/media?parent=76395"}],"curies":[{"name":"wp","href":"https:\/\/api.w.org\/{rel}","templated":true}]}}