{"id":76630,"date":"2025-02-06T12:30:34","date_gmt":"2025-02-06T11:30:34","guid":{"rendered":"https:\/\/www.pro-mani.com\/?page_id=76630"},"modified":"2025-03-14T10:24:42","modified_gmt":"2025-03-14T09:24:42","slug":"giant-one","status":"publish","type":"page","link":"https:\/\/www.pro-mani.com\/de\/giant-one\/","title":{"rendered":"Giant One"},"content":{"rendered":"<div class=\"wpb-content-wrapper\"><p>[vc_row][vc_column column_width_percent=&#8220;100&#8243; align_horizontal=&#8220;align_center&#8220; gutter_size=&#8220;3&#8243; overlay_alpha=&#8220;50&#8243; shift_x=&#8220;0&#8243; shift_y=&#8220;0&#8243; shift_y_down=&#8220;0&#8243; z_index=&#8220;0&#8243; medium_width=&#8220;0&#8243; mobile_width=&#8220;0&#8243; width=&#8220;1\/2&#8243;][vc_single_image media=&#8220;77279&#8243; media_width_percent=&#8220;100&#8243; uncode_shortcode_id=&#8220;116850&#8243;][\/vc_column][vc_column width=&#8220;1\/2&#8243;][vc_custom_heading]<\/p>\n<h1 style=\"text-align: center;\"><strong>GIANT ONE<\/strong><\/h1>\n<p>[vc_column_text uncode_shortcode_id=&#8220;234063&#8243;]<\/p>\n<p>Das Zubeh\u00f6r GIANT f\u00fcr Sonderh\u00f6hen ist die ideale L\u00f6sung f\u00fcr jeden ONE-Einbaurahmen und erm\u00f6glicht au\u00dfergew\u00f6hnliche H\u00f6hen von bis zu 2,70 Metern. Diese innovative Erg\u00e4nzung bietet eine einzigartige M\u00f6glichkeit f\u00fcr diejenigen, die Schiebet\u00fcren mit Sonderma\u00dfen installieren m\u00f6chten, ohne die Qualit\u00e4t und Funktionalit\u00e4t des Systems zu beeintr\u00e4chtigen.<\/p>\n<p>GIANT wurde entwickelt, um die Installation zu vereinfachen und die Montagezeit zu verk\u00fcrzen. Es bietet eine praktische und schnelle L\u00f6sung f\u00fcr besonders hohe Schiebet\u00fcren. Mit diesem Zubeh\u00f6r kann ein ONE-Einbaurahmen problemlos in ein XXL-System umgewandelt werden, das sich an gr\u00f6\u00dfere R\u00e4ume und spezielle Anforderungen anpassen l\u00e4sst \u2013 ohne aufwendige Modifikationen oder teure Sonderanfertigungen.<\/p>\n<p>Die robuste und widerstandsf\u00e4hige Struktur in Kombination mit der einfachen Installation macht GIANT zur perfekten Wahl f\u00fcr alle, die ein \u00e4sthetisch ansprechendes und funktionales Endergebnis w\u00fcnschen, mit dem Vorteil eines schnellen Montageprozesses. Mit GIANT werden Schiebet\u00fcren nicht nur zu einem Designelement, sondern auch zu einer praktischen und vielseitigen L\u00f6sung f\u00fcr gro\u00dfe R\u00e4ume.<\/p>\n<p>[\/vc_column_text][\/vc_column][\/vc_row][vc_row][vc_column width=&#8220;1\/1&#8243;][vc_single_image media=&#8220;75267&#8243; media_width_percent=&#8220;100&#8243; uncode_shortcode_id=&#8220;132810&#8243;][\/vc_column][\/vc_row][vc_row][vc_column column_width_percent=&#8220;100&#8243; align_horizontal=&#8220;align_center&#8220; gutter_size=&#8220;3&#8243; overlay_alpha=&#8220;50&#8243; shift_x=&#8220;0&#8243; shift_y=&#8220;0&#8243; shift_y_down=&#8220;0&#8243; z_index=&#8220;0&#8243; medium_width=&#8220;0&#8243; mobile_width=&#8220;0&#8243; width=&#8220;1\/1&#8243;][vc_empty_space empty_h=&#8220;2&#8243;][vc_button border_width=&#8220;0&#8243; link=&#8220;url:https%3A%2F%2Fwww.pro-mani.com%2Fwp-content%2Fuploads%2F2020%2F02%2FGIANT_ONE_ISTRUZIONI-DI-MONTAGGIO.pdf|target:%20_blank|&#8220; uncode_shortcode_id=&#8220;104087&#8243;]Montageanleitung[\/vc_button][vc_empty_space empty_h=&#8220;2&#8243;][\/vc_column][\/vc_row]<\/p>\n<\/div>","protected":false},"excerpt":{"rendered":"<p>[vc_row][vc_column column_width_percent=&#8220;100&#8243; align_horizontal=&#8220;align_center&#8220; gutter_size=&#8220;3&#8243; overlay_alpha=&#8220;50&#8243; shift_x=&#8220;0&#8243; shift_y=&#8220;0&#8243; shift_y_down=&#8220;0&#8243; z_index=&#8220;0&#8243; medium_width=&#8220;0&#8243; mobile_width=&#8220;0&#8243; width=&#8220;1\/2&#8243;][vc_single_image media=&#8220;77279&#8243; media_width_percent=&#8220;100&#8243; uncode_shortcode_id=&#8220;116850&#8243;][\/vc_column][vc_column width=&#8220;1\/2&#8243;][vc_custom_heading] GIANT ONE [vc_column_text uncode_shortcode_id=&#8220;234063&#8243;] [&hellip;]<\/p>\n","protected":false},"author":9,"featured_media":0,"parent":0,"menu_order":0,"comment_status":"closed","ping_status":"closed","template":"","meta":{"_acf_changed":false,"sfsi_plus_gutenberg_text_before_share":"","sfsi_plus_gutenberg_show_text_before_share":"","sfsi_plus_gutenberg_icon_type":"","sfsi_plus_gutenberg_icon_alignemt":"","sfsi_plus_gutenburg_max_per_row":"","footnotes":""},"class_list":["post-76630","page","type-page","status-publish","hentry"],"acf":[],"_links":{"self":[{"href":"https:\/\/www.pro-mani.com\/de\/wp-json\/wp\/v2\/pages\/76630","targetHints":{"allow":["GET"]}}],"collection":[{"href":"https:\/\/www.pro-mani.com\/de\/wp-json\/wp\/v2\/pages"}],"about":[{"href":"https:\/\/www.pro-mani.com\/de\/wp-json\/wp\/v2\/types\/page"}],"author":[{"embeddable":true,"href":"https:\/\/www.pro-mani.com\/de\/wp-json\/wp\/v2\/users\/9"}],"replies":[{"embeddable":true,"href":"https:\/\/www.pro-mani.com\/de\/wp-json\/wp\/v2\/comments?post=76630"}],"version-history":[{"count":9,"href":"https:\/\/www.pro-mani.com\/de\/wp-json\/wp\/v2\/pages\/76630\/revisions"}],"predecessor-version":[{"id":77820,"href":"https:\/\/www.pro-mani.com\/de\/wp-json\/wp\/v2\/pages\/76630\/revisions\/77820"}],"wp:attachment":[{"href":"https:\/\/www.pro-mani.com\/de\/wp-json\/wp\/v2\/media?parent=76630"}],"curies":[{"name":"wp","href":"https:\/\/api.w.org\/{rel}","templated":true}]}}