{"id":76638,"date":"2025-02-06T12:33:17","date_gmt":"2025-02-06T11:33:17","guid":{"rendered":"https:\/\/www.pro-mani.com\/?page_id=76638"},"modified":"2025-03-14T10:42:31","modified_gmt":"2025-03-14T09:42:31","slug":"unsere-mission-hochwertige-loesungen-fuer-ihre-projekte","status":"publish","type":"page","link":"https:\/\/www.pro-mani.com\/de\/unsere-mission-hochwertige-loesungen-fuer-ihre-projekte\/","title":{"rendered":"Unsere Mission \u2013 Hochwertige L\u00f6sungen f\u00fcr Ihre Projekte"},"content":{"rendered":"<div class=\"wpb-content-wrapper\"><p>[vc_row row_height_percent=&#8220;0&#8243; override_padding=&#8220;yes&#8220; h_padding=&#8220;2&#8243; top_padding=&#8220;2&#8243; bottom_padding=&#8220;3&#8243; overlay_alpha=&#8220;50&#8243; gutter_size=&#8220;3&#8243; column_width_percent=&#8220;100&#8243; shift_y=&#8220;0&#8243; z_index=&#8220;0&#8243; medium_visibility=&#8220;yes&#8220; mobile_visibility=&#8220;yes&#8220; content_parallax=&#8220;0&#8243; uncode_shortcode_id=&#8220;161470&#8243;][vc_column column_width_percent=&#8220;100&#8243; gutter_size=&#8220;3&#8243; overlay_alpha=&#8220;50&#8243; shift_x=&#8220;0&#8243; shift_y=&#8220;0&#8243; shift_y_down=&#8220;0&#8243; z_index=&#8220;0&#8243; medium_width=&#8220;0&#8243; mobile_width=&#8220;0&#8243; css_animation=&#8220;alpha-anim&#8220; width=&#8220;1\/3&#8243;][vc_single_image media=&#8220;76529&#8243; media_width_percent=&#8220;60&#8243; alignment=&#8220;center&#8220; uncode_shortcode_id=&#8220;212733&#8243;][vc_empty_space empty_h=&#8220;2&#8243;][vc_empty_space empty_h=&#8220;2&#8243;][vc_empty_space empty_h=&#8220;2&#8243;][vc_custom_heading heading_semantic=&#8220;h5&#8243; text_size=&#8220;h5&#8243; text_weight=&#8220;300&#8243; text_transform=&#8220;uppercase&#8220; sub_reduced=&#8220;yes&#8220; el_class=&#8220;subtitle_insidepade&#8220; uncode_shortcode_id=&#8220;165476&#8243;]Innovation und Einfachheit[\/vc_custom_heading][vc_empty_space empty_h=&#8220;2&#8243;][vc_empty_space empty_h=&#8220;2&#8243;][vc_empty_space empty_h=&#8220;2&#8243;][vc_empty_space empty_h=&#8220;2&#8243;][vc_empty_space empty_h=&#8220;2&#8243;][vc_custom_heading heading_semantic=&#8220;h5&#8243; text_size=&#8220;h5&#8243; text_weight=&#8220;300&#8243; text_transform=&#8220;uppercase&#8220; sub_reduced=&#8220;yes&#8220; el_class=&#8220;subtitle_insidepade&#8220; uncode_shortcode_id=&#8220;535881&#8243;]Ein Produkt, das f\u00fcr alle gedacht ist[\/vc_custom_heading][vc_empty_space empty_h=&#8220;2&#8243;][vc_empty_space empty_h=&#8220;2&#8243;][vc_empty_space empty_h=&#8220;2&#8243;][vc_empty_space empty_h=&#8220;2&#8243;][vc_custom_heading heading_semantic=&#8220;h5&#8243; text_size=&#8220;h5&#8243; text_weight=&#8220;300&#8243; text_transform=&#8220;uppercase&#8220; sub_reduced=&#8220;yes&#8220; el_class=&#8220;subtitle_insidepade&#8220; uncode_shortcode_id=&#8220;804831&#8243;]Elegante und funktionale L\u00f6sungen f\u00fcr jede Umgebung[\/vc_custom_heading][vc_empty_space empty_h=&#8220;2&#8243;][vc_empty_space empty_h=&#8220;2&#8243;][vc_empty_space empty_h=&#8220;2&#8243;][vc_custom_heading heading_semantic=&#8220;h5&#8243; text_size=&#8220;h5&#8243; text_weight=&#8220;300&#8243; text_transform=&#8220;uppercase&#8220; sub_reduced=&#8220;yes&#8220; el_class=&#8220;subtitle_insidepade&#8220; uncode_shortcode_id=&#8220;928851&#8243;]Schnelle Installation und vollst\u00e4ndige Anpassung[\/vc_custom_heading][vc_empty_space empty_h=&#8220;2&#8243;][\/vc_column][vc_column column_width_percent=&#8220;100&#8243; gutter_size=&#8220;3&#8243; overlay_alpha=&#8220;50&#8243; shift_x=&#8220;0&#8243; shift_y=&#8220;0&#8243; shift_y_down=&#8220;0&#8243; z_index=&#8220;0&#8243; medium_width=&#8220;0&#8243; mobile_width=&#8220;0&#8243; css_animation=&#8220;alpha-anim&#8220; width=&#8220;2\/3&#8243;][vc_empty_space empty_h=&#8220;2&#8243;][vc_column_text text_color=&#8220;color-jevc&#8220; uncode_shortcode_id=&#8220;157856&#8243; text_color_type=&#8220;uncode-palette&#8220;]<em>&#8222;Promani ist der ideale Partner f\u00fcr Unterkonstruktionen und Zubeh\u00f6r f\u00fcr Schiebet\u00fcren und vereint Innovation, \u00c4sthetik und Funktionalit\u00e4t.&#8220;<\/em>[\/vc_column_text][vc_empty_space empty_h=&#8220;2&#8243;][vc_column_text uncode_shortcode_id=&#8220;111020&#8243;]Promani entstand aus jahrelanger Erfahrung im Bereich des Leichtbaus und dem Wunsch, konkrete L\u00f6sungen f\u00fcr die Installation von Schiebet\u00fcrsystemen anzubieten. Der st\u00e4ndige Austausch mit den Anforderungen des Marktes f\u00fchrte zur Entwicklung und Patentierung eines innovativen Rahmens, der Anpassungsf\u00e4higkeit, Leistung und eine nie dagewesene Installationsfreundlichkeit vereint.[\/vc_column_text][vc_empty_space empty_h=&#8220;2&#8243;][vc_column_text uncode_shortcode_id=&#8220;108245&#8243;]Das Hauptmerkmal unserer Rahmen ist ihre intuitive Installation, die sowohl f\u00fcr Fachleute als auch f\u00fcr DIY-Enthusiasten zug\u00e4nglich ist. Aktuelle Trends im Interior Design favorisieren zunehmend L\u00f6sungen, die selbstst\u00e4ndig gekauft und montiert werden k\u00f6nnen: Unsere Mission ist genau das, ein System anzubieten, das einfach zu installieren ist, ohne Qualit\u00e4t und Zuverl\u00e4ssigkeit zu beeintr\u00e4chtigen.[\/vc_column_text][vc_empty_space empty_h=&#8220;2&#8243;][vc_column_text uncode_shortcode_id=&#8220;105367&#8243;]Die Promani-Unterkonstruktionen erm\u00f6glichen es, Wohnr\u00e4ume, B\u00fcros und \u00f6ffentliche Orte mit versenkbaren Wandsystemen oder mit Zargen zu optimieren und zu erneuern. Das Ergebnis? Ein sauberes und elegantes Design, das in Bezug auf Ma\u00dfe, Oberfl\u00e4chen und Zubeh\u00f6r hochgradig anpassbar ist und sich sowohl perfekt f\u00fcr private als auch kommerzielle R\u00e4ume eignet.[\/vc_column_text][vc_empty_space empty_h=&#8220;2&#8243;][vc_column_text uncode_shortcode_id=&#8220;160310&#8243;]Dank des innovativen Promani-Kits k\u00f6nnen sowohl Privatpersonen als auch Fachtechniker die Installation der Schiebet\u00fcr in wenigen Minuten abschlie\u00dfen. Um das System zu vervollst\u00e4ndigen, bieten wir eine Reihe von Zubeh\u00f6rteilen an, mit denen die Schiebet\u00fcr nach Belieben personalisiert werden kann.[\/vc_column_text][vc_empty_space empty_h=&#8220;2&#8243;][\/vc_column][\/vc_row][vc_row unlock_row_content=&#8220;yes&#8220; row_height_percent=&#8220;0&#8243; override_padding=&#8220;yes&#8220; h_padding=&#8220;2&#8243; top_padding=&#8220;4&#8243; bottom_padding=&#8220;4&#8243; overlay_alpha=&#8220;50&#8243; gutter_size=&#8220;3&#8243; column_width_percent=&#8220;100&#8243; shift_y=&#8220;0&#8243; z_index=&#8220;0&#8243; medium_visibility=&#8220;yes&#8220; mobile_visibility=&#8220;yes&#8220; content_parallax=&#8220;0&#8243; row_name=&#8220;Gallery&#8220; uncode_shortcode_id=&#8220;827704&#8243;][vc_column column_width_use_pixel=&#8220;yes&#8220; position_vertical=&#8220;justify&#8220; align_horizontal=&#8220;align_center&#8220; gutter_size=&#8220;3&#8243; style=&#8220;dark&#8220; back_color=&#8220;color-wayh&#8220; overlay_alpha=&#8220;50&#8243; radius=&#8220;std&#8220; shift_x=&#8220;0&#8243; shift_y=&#8220;0&#8243; shift_y_down=&#8220;0&#8243; z_index=&#8220;0&#8243; medium_width=&#8220;0&#8243; mobile_width=&#8220;0&#8243; zoom_width=&#8220;0&#8243; zoom_height=&#8220;0&#8243; column_width_pixel=&#8220;1400&#8243; uncode_shortcode_id=&#8220;411917&#8243; back_color_type=&#8220;uncode-palette&#8220;][vc_gallery el_id=&#8220;gallery-47626&#8243; type=&#8220;carousel&#8220; medias=&#8220;73839,73837,73836,73841,73838,73840&#8243; gallery_back_color=&#8220;color-390384&#8243; carousel_lg=&#8220;3&#8243; carousel_md=&#8220;2&#8243; carousel_sm=&#8220;1&#8243; gutter_size=&#8220;2&#8243; media_items=&#8220;media,icon&#8220; carousel_v_align=&#8220;middle&#8220; carousel_type=&#8220;fade&#8220; carousel_interval=&#8220;3000&#8243; carousel_navspeed=&#8220;400&#8243; carousel_loop=&#8220;yes&#8220; carousel_dots=&#8220;yes&#8220; stage_padding=&#8220;0&#8243; single_back_color=&#8220;color-g&#8220; single_overlay_opacity=&#8220;50&#8243; single_image_anim=&#8220;no&#8220; single_h_align=&#8220;center&#8220; single_padding=&#8220;2&#8243; single_icon=&#8220;fa fa-search3&#8243; single_shadow=&#8220;yes&#8220; single_border=&#8220;yes&#8220; carousel_rtl=&#8220;&#8220; single_title_uppercase=&#8220;&#8220; uncode_shortcode_id=&#8220;148063&#8243; gallery_back_color_type=&#8220;uncode-palette&#8220;][\/vc_column][\/vc_row][vc_row row_height_percent=&#8220;0&#8243; override_padding=&#8220;yes&#8220; h_padding=&#8220;2&#8243; top_padding=&#8220;2&#8243; bottom_padding=&#8220;3&#8243; overlay_alpha=&#8220;50&#8243; gutter_size=&#8220;3&#8243; column_width_percent=&#8220;100&#8243; shift_y=&#8220;0&#8243; z_index=&#8220;0&#8243; desktop_visibility=&#8220;yes&#8220; content_parallax=&#8220;0&#8243; uncode_shortcode_id=&#8220;105258&#8243;][vc_column column_width_percent=&#8220;100&#8243; gutter_size=&#8220;3&#8243; overlay_alpha=&#8220;50&#8243; shift_x=&#8220;0&#8243; shift_y=&#8220;0&#8243; shift_y_down=&#8220;0&#8243; z_index=&#8220;0&#8243; medium_width=&#8220;0&#8243; mobile_width=&#8220;0&#8243; css_animation=&#8220;alpha-anim&#8220; width=&#8220;1\/3&#8243;][vc_single_image media=&#8220;76529&#8243; media_width_percent=&#8220;20&#8243; alignment=&#8220;center&#8220; uncode_shortcode_id=&#8220;379941&#8243;][vc_empty_space empty_h=&#8220;2&#8243;][vc_column_text text_color=&#8220;color-jevc&#8220; uncode_shortcode_id=&#8220;583635&#8243; text_color_type=&#8220;uncode-palette&#8220;]<\/p>\n<p style=\"text-align: center;\"><em>&#8222;Promani ist der ideale Partner f\u00fcr Unterkonstruktionen und Zubeh\u00f6r f\u00fcr Schiebet\u00fcren und vereint Innovation, \u00c4sthetik und Funktionalit\u00e4t.&#8220;<\/em><\/p>\n<p>[\/vc_column_text][vc_empty_space empty_h=&#8220;2&#8243;][vc_custom_heading heading_semantic=&#8220;h5&#8243; text_size=&#8220;h5&#8243; text_weight=&#8220;300&#8243; text_transform=&#8220;uppercase&#8220; sub_reduced=&#8220;yes&#8220; el_class=&#8220;subtitle_insidepade&#8220; uncode_shortcode_id=&#8220;165476&#8243;]Innovation und Einfachheit[\/vc_custom_heading][vc_column_text uncode_shortcode_id=&#8220;111020&#8243;]Promani entstand aus jahrelanger Erfahrung im Bereich des Leichtbaus und dem Wunsch, konkrete L\u00f6sungen f\u00fcr die Installation von Schiebet\u00fcrsystemen anzubieten. Der st\u00e4ndige Austausch mit den Anforderungen des Marktes f\u00fchrte zur Entwicklung und Patentierung eines innovativen Rahmens, der Anpassungsf\u00e4higkeit, Leistung und eine nie dagewesene Installationsfreundlichkeit vereint.[\/vc_column_text][vc_empty_space empty_h=&#8220;2&#8243;][vc_custom_heading heading_semantic=&#8220;h5&#8243; text_size=&#8220;h5&#8243; text_weight=&#8220;300&#8243; text_transform=&#8220;uppercase&#8220; sub_reduced=&#8220;yes&#8220; el_class=&#8220;subtitle_insidepade&#8220; uncode_shortcode_id=&#8220;535881&#8243;]Ein Produkt, das f\u00fcr alle gedacht ist[\/vc_custom_heading][vc_column_text uncode_shortcode_id=&#8220;108245&#8243;]Das Hauptmerkmal unserer Rahmen ist ihre intuitive Installation, die sowohl f\u00fcr Fachleute als auch f\u00fcr DIY-Enthusiasten zug\u00e4nglich ist. Aktuelle Trends im Interior Design favorisieren zunehmend L\u00f6sungen, die selbstst\u00e4ndig gekauft und montiert werden k\u00f6nnen: Unsere Mission ist genau das, ein System anzubieten, das einfach zu installieren ist, ohne Qualit\u00e4t und Zuverl\u00e4ssigkeit zu beeintr\u00e4chtigen.[\/vc_column_text][vc_empty_space empty_h=&#8220;2&#8243;][vc_empty_space empty_h=&#8220;2&#8243;][vc_custom_heading heading_semantic=&#8220;h5&#8243; text_size=&#8220;h5&#8243; text_weight=&#8220;300&#8243; text_transform=&#8220;uppercase&#8220; sub_reduced=&#8220;yes&#8220; el_class=&#8220;subtitle_insidepade&#8220; uncode_shortcode_id=&#8220;804831&#8243;]Elegante und funktionale L\u00f6sungen f\u00fcr jede Umgebung[\/vc_custom_heading][vc_column_text uncode_shortcode_id=&#8220;105367&#8243;]Die Promani-Unterkonstruktionen erm\u00f6glichen es, Wohnr\u00e4ume, B\u00fcros und \u00f6ffentliche Orte mit versenkbaren Wandsystemen oder mit Zargen zu optimieren und zu erneuern. Das Ergebnis? Ein sauberes und elegantes Design, das in Bezug auf Ma\u00dfe, Oberfl\u00e4chen und Zubeh\u00f6r hochgradig anpassbar ist und sich sowohl perfekt f\u00fcr private als auch kommerzielle R\u00e4ume eignet.[\/vc_column_text][vc_empty_space empty_h=&#8220;2&#8243;][vc_custom_heading heading_semantic=&#8220;h5&#8243; text_size=&#8220;h5&#8243; text_weight=&#8220;300&#8243; text_transform=&#8220;uppercase&#8220; sub_reduced=&#8220;yes&#8220; el_class=&#8220;subtitle_insidepade&#8220; uncode_shortcode_id=&#8220;928851&#8243;]Schnelle Installation und vollst\u00e4ndige Anpassung[\/vc_custom_heading][vc_column_text uncode_shortcode_id=&#8220;160310&#8243;]Dank des innovativen Promani-Kits k\u00f6nnen sowohl Privatpersonen als auch Fachtechniker die Installation der Schiebet\u00fcr in wenigen Minuten abschlie\u00dfen. Um das System zu vervollst\u00e4ndigen, bieten wir eine Reihe von Zubeh\u00f6rteilen an, mit denen die Schiebet\u00fcr nach Belieben personalisiert werden kann.[\/vc_column_text][vc_gallery el_id=&#8220;gallery-47626&#8243; type=&#8220;carousel&#8220; medias=&#8220;73839,73837,73836,73841,73838,73840&#8243; gallery_back_color=&#8220;color-390384&#8243; carousel_lg=&#8220;3&#8243; carousel_md=&#8220;2&#8243; carousel_sm=&#8220;1&#8243; gutter_size=&#8220;2&#8243; media_items=&#8220;media,icon&#8220; carousel_v_align=&#8220;middle&#8220; carousel_type=&#8220;fade&#8220; carousel_interval=&#8220;3000&#8243; carousel_navspeed=&#8220;400&#8243; carousel_loop=&#8220;yes&#8220; carousel_dots=&#8220;yes&#8220; stage_padding=&#8220;0&#8243; single_back_color=&#8220;color-g&#8220; single_overlay_opacity=&#8220;50&#8243; single_image_anim=&#8220;no&#8220; single_h_align=&#8220;center&#8220; single_padding=&#8220;2&#8243; single_icon=&#8220;fa fa-search3&#8243; single_shadow=&#8220;yes&#8220; single_border=&#8220;yes&#8220; carousel_rtl=&#8220;&#8220; single_title_uppercase=&#8220;&#8220; uncode_shortcode_id=&#8220;148063&#8243; gallery_back_color_type=&#8220;uncode-palette&#8220;][\/vc_column][\/vc_row]<\/p>\n<\/div>","protected":false},"excerpt":{"rendered":"<p>[vc_row row_height_percent=&#8220;0&#8243; override_padding=&#8220;yes&#8220; h_padding=&#8220;2&#8243; top_padding=&#8220;2&#8243; bottom_padding=&#8220;3&#8243; overlay_alpha=&#8220;50&#8243; gutter_size=&#8220;3&#8243; column_width_percent=&#8220;100&#8243; shift_y=&#8220;0&#8243; z_index=&#8220;0&#8243; medium_visibility=&#8220;yes&#8220; mobile_visibility=&#8220;yes&#8220; content_parallax=&#8220;0&#8243; uncode_shortcode_id=&#8220;161470&#8243;][vc_column column_width_percent=&#8220;100&#8243; gutter_size=&#8220;3&#8243; overlay_alpha=&#8220;50&#8243; shift_x=&#8220;0&#8243; shift_y=&#8220;0&#8243; [&hellip;]<\/p>\n","protected":false},"author":9,"featured_media":0,"parent":0,"menu_order":20,"comment_status":"closed","ping_status":"closed","template":"","meta":{"_acf_changed":false,"sfsi_plus_gutenberg_text_before_share":"","sfsi_plus_gutenberg_show_text_before_share":"","sfsi_plus_gutenberg_icon_type":"","sfsi_plus_gutenberg_icon_alignemt":"","sfsi_plus_gutenburg_max_per_row":"","footnotes":""},"class_list":["post-76638","page","type-page","status-publish","hentry"],"acf":[],"_links":{"self":[{"href":"https:\/\/www.pro-mani.com\/de\/wp-json\/wp\/v2\/pages\/76638","targetHints":{"allow":["GET"]}}],"collection":[{"href":"https:\/\/www.pro-mani.com\/de\/wp-json\/wp\/v2\/pages"}],"about":[{"href":"https:\/\/www.pro-mani.com\/de\/wp-json\/wp\/v2\/types\/page"}],"author":[{"embeddable":true,"href":"https:\/\/www.pro-mani.com\/de\/wp-json\/wp\/v2\/users\/9"}],"replies":[{"embeddable":true,"href":"https:\/\/www.pro-mani.com\/de\/wp-json\/wp\/v2\/comments?post=76638"}],"version-history":[{"count":11,"href":"https:\/\/www.pro-mani.com\/de\/wp-json\/wp\/v2\/pages\/76638\/revisions"}],"predecessor-version":[{"id":77825,"href":"https:\/\/www.pro-mani.com\/de\/wp-json\/wp\/v2\/pages\/76638\/revisions\/77825"}],"wp:attachment":[{"href":"https:\/\/www.pro-mani.com\/de\/wp-json\/wp\/v2\/media?parent=76638"}],"curies":[{"name":"wp","href":"https:\/\/api.w.org\/{rel}","templated":true}]}}