{"id":76648,"date":"2025-02-06T12:35:59","date_gmt":"2025-02-06T11:35:59","guid":{"rendered":"https:\/\/www.pro-mani.com\/?page_id=76648"},"modified":"2025-03-14T10:31:54","modified_gmt":"2025-03-14T09:31:54","slug":"rahmen-one-aus-verzinktem-stahl","status":"publish","type":"page","link":"https:\/\/www.pro-mani.com\/de\/rahmen-one-aus-verzinktem-stahl\/","title":{"rendered":"ONE &#8211; Schiebet\u00fcrelement vollst\u00e4ndig aus verzinktem Stahl mit Holzzargen"},"content":{"rendered":"<div class=\"wpb-content-wrapper\"><p>[vc_row row_height_percent=&#8220;0&#8243; override_padding=&#8220;yes&#8220; h_padding=&#8220;0&#8243; top_padding=&#8220;2&#8243; bottom_padding=&#8220;3&#8243; overlay_alpha=&#8220;50&#8243; gutter_size=&#8220;3&#8243; column_width_percent=&#8220;100&#8243; shift_y=&#8220;0&#8243; z_index=&#8220;0&#8243;][vc_column align_horizontal=&#8220;align_center&#8220; gutter_size=&#8220;3&#8243; overlay_alpha=&#8220;50&#8243; shift_x=&#8220;0&#8243; shift_y=&#8220;0&#8243; shift_y_down=&#8220;0&#8243; z_index=&#8220;0&#8243; medium_width=&#8220;0&#8243; mobile_width=&#8220;0&#8243; width=&#8220;1\/2&#8243;][vc_single_image media=&#8220;74114&#8243; media_width_percent=&#8220;100&#8243;][\/vc_column][vc_column width=&#8220;1\/2&#8243;][vc_empty_space empty_h=&#8220;2&#8243;][vc_custom_heading text_weight=&#8220;400&#8243; text_transform=&#8220;uppercase&#8220;]RAHMEN ONE[\/vc_custom_heading][vc_custom_heading text_color=&#8220;color-w&#8220; heading_semantic=&#8220;h5&#8243; text_size=&#8220;h5&#8243; text_weight=&#8220;300&#8243; text_transform=&#8220;uppercase&#8220; sub_reduced=&#8220;yes&#8220; el_class=&#8220;subtitle_insidepade&#8220;]RAHMEN F\u00dcR SCHIEBET\u00dcR vollst\u00e4ndig aus verzinktem Stahl mit Zargen[\/vc_custom_heading][\/vc_column][\/vc_row][vc_row][vc_column width=&#8220;1\/1&#8243;][vc_column_text uncode_shortcode_id=&#8220;210653&#8243;]ONE ist der Schiebet\u00fcrrahmen f\u00fcr Wandeinbau, der Tradition und Innovation vereint. Der Rahmen ist vollst\u00e4ndig aus verzinktem Stahl gefertigt und sieht die Verwendung von Zargen und Abdeckleisten zur Vervollst\u00e4ndigung der Durchgangs\u00f6ffnung vor. Dank seiner Vielseitigkeit passt sich der Schiebet\u00fcrrahmen ONE an jede T\u00fcr an und stellt eine praktische L\u00f6sung dar, die den t\u00e4glichen Gebrauch von Schiebet\u00fcren erm\u00f6glicht und dabei einen sauberen, harmonischen Stil im Wohnraum bewahrt.[\/vc_column_text][\/vc_column][\/vc_row][vc_row row_height_percent=&#8220;0&#8243; overlay_alpha=&#8220;50&#8243; gutter_size=&#8220;3&#8243; column_width_percent=&#8220;100&#8243; shift_y=&#8220;0&#8243; z_index=&#8220;0&#8243; content_parallax=&#8220;0&#8243; uncode_shortcode_id=&#8220;211071&#8243;][vc_column width=&#8220;1\/2&#8243;][vc_row_inner limit_content=&#8220;&#8220;][vc_column_inner width=&#8220;1\/1&#8243;][vc_gallery el_id=&#8220;gallery-561224&#8243; type=&#8220;carousel&#8220; medias=&#8220;74092,74093,74094,74095,74096,74097,74098,74099,74100,74101,74102,74103,74104,74384,74106&#8243; carousel_lg=&#8220;1&#8243; carousel_md=&#8220;1&#8243; carousel_sm=&#8220;1&#8243; gutter_size=&#8220;3&#8243; carousel_interval=&#8220;3000&#8243; carousel_navspeed=&#8220;400&#8243; carousel_loop=&#8220;yes&#8220; carousel_dots=&#8220;yes&#8220; stage_padding=&#8220;0&#8243; single_overlay_opacity=&#8220;50&#8243; single_padding=&#8220;2&#8243;][vc_empty_space empty_h=&#8220;3&#8243;][\/vc_column_inner][\/vc_row_inner][\/vc_column][vc_column width=&#8220;1\/2&#8243;][vc_custom_heading heading_semantic=&#8220;h3&#8243; text_size=&#8220;h3&#8243;]TECHNISCHE DATEN[\/vc_custom_heading][vc_row_inner limit_content=&#8220;&#8220;][vc_column_inner width=&#8220;1\/1&#8243;][vc_column_text uncode_shortcode_id=&#8220;143606&#8243;]<\/p>\n<ul>\n<li>Die Schienenentnahme ist vereinfacht<\/li>\n<li>Serienm\u00e4\u00dfige beidseitige D\u00e4mpfung<\/li>\n<li>Die Einstellung der hinteren D\u00e4mpferposition ist jederzeit m\u00f6glich<\/li>\n<li>Der obere Quertr\u00e4ger dient gleichzeitig als F\u00fchrung f\u00fcr die Trockenbaukonstruktion<\/li>\n<li>Die F\u00fchrungsschiene mit Metalleinsatz erm\u00f6glicht das reibungslose Gleiten des C-Profils<\/li>\n<li>Der obere Quertr\u00e4ger hat eine variabel vorgezeichnete Breite entsprechend der T\u00fcr\u00f6ffnung<\/li>\n<li>Die vertikalen Elemente haben eine variabel vorgezeichnete H\u00f6he entsprechend der T\u00fcr\u00f6ffnung<\/li>\n<li>Die Querstreben sind an die Breite des T\u00fcrblatts anpassbar<\/li>\n<li>Das Befestigungssystem der Querstreben ist erleichtert<\/li>\n<li>Die 100 cm H\u00f6he vom Boden ist markiert<\/li>\n<li>Die Rahmenausrichtung erfolgt \u00fcber ein Distanzprofil<\/li>\n<li>Die T\u00fcrf\u00fchrung erm\u00f6glicht eine bessere Zentrierung des T\u00fcrblatts<\/li>\n<li>Das vordere Profil ist mit einer Verbindung f\u00fcr den vertikalen Pfosten der vorhandenen Trockenbauwand ausgestattet, um die Ausrichtung zu erleichtern<\/li>\n<\/ul>\n<p>[\/vc_column_text][\/vc_column_inner][\/vc_row_inner][\/vc_column][\/vc_row][vc_row row_height_percent=&#8220;0&#8243; overlay_alpha=&#8220;50&#8243; gutter_size=&#8220;3&#8243; column_width_percent=&#8220;100&#8243; shift_y=&#8220;0&#8243; z_index=&#8220;0&#8243; content_parallax=&#8220;0&#8243; uncode_shortcode_id=&#8220;213783&#8243;][vc_column column_width_percent=&#8220;80&#8243; align_horizontal=&#8220;align_center&#8220; gutter_size=&#8220;3&#8243; overlay_alpha=&#8220;50&#8243; shift_x=&#8220;0&#8243; shift_y=&#8220;0&#8243; shift_y_down=&#8220;0&#8243; z_index=&#8220;0&#8243; medium_width=&#8220;0&#8243; mobile_width=&#8220;0&#8243; width=&#8220;1\/1&#8243;][vc_custom_heading text_weight=&#8220;400&#8243; text_transform=&#8220;uppercase&#8220;]N\u00fctzliche Informationen[\/vc_custom_heading][vc_custom_heading heading_semantic=&#8220;h5&#8243; text_size=&#8220;h5&#8243; text_weight=&#8220;400&#8243; text_transform=&#8220;uppercase&#8220;]Montageanleitung[\/vc_custom_heading][vc_row_inner row_inner_height_percent=&#8220;0&#8243; overlay_alpha=&#8220;50&#8243; gutter_size=&#8220;3&#8243; shift_y=&#8220;0&#8243; z_index=&#8220;0&#8243; el_class=&#8220;box_info_product&#8220; limit_content=&#8220;&#8220;][vc_column_inner column_width_percent=&#8220;100&#8243; position_horizontal=&#8220;right&#8220; position_vertical=&#8220;middle&#8220; align_horizontal=&#8220;align_center&#8220; gutter_size=&#8220;3&#8243; overlay_alpha=&#8220;50&#8243; shift_x=&#8220;0&#8243; shift_y=&#8220;0&#8243; shift_y_down=&#8220;0&#8243; z_index=&#8220;0&#8243; medium_width=&#8220;0&#8243; mobile_width=&#8220;0&#8243; width=&#8220;1\/2&#8243;][vc_button wide=&#8220;yes&#8220; border_width=&#8220;0&#8243; link=&#8220;url:https%3A%2F%2Fwww.pro-mani.com%2Fwp-content%2Fuploads%2F2019%2F06%2FITA615-815_ONE_ISTRUZIONI-DI-MONTAGGIO.pdf|target:%20_blank|&#8220;]Download IT615-815ONE \u00bb[\/vc_button][\/vc_column_inner][\/vc_row_inner][\/vc_column][\/vc_row]<\/p>\n<\/div>","protected":false},"excerpt":{"rendered":"<p>[vc_row row_height_percent=&#8220;0&#8243; override_padding=&#8220;yes&#8220; h_padding=&#8220;0&#8243; top_padding=&#8220;2&#8243; bottom_padding=&#8220;3&#8243; overlay_alpha=&#8220;50&#8243; gutter_size=&#8220;3&#8243; column_width_percent=&#8220;100&#8243; shift_y=&#8220;0&#8243; z_index=&#8220;0&#8243;][vc_column align_horizontal=&#8220;align_center&#8220; gutter_size=&#8220;3&#8243; overlay_alpha=&#8220;50&#8243; shift_x=&#8220;0&#8243; shift_y=&#8220;0&#8243; shift_y_down=&#8220;0&#8243; z_index=&#8220;0&#8243; medium_width=&#8220;0&#8243; mobile_width=&#8220;0&#8243; [&hellip;]<\/p>\n","protected":false},"author":9,"featured_media":0,"parent":0,"menu_order":1,"comment_status":"closed","ping_status":"closed","template":"","meta":{"_acf_changed":false,"sfsi_plus_gutenberg_text_before_share":"","sfsi_plus_gutenberg_show_text_before_share":"","sfsi_plus_gutenberg_icon_type":"","sfsi_plus_gutenberg_icon_alignemt":"","sfsi_plus_gutenburg_max_per_row":"","footnotes":""},"class_list":["post-76648","page","type-page","status-publish","hentry"],"acf":[],"_links":{"self":[{"href":"https:\/\/www.pro-mani.com\/de\/wp-json\/wp\/v2\/pages\/76648","targetHints":{"allow":["GET"]}}],"collection":[{"href":"https:\/\/www.pro-mani.com\/de\/wp-json\/wp\/v2\/pages"}],"about":[{"href":"https:\/\/www.pro-mani.com\/de\/wp-json\/wp\/v2\/types\/page"}],"author":[{"embeddable":true,"href":"https:\/\/www.pro-mani.com\/de\/wp-json\/wp\/v2\/users\/9"}],"replies":[{"embeddable":true,"href":"https:\/\/www.pro-mani.com\/de\/wp-json\/wp\/v2\/comments?post=76648"}],"version-history":[{"count":10,"href":"https:\/\/www.pro-mani.com\/de\/wp-json\/wp\/v2\/pages\/76648\/revisions"}],"predecessor-version":[{"id":77810,"href":"https:\/\/www.pro-mani.com\/de\/wp-json\/wp\/v2\/pages\/76648\/revisions\/77810"}],"wp:attachment":[{"href":"https:\/\/www.pro-mani.com\/de\/wp-json\/wp\/v2\/media?parent=76648"}],"curies":[{"name":"wp","href":"https:\/\/api.w.org\/{rel}","templated":true}]}}