{"id":76652,"date":"2025-02-06T12:37:10","date_gmt":"2025-02-06T11:37:10","guid":{"rendered":"https:\/\/www.pro-mani.com\/?page_id=76652"},"modified":"2025-03-14T10:25:46","modified_gmt":"2025-03-14T09:25:46","slug":"twin-one","status":"publish","type":"page","link":"https:\/\/www.pro-mani.com\/de\/twin-one\/","title":{"rendered":"Twin One"},"content":{"rendered":"<div class=\"wpb-content-wrapper\"><p>[vc_row][vc_column column_width_percent=&#8220;100&#8243; align_horizontal=&#8220;align_center&#8220; gutter_size=&#8220;3&#8243; overlay_alpha=&#8220;50&#8243; shift_x=&#8220;0&#8243; shift_y=&#8220;0&#8243; shift_y_down=&#8220;0&#8243; z_index=&#8220;0&#8243; medium_width=&#8220;0&#8243; mobile_width=&#8220;0&#8243; width=&#8220;1\/2&#8243;][vc_single_image media=&#8220;75366&#8243; media_width_percent=&#8220;100&#8243; uncode_shortcode_id=&#8220;671150&#8243;][\/vc_column][vc_column width=&#8220;1\/2&#8243;][vc_empty_space empty_h=&#8220;2&#8243;][vc_custom_heading]<\/p>\n<h2 style=\"text-align: center;\"><strong>TWIN ONE<\/strong><\/h2>\n<p>[\/vc_custom_heading][vc_column_text uncode_shortcode_id=&#8220;238786&#8243;]Das doppelte T\u00fcrzubeh\u00f6r TWIN erm\u00f6glicht es, zwei ONE-Rahmen zu kombinieren, um ein Schiebet\u00fcrsystem mit zwei Fl\u00fcgeln zu schaffen. Durch die Verwendung einer einfachen Schablone und spezieller D\u00fcbel ist die Montage der beiden Zargen schnell und fehlerfrei. TWIN erm\u00f6glicht eine gr\u00f6\u00dfere Durchgangsbreite und reduziert gleichzeitig die Montagezeit f\u00fcr eine praktische und effiziente L\u00f6sung.[\/vc_column_text][\/vc_column][\/vc_row][vc_row][vc_column column_width_percent=&#8220;100&#8243; align_horizontal=&#8220;align_center&#8220; gutter_size=&#8220;3&#8243; overlay_alpha=&#8220;50&#8243; shift_x=&#8220;0&#8243; shift_y=&#8220;0&#8243; shift_y_down=&#8220;0&#8243; z_index=&#8220;0&#8243; medium_width=&#8220;0&#8243; mobile_width=&#8220;0&#8243; width=&#8220;1\/1&#8243;][vc_single_image media=&#8220;75271&#8243; media_lightbox=&#8220;yes&#8220; media_width_percent=&#8220;100&#8243; media_link=&#8220;url:https%3A%2F%2Fyoutu.be%2Fio6kcVsZTTQ||target:%20_blank|&#8220;][vc_empty_space][\/vc_column][\/vc_row][vc_row row_height_percent=&#8220;12&#8243; override_padding=&#8220;yes&#8220; h_padding=&#8220;0&#8243; top_padding=&#8220;1&#8243; bottom_padding=&#8220;1&#8243; overlay_alpha=&#8220;50&#8243; gutter_size=&#8220;3&#8243; column_width_percent=&#8220;100&#8243; shift_y=&#8220;0&#8243; z_index=&#8220;0&#8243;][vc_column column_width_percent=&#8220;100&#8243; position_vertical=&#8220;middle&#8220; align_horizontal=&#8220;align_center&#8220; gutter_size=&#8220;3&#8243; overlay_alpha=&#8220;50&#8243; shift_x=&#8220;0&#8243; shift_y=&#8220;0&#8243; shift_y_down=&#8220;0&#8243; z_index=&#8220;0&#8243; medium_width=&#8220;0&#8243; mobile_width=&#8220;0&#8243; width=&#8220;1\/1&#8243;][vc_empty_space][vc_button border_width=&#8220;0&#8243; link=&#8220;url:https%3A%2F%2Fwww.pro-mani.com%2Fwp-content%2Fuploads%2F2020%2F02%2FTWINONE_ISTRUZIONI-DI-MONTAGGIO.pdf||target:%20_blank|&#8220;]Montageanleitung[\/vc_button][vc_empty_space][\/vc_column][\/vc_row]<\/p>\n<\/div>","protected":false},"excerpt":{"rendered":"<p>[vc_row][vc_column column_width_percent=&#8220;100&#8243; align_horizontal=&#8220;align_center&#8220; gutter_size=&#8220;3&#8243; overlay_alpha=&#8220;50&#8243; shift_x=&#8220;0&#8243; shift_y=&#8220;0&#8243; shift_y_down=&#8220;0&#8243; z_index=&#8220;0&#8243; medium_width=&#8220;0&#8243; mobile_width=&#8220;0&#8243; width=&#8220;1\/2&#8243;][vc_single_image media=&#8220;75366&#8243; media_width_percent=&#8220;100&#8243; uncode_shortcode_id=&#8220;671150&#8243;][\/vc_column][vc_column width=&#8220;1\/2&#8243;][vc_empty_space empty_h=&#8220;2&#8243;][vc_custom_heading] TWIN ONE [\/vc_custom_heading][vc_column_text [&hellip;]<\/p>\n","protected":false},"author":9,"featured_media":0,"parent":0,"menu_order":0,"comment_status":"closed","ping_status":"closed","template":"","meta":{"_acf_changed":false,"sfsi_plus_gutenberg_text_before_share":"","sfsi_plus_gutenberg_show_text_before_share":"","sfsi_plus_gutenberg_icon_type":"","sfsi_plus_gutenberg_icon_alignemt":"","sfsi_plus_gutenburg_max_per_row":"","footnotes":""},"class_list":["post-76652","page","type-page","status-publish","hentry"],"acf":[],"_links":{"self":[{"href":"https:\/\/www.pro-mani.com\/de\/wp-json\/wp\/v2\/pages\/76652","targetHints":{"allow":["GET"]}}],"collection":[{"href":"https:\/\/www.pro-mani.com\/de\/wp-json\/wp\/v2\/pages"}],"about":[{"href":"https:\/\/www.pro-mani.com\/de\/wp-json\/wp\/v2\/types\/page"}],"author":[{"embeddable":true,"href":"https:\/\/www.pro-mani.com\/de\/wp-json\/wp\/v2\/users\/9"}],"replies":[{"embeddable":true,"href":"https:\/\/www.pro-mani.com\/de\/wp-json\/wp\/v2\/comments?post=76652"}],"version-history":[{"count":5,"href":"https:\/\/www.pro-mani.com\/de\/wp-json\/wp\/v2\/pages\/76652\/revisions"}],"predecessor-version":[{"id":77434,"href":"https:\/\/www.pro-mani.com\/de\/wp-json\/wp\/v2\/pages\/76652\/revisions\/77434"}],"wp:attachment":[{"href":"https:\/\/www.pro-mani.com\/de\/wp-json\/wp\/v2\/media?parent=76652"}],"curies":[{"name":"wp","href":"https:\/\/api.w.org\/{rel}","templated":true}]}}