{"id":76664,"date":"2025-02-06T12:39:42","date_gmt":"2025-02-06T11:39:42","guid":{"rendered":"https:\/\/www.pro-mani.com\/?page_id=76664"},"modified":"2025-03-14T10:34:41","modified_gmt":"2025-03-14T09:34:41","slug":"technische-bibliothek","status":"publish","type":"page","link":"https:\/\/www.pro-mani.com\/de\/technische-bibliothek\/","title":{"rendered":"Technische Bibliothek"},"content":{"rendered":"<div class=\"wpb-content-wrapper\"><p>[vc_row][vc_column column_width_percent=&#8220;100&#8243; align_horizontal=&#8220;align_center&#8220; gutter_size=&#8220;3&#8243; overlay_alpha=&#8220;50&#8243; shift_x=&#8220;0&#8243; shift_y=&#8220;0&#8243; shift_y_down=&#8220;0&#8243; z_index=&#8220;0&#8243; medium_width=&#8220;0&#8243; mobile_width=&#8220;0&#8243; width=&#8220;1\/1&#8243;][vc_custom_heading text_font=&#8220;font-351847&#8243; text_transform=&#8220;uppercase&#8220;]<strong>Technische<\/strong><br \/>\n<strong>Bibliothek<\/strong>[\/vc_custom_heading][vc_column_text]Auf dieser Seite k\u00f6nnen Sie die Installationshandb\u00fccher mit detaillierten Anweisungen zu den Montagetechniken unserer Produkte, technische Datenbl\u00e4tter und andere n\u00fctzliche Dokumente herunterladen.[\/vc_column_text][\/vc_column][\/vc_row][vc_row][vc_column width=&#8220;1\/1&#8243;][vc_separator sep_color=&#8220;,Default&#8220;][vc_custom_heading heading_semantic=&#8220;h3&#8243; text_font=&#8220;font-351847&#8243; text_size=&#8220;h4&#8243; text_transform=&#8220;uppercase&#8220;]MONTAGEANLEITUNGEN[\/vc_custom_heading][\/vc_column][\/vc_row][vc_row row_height_percent=&#8220;0&#8243; overlay_alpha=&#8220;50&#8243; gutter_size=&#8220;3&#8243; column_width_percent=&#8220;100&#8243; shift_y=&#8220;0&#8243; z_index=&#8220;0&#8243;][vc_column width=&#8220;1\/3&#8243;][vc_custom_heading text_color=&#8220;accent&#8220; heading_semantic=&#8220;h4&#8243; text_size=&#8220;h4&#8243;]ONE<br \/>\nSchiebesystem[\/vc_custom_heading][vc_button wide=&#8220;yes&#8220; border_width=&#8220;0&#8243; link=&#8220;url:https%3A%2F%2Fwww.pro-mani.com%2Fwp-content%2Fuploads%2F2019%2F06%2FITA615-815_ONE_ISTRUZIONI-DI-MONTAGGIO-1.pdf|target:%20_blank|&#8220;]ONE 600-800 mm herunterladen \u00bb[\/vc_button][vc_button wide=&#8220;yes&#8220; border_width=&#8220;0&#8243; link=&#8220;url:https%3A%2F%2Fwww.pro-mani.com%2Fwp-content%2Fuploads%2F2019%2F06%2FITA915ONE_ISTRUZIONI-DI-MONTAGGIO.pdf|target:%20_blank|&#8220;]ONE 900 mm herunterladen \u00bb[\/vc_button][vc_button wide=&#8220;yes&#8220; border_width=&#8220;0&#8243; link=&#8220;url:https%3A%2F%2Fwww.pro-mani.com%2Fwp-content%2Fuploads%2F2019%2F06%2FIT1015-1215ONE_ISTRUZIONI-DI-MONTAGGIO.pdf|target:%20_blank|&#8220;]ONE 1000-1200 mm herunterladen \u00bb[\/vc_button][\/vc_column][vc_column width=&#8220;1\/3&#8243;][vc_custom_heading text_color=&#8220;accent&#8220; heading_semantic=&#8220;h4&#8243; text_size=&#8220;h4&#8243;]Smarty<br \/>\nSchiebesystem[\/vc_custom_heading][vc_button wide=&#8220;yes&#8220; border_width=&#8220;0&#8243; link=&#8220;url:https%3A%2F%2Fwww.pro-mani.com%2Fwp-content%2Fuploads%2F2019%2F06%2FIT615-815SMA_SCHEDA-TECNICA-1.pdf|target:%20_blank|&#8220;]SMARTY 600-800 mm herunterladen \u00bb[\/vc_button][vc_button wide=&#8220;yes&#8220; border_width=&#8220;0&#8243; link=&#8220;url:https%3A%2F%2Fwww.pro-mani.com%2Fwp-content%2Fuploads%2F2019%2F05%2FITA985ONE_ISTRUZIONI-DI-MONTAGGIO.pdf|target:%20_blank|&#8220;]SMARTY 900 mm herunterladen \u00bb[\/vc_button][vc_button wide=&#8220;yes&#8220; border_width=&#8220;0&#8243; link=&#8220;url:https%3A%2F%2Fwww.pro-mani.com%2Fwp-content%2Fuploads%2F2019%2F05%2FITA985ONE_ISTRUZIONI-DI-MONTAGGIO.pdf|target:%20_blank|&#8220;]SMARTY 1000-1200 mm herunterladen \u00bb[\/vc_button][\/vc_column][vc_column width=&#8220;1\/3&#8243;][vc_custom_heading text_color=&#8220;accent&#8220; heading_semantic=&#8220;h4&#8243; text_size=&#8220;h4&#8243;]Fine<br \/>\nSchiebesystem[\/vc_custom_heading][vc_button wide=&#8220;yes&#8220; border_width=&#8220;0&#8243; link=&#8220;|||&#8220;]FINE 600-800 mm herunterladen \u00bb[\/vc_button][vc_button wide=&#8220;yes&#8220; border_width=&#8220;0&#8243; link=&#8220;|||&#8220;]FINE 900 mm herunterladen \u00bb[\/vc_button][vc_button wide=&#8220;yes&#8220; border_width=&#8220;0&#8243; link=&#8220;|||&#8220;]FINE 1000-1200 mm herunterladen \u00bb[\/vc_button][\/vc_column][\/vc_row][vc_row][vc_column width=&#8220;1\/1&#8243;][vc_separator sep_color=&#8220;,Default&#8220;][vc_custom_heading heading_semantic=&#8220;h3&#8243; text_font=&#8220;font-351847&#8243; text_size=&#8220;h4&#8243; text_transform=&#8220;uppercase&#8220;]TECHNISCHE DATENBL\u00c4TTER[\/vc_custom_heading][\/vc_column][\/vc_row][vc_row row_height_percent=&#8220;0&#8243; overlay_alpha=&#8220;50&#8243; gutter_size=&#8220;3&#8243; column_width_percent=&#8220;100&#8243; shift_y=&#8220;0&#8243; z_index=&#8220;0&#8243;][vc_column width=&#8220;1\/3&#8243;][vc_custom_heading text_color=&#8220;accent&#8220; heading_semantic=&#8220;h4&#8243; text_size=&#8220;h4&#8243;]ONE<br \/>\nSchiebesystem[\/vc_custom_heading][vc_button wide=&#8220;yes&#8220; border_width=&#8220;0&#8243; link=&#8220;url:https%3A%2F%2Fwww.pro-mani.com%2Fwp-content%2Fuploads%2F2019%2F06%2FITA615-815ONE_SCHEDA-TECNICA-1.pdf|target:%20_blank|&#8220;]ONE 600-800 mm herunterladen \u00bb[\/vc_button][vc_button wide=&#8220;yes&#8220; border_width=&#8220;0&#8243; link=&#8220;url:https%3A%2F%2Fwww.pro-mani.com%2Fwp-content%2Fuploads%2F2019%2F06%2FITA915ONE_SCHEDA-TECNICA-1.pdf|target:%20_blank|&#8220;]ONE 900 mm herunterladen \u00bb[\/vc_button][vc_button wide=&#8220;yes&#8220; border_width=&#8220;0&#8243; link=&#8220;url:https%3A%2F%2Fwww.pro-mani.com%2Fwp-content%2Fuploads%2F2019%2F06%2FITA1015-1215ONE_SCHEDA-TECNICA-1.pdf|target:%20_blank|&#8220;]ONE 1000-1200 mm herunterladen \u00bb[\/vc_button][\/vc_column][vc_column width=&#8220;1\/3&#8243;][vc_custom_heading text_color=&#8220;accent&#8220; heading_semantic=&#8220;h4&#8243; text_size=&#8220;h4&#8243;]Fine<br \/>\nSchiebesystem[\/vc_custom_heading][vc_button wide=&#8220;yes&#8220; border_width=&#8220;0&#8243; link=&#8220;url:https%3A%2F%2Fwww.pro-mani.com%2Fwp-content%2Fuploads%2F2019%2F06%2FIT615-815FIN_SCHEDA-TECNICA-1.pdf|target:%20_blank|&#8220;]FINE 600-800 mm herunterladen \u00bb[\/vc_button][vc_button wide=&#8220;yes&#8220; border_width=&#8220;0&#8243; link=&#8220;url:https%3A%2F%2Fwww.pro-mani.com%2Fwp-content%2Fuploads%2F2019%2F06%2FIT915FIN_SCHEDA-TECNICA-1.pdf|target:%20_blank|&#8220;]FINE 900 mm herunterladen \u00bb[\/vc_button][vc_button wide=&#8220;yes&#8220; border_width=&#8220;0&#8243; link=&#8220;url:https%3A%2F%2Fwww.pro-mani.com%2Fwp-content%2Fuploads%2F2019%2F06%2FIT1015-1215FIN_SCHEDA-TECNICA-1.pdf|target:%20_blank|&#8220;]FINE 1000-1200 mm herunterladen \u00bb[\/vc_button][\/vc_column][\/vc_row]<\/p>\n<\/div>","protected":false},"excerpt":{"rendered":"<p>[vc_row][vc_column column_width_percent=&#8220;100&#8243; align_horizontal=&#8220;align_center&#8220; gutter_size=&#8220;3&#8243; overlay_alpha=&#8220;50&#8243; shift_x=&#8220;0&#8243; shift_y=&#8220;0&#8243; shift_y_down=&#8220;0&#8243; z_index=&#8220;0&#8243; medium_width=&#8220;0&#8243; mobile_width=&#8220;0&#8243; width=&#8220;1\/1&#8243;][vc_custom_heading text_font=&#8220;font-351847&#8243; text_transform=&#8220;uppercase&#8220;]Technische Bibliothek[\/vc_custom_heading][vc_column_text]Auf dieser Seite k\u00f6nnen Sie die [&hellip;]<\/p>\n","protected":false},"author":9,"featured_media":0,"parent":0,"menu_order":1,"comment_status":"closed","ping_status":"closed","template":"","meta":{"_acf_changed":false,"sfsi_plus_gutenberg_text_before_share":"","sfsi_plus_gutenberg_show_text_before_share":"","sfsi_plus_gutenberg_icon_type":"","sfsi_plus_gutenberg_icon_alignemt":"","sfsi_plus_gutenburg_max_per_row":"","footnotes":""},"class_list":["post-76664","page","type-page","status-publish","hentry"],"acf":[],"_links":{"self":[{"href":"https:\/\/www.pro-mani.com\/de\/wp-json\/wp\/v2\/pages\/76664","targetHints":{"allow":["GET"]}}],"collection":[{"href":"https:\/\/www.pro-mani.com\/de\/wp-json\/wp\/v2\/pages"}],"about":[{"href":"https:\/\/www.pro-mani.com\/de\/wp-json\/wp\/v2\/types\/page"}],"author":[{"embeddable":true,"href":"https:\/\/www.pro-mani.com\/de\/wp-json\/wp\/v2\/users\/9"}],"replies":[{"embeddable":true,"href":"https:\/\/www.pro-mani.com\/de\/wp-json\/wp\/v2\/comments?post=76664"}],"version-history":[{"count":7,"href":"https:\/\/www.pro-mani.com\/de\/wp-json\/wp\/v2\/pages\/76664\/revisions"}],"predecessor-version":[{"id":77822,"href":"https:\/\/www.pro-mani.com\/de\/wp-json\/wp\/v2\/pages\/76664\/revisions\/77822"}],"wp:attachment":[{"href":"https:\/\/www.pro-mani.com\/de\/wp-json\/wp\/v2\/media?parent=76664"}],"curies":[{"name":"wp","href":"https:\/\/api.w.org\/{rel}","templated":true}]}}