{"id":76672,"date":"2025-02-06T12:40:33","date_gmt":"2025-02-06T11:40:33","guid":{"rendered":"https:\/\/www.pro-mani.com\/?page_id=76672"},"modified":"2025-03-14T10:35:49","modified_gmt":"2025-03-14T09:35:49","slug":"video-tutorial","status":"publish","type":"page","link":"https:\/\/www.pro-mani.com\/de\/video-tutorial\/","title":{"rendered":"Video Tutorials"},"content":{"rendered":"<div class=\"wpb-content-wrapper\"><p>[vc_row][vc_column column_width_percent=&#8220;100&#8243; align_horizontal=&#8220;align_center&#8220; overlay_alpha=&#8220;50&#8243; gutter_size=&#8220;3&#8243; medium_width=&#8220;0&#8243; mobile_width=&#8220;0&#8243; shift_x=&#8220;0&#8243; shift_y=&#8220;0&#8243; shift_y_down=&#8220;0&#8243; z_index=&#8220;0&#8243; width=&#8220;1\/1&#8243;][vc_custom_heading text_font=&#8220;font-351847&#8243; text_transform=&#8220;uppercase&#8220;]Video<br \/>\n<strong>Tutorials<\/strong>[\/vc_custom_heading][vc_column_text]Hier finden Sie einige Videos, die Sie bei den verschiedenen Phasen der Montage der Rahmen f\u00fcr Schiebet\u00fcren sowie bei der Installation der serienm\u00e4\u00dfigen Zubeh\u00f6rteile wie dem Laufwagen f\u00fcr Glas- oder Holzt\u00fcrbl\u00e4tter unterst\u00fctzen:[\/vc_column_text][\/vc_column][\/vc_row][vc_row][vc_column width=&#8220;1\/1&#8243;][vc_separator][\/vc_column][\/vc_row][vc_row][vc_column width=&#8220;1\/2&#8243;][vc_single_image media=&#8220;74027&#8243; media_width_percent=&#8220;100&#8243;][vc_custom_heading heading_semantic=&#8220;h6&#8243; text_size=&#8220;h6&#8243;]ONE-Tutorial zur Montage des Gegenrahmens 600 mm[\/vc_custom_heading][\/vc_column][vc_column width=&#8220;1\/2&#8243;][vc_single_image media=&#8220;74026&#8243; media_width_percent=&#8220;100&#8243;][vc_custom_heading heading_semantic=&#8220;h6&#8243; text_size=&#8220;h6&#8243;]ONE-Tutorial zur Montage des Gegenrahmens 800 mm[\/vc_custom_heading][\/vc_column][\/vc_row][vc_row][vc_column width=&#8220;1\/4&#8243;][\/vc_column][vc_column width=&#8220;1\/2&#8243;][vc_single_image media=&#8220;74025&#8243; media_width_percent=&#8220;100&#8243;][vc_custom_heading heading_semantic=&#8220;h6&#8243; text_size=&#8220;h6&#8243;]Montage des Laufwagens mit beidseitiger D\u00e4mpfung f\u00fcr Schiebet\u00fcren[\/vc_custom_heading][\/vc_column][vc_column width=&#8220;1\/4&#8243;][\/vc_column][\/vc_row][vc_row][vc_column width=&#8220;1\/1&#8243;][vc_empty_space empty_h=&#8220;3&#8243;][\/vc_column][\/vc_row]<\/p>\n<\/div>","protected":false},"excerpt":{"rendered":"<p>[vc_row][vc_column column_width_percent=&#8220;100&#8243; align_horizontal=&#8220;align_center&#8220; overlay_alpha=&#8220;50&#8243; gutter_size=&#8220;3&#8243; medium_width=&#8220;0&#8243; mobile_width=&#8220;0&#8243; shift_x=&#8220;0&#8243; shift_y=&#8220;0&#8243; shift_y_down=&#8220;0&#8243; z_index=&#8220;0&#8243; width=&#8220;1\/1&#8243;][vc_custom_heading text_font=&#8220;font-351847&#8243; text_transform=&#8220;uppercase&#8220;]Video Tutorials[\/vc_custom_heading][vc_column_text]Hier finden Sie einige Videos, die [&hellip;]<\/p>\n","protected":false},"author":9,"featured_media":0,"parent":0,"menu_order":2,"comment_status":"closed","ping_status":"closed","template":"","meta":{"_acf_changed":false,"sfsi_plus_gutenberg_text_before_share":"","sfsi_plus_gutenberg_show_text_before_share":"","sfsi_plus_gutenberg_icon_type":"","sfsi_plus_gutenberg_icon_alignemt":"","sfsi_plus_gutenburg_max_per_row":"","footnotes":""},"class_list":["post-76672","page","type-page","status-publish","hentry"],"acf":[],"_links":{"self":[{"href":"https:\/\/www.pro-mani.com\/de\/wp-json\/wp\/v2\/pages\/76672","targetHints":{"allow":["GET"]}}],"collection":[{"href":"https:\/\/www.pro-mani.com\/de\/wp-json\/wp\/v2\/pages"}],"about":[{"href":"https:\/\/www.pro-mani.com\/de\/wp-json\/wp\/v2\/types\/page"}],"author":[{"embeddable":true,"href":"https:\/\/www.pro-mani.com\/de\/wp-json\/wp\/v2\/users\/9"}],"replies":[{"embeddable":true,"href":"https:\/\/www.pro-mani.com\/de\/wp-json\/wp\/v2\/comments?post=76672"}],"version-history":[{"count":5,"href":"https:\/\/www.pro-mani.com\/de\/wp-json\/wp\/v2\/pages\/76672\/revisions"}],"predecessor-version":[{"id":77823,"href":"https:\/\/www.pro-mani.com\/de\/wp-json\/wp\/v2\/pages\/76672\/revisions\/77823"}],"wp:attachment":[{"href":"https:\/\/www.pro-mani.com\/de\/wp-json\/wp\/v2\/media?parent=76672"}],"curies":[{"name":"wp","href":"https:\/\/api.w.org\/{rel}","templated":true}]}}