{"id":76680,"date":"2025-02-06T12:41:42","date_gmt":"2025-02-06T11:41:42","guid":{"rendered":"https:\/\/www.pro-mani.com\/?page_id=76680"},"modified":"2025-03-14T10:46:43","modified_gmt":"2025-03-14T09:46:43","slug":"installazion-de","status":"publish","type":"page","link":"https:\/\/www.pro-mani.com\/de\/installazion-de\/","title":{"rendered":"Installation"},"content":{"rendered":"<div class=\"wpb-content-wrapper\"><p>[vc_row row_height_percent=&#8220;0&#8243; override_padding=&#8220;yes&#8220; h_padding=&#8220;2&#8243; top_padding=&#8220;2&#8243; bottom_padding=&#8220;3&#8243; overlay_alpha=&#8220;50&#8243; gutter_size=&#8220;3&#8243; column_width_percent=&#8220;100&#8243; shift_y=&#8220;0&#8243; z_index=&#8220;0&#8243;][vc_column width=&#8220;1\/3&#8243;][vc_custom_heading text_font=&#8220;font-351847&#8243; text_transform=&#8220;uppercase&#8220;]Installation[\/vc_custom_heading][vc_custom_heading text_color=&#8220;color-w&#8220; heading_semantic=&#8220;h5&#8243; text_size=&#8220;h5&#8243; text_weight=&#8220;300&#8243; text_transform=&#8220;uppercase&#8220; sub_reduced=&#8220;yes&#8220; el_class=&#8220;subtitle_insidepade&#8220;]Schiebet\u00fcrsystem[\/vc_custom_heading][\/vc_column][vc_column width=&#8220;2\/3&#8243;][vc_column_text]Neue R\u00e4ume zu schaffen, indem man Umgebungen durch ein in die Wand integriertes und verborgenes Schiebet\u00fcrsystem trennt, ist eine elegante und funktionale L\u00f6sung, um das Zuhause zu renovieren und den verf\u00fcgbaren Raum zu optimieren.<\/p>\n<p>H\u00e4ufig gibt es bei dieser Art von Installation Schwierigkeiten im Zusammenhang mit der Installation der Schiebet\u00fcr, der Zeit und den Arbeitskosten sowie der Unannehmlichkeit, den zu renovierenden Raum in eine Baustelle zu verwandeln.<\/p>\n<p>Das von Promani entwickelte Zargen-System f\u00fcr versenkbare T\u00fcren ist ein modernes Konzept, das von Fachleuten der Branche entworfen wurde, um die Installation von Schiebet\u00fcren zu erleichtern und zu beschleunigen.<\/p>\n<p>Das Installationssystem f\u00fcr versenkbare T\u00fcren von Promani ist technisch einfach: Die Vorbereitung, der Rahmenaufbau und die Installation der T\u00fcr werden f\u00fcr keinen Betreiber\u2014ob Profi oder DIY-Enthusiast\u2014Schwierigkeiten bereiten![\/vc_column_text][\/vc_column][\/vc_row][vc_row][vc_column width=&#8220;1\/2&#8243;][vc_single_image media=&#8220;74329&#8243; media_width_percent=&#8220;100&#8243; media_ratio=&#8220;three-two&#8220; media_link=&#8220;url:https%3A%2F%2Fwww.pro-mani.com%2Finstallazione%2Fbiblioteca-tecnica%2F|title:Biblioteca%20tecnica||&#8220;][vc_custom_heading heading_semantic=&#8220;h4&#8243; text_size=&#8220;h4&#8243; subheading=&#8220;Entdecken Sie unser Kit f\u00fcr die einfache Installation!&#8220;]Technische Bibliothek[\/vc_custom_heading][vc_column_text]Wir haben eigens f\u00fcr Sie ein Montage-Kit mit Komponenten erstellt, die eine einfache und intuitive Installation erm\u00f6glichen.[\/vc_column_text][vc_button border_width=&#8220;0&#8243; link=&#8220;url:https%3A%2F%2Fwww.pro-mani.com%2Finstallazione%2Fbiblioteca-tecnica%2F|title:Biblioteca%20tecnica||&#8220;]Entdecken[\/vc_button][\/vc_column][vc_column width=&#8220;1\/2&#8243;][vc_single_image media=&#8220;74011&#8243; media_width_percent=&#8220;100&#8243; media_ratio=&#8220;three-two&#8220; media_link=&#8220;url:https%3A%2F%2Fwww.pro-mani.com%2Finstallazione%2Fvideo-tutorial%2F|||&#8220;][vc_custom_heading heading_semantic=&#8220;h4&#8243; text_size=&#8220;h4&#8243; subheading=&#8220;Entdecken Sie, wie einfach es ist, eine Schiebet\u00fcr zu montieren!&#8220;]Video Tutorial[\/vc_custom_heading][vc_column_text]Folgen Sie unseren Video-Tutorials zur Installation einer Schiebet\u00fcr! Sie werden Sie professionell und makellos bei den Montage-Schritten unterst\u00fctzen.[\/vc_column_text][vc_button border_width=&#8220;0&#8243; link=&#8220;url:https%3A%2F%2Fwww.pro-mani.com%2Finstallazione%2Fvideo-tutorial%2F|||&#8220;]Entdecken[\/vc_button][\/vc_column][\/vc_row][vc_row][vc_column width=&#8220;1\/1&#8243;][vc_empty_space empty_h=&#8220;3&#8243;][\/vc_column][\/vc_row]<\/p>\n<\/div>","protected":false},"excerpt":{"rendered":"<p>[vc_row row_height_percent=&#8220;0&#8243; override_padding=&#8220;yes&#8220; h_padding=&#8220;2&#8243; top_padding=&#8220;2&#8243; bottom_padding=&#8220;3&#8243; overlay_alpha=&#8220;50&#8243; gutter_size=&#8220;3&#8243; column_width_percent=&#8220;100&#8243; shift_y=&#8220;0&#8243; z_index=&#8220;0&#8243;][vc_column width=&#8220;1\/3&#8243;][vc_custom_heading text_font=&#8220;font-351847&#8243; text_transform=&#8220;uppercase&#8220;]Installation[\/vc_custom_heading][vc_custom_heading text_color=&#8220;color-w&#8220; heading_semantic=&#8220;h5&#8243; text_size=&#8220;h5&#8243; text_weight=&#8220;300&#8243; text_transform=&#8220;uppercase&#8220; sub_reduced=&#8220;yes&#8220; [&hellip;]<\/p>\n","protected":false},"author":9,"featured_media":0,"parent":0,"menu_order":50,"comment_status":"closed","ping_status":"closed","template":"","meta":{"_acf_changed":false,"sfsi_plus_gutenberg_text_before_share":"","sfsi_plus_gutenberg_show_text_before_share":"","sfsi_plus_gutenberg_icon_type":"","sfsi_plus_gutenberg_icon_alignemt":"","sfsi_plus_gutenburg_max_per_row":"","footnotes":""},"class_list":["post-76680","page","type-page","status-publish","hentry"],"acf":[],"_links":{"self":[{"href":"https:\/\/www.pro-mani.com\/de\/wp-json\/wp\/v2\/pages\/76680","targetHints":{"allow":["GET"]}}],"collection":[{"href":"https:\/\/www.pro-mani.com\/de\/wp-json\/wp\/v2\/pages"}],"about":[{"href":"https:\/\/www.pro-mani.com\/de\/wp-json\/wp\/v2\/types\/page"}],"author":[{"embeddable":true,"href":"https:\/\/www.pro-mani.com\/de\/wp-json\/wp\/v2\/users\/9"}],"replies":[{"embeddable":true,"href":"https:\/\/www.pro-mani.com\/de\/wp-json\/wp\/v2\/comments?post=76680"}],"version-history":[{"count":6,"href":"https:\/\/www.pro-mani.com\/de\/wp-json\/wp\/v2\/pages\/76680\/revisions"}],"predecessor-version":[{"id":77826,"href":"https:\/\/www.pro-mani.com\/de\/wp-json\/wp\/v2\/pages\/76680\/revisions\/77826"}],"wp:attachment":[{"href":"https:\/\/www.pro-mani.com\/de\/wp-json\/wp\/v2\/media?parent=76680"}],"curies":[{"name":"wp","href":"https:\/\/api.w.org\/{rel}","templated":true}]}}