{"id":76696,"date":"2025-02-06T12:43:36","date_gmt":"2025-02-06T11:43:36","guid":{"rendered":"https:\/\/www.pro-mani.com\/?page_id=76696"},"modified":"2025-03-14T10:48:05","modified_gmt":"2025-03-14T09:48:05","slug":"werde-unser-partner","status":"publish","type":"page","link":"https:\/\/www.pro-mani.com\/de\/werde-unser-partner\/","title":{"rendered":"Werde unser Partner"},"content":{"rendered":"<div class=\"wpb-content-wrapper\"><p>[vc_row][vc_column width=&#8220;1\/3&#8243;][vc_custom_heading text_font=&#8220;font-351847&#8243; text_transform=&#8220;uppercase&#8220;]H\u00e4ndler werden[\/vc_custom_heading][\/vc_column][vc_column column_width_percent=&#8220;100&#8243; position_vertical=&#8220;middle&#8220; gutter_size=&#8220;3&#8243; overlay_alpha=&#8220;50&#8243; shift_x=&#8220;0&#8243; shift_y=&#8220;0&#8243; shift_y_down=&#8220;0&#8243; z_index=&#8220;0&#8243; medium_width=&#8220;0&#8243; mobile_width=&#8220;0&#8243; width=&#8220;2\/3&#8243;][vc_column_text text_color=&#8220;color-uydo&#8220; uncode_shortcode_id=&#8220;768783&#8243; text_color_type=&#8220;uncode-palette&#8220;]Indem Sie unser H\u00e4ndler werden, erhalten Sie Zugang zu exklusiven Informationen, die nur unseren Handelspartnern vorbehalten sind, und erhalten mehr Unterst\u00fctzung bei der F\u00f6rderung und dem Verkauf unserer Produkte.<\/p>\n<p>F\u00fcllen Sie das Formular aus und senden Sie uns Ihren Vorschlag, wir werden Sie so schnell wie m\u00f6glich kontaktieren![\/vc_column_text][\/vc_column][\/vc_row][vc_row][vc_column width=&#8220;1\/6&#8243;][\/vc_column][vc_column column_width_percent=&#8220;100&#8243; gutter_size=&#8220;3&#8243; overlay_alpha=&#8220;50&#8243; shift_x=&#8220;0&#8243; shift_y=&#8220;0&#8243; shift_y_down=&#8220;0&#8243; z_index=&#8220;0&#8243; medium_width=&#8220;0&#8243; mobile_width=&#8220;0&#8243; width=&#8220;4\/6&#8243; uncode_shortcode_id=&#8220;139300&#8243;][vc_column_text uncode_shortcode_id=&#8220;211560&#8243;]<div class=\"frm_forms  with_frm_style frm_style_stile-formidable\" id=\"frm_form_8_container\" data-token=\"3ef3a77baf4c13ba8f7f0d5f016d1649\">\n<form enctype=\"multipart\/form-data\" method=\"post\" class=\"frm-show-form \" id=\"form_rivenditore3\" data-token=\"3ef3a77baf4c13ba8f7f0d5f016d1649\">\n<div class=\"frm_form_fields \">\n<fieldset>\n<legend class=\"frm_screen_reader\">Rivenditore DE<\/legend>\r\n\r\n<div class=\"frm_fields_container\">\n<input type=\"hidden\" name=\"frm_action\" value=\"create\" \/>\n<input type=\"hidden\" name=\"form_id\" value=\"8\" \/>\n<input type=\"hidden\" name=\"frm_hide_fields_8\" id=\"frm_hide_fields_8\" value=\"\" \/>\n<input type=\"hidden\" name=\"form_key\" value=\"rivenditore3\" \/>\n<input type=\"hidden\" name=\"item_meta[0]\" value=\"\" \/>\n<input type=\"hidden\" id=\"frm_submit_entry_8\" name=\"frm_submit_entry_8\" value=\"e5f566762f\" \/><input type=\"hidden\" name=\"_wp_http_referer\" value=\"\/de\/wp-json\/wp\/v2\/pages\/76696\" \/><div id=\"frm_field_65_container\" class=\"frm_form_field form-field  frm_required_field frm_top_container frm6 frm_first\">\r\n\t<label for=\"field_ivdyu3\" id=\"field_ivdyu3_label\" class=\"frm_primary_label\">Vorname\r\n\t\t<span class=\"frm_required\" aria-hidden=\"true\">*<\/span>\r\n\t<\/label>\r\n\t<input type=\"text\" id=\"field_ivdyu3\" name=\"item_meta[65]\" value=\"\"  data-reqmsg=\"Vorname non pu\u00f2 essere vuoto.\" aria-required=\"true\" data-invmsg=\"Vorname non \u00e8 valido\" aria-invalid=\"false\"  \/>\r\n\t\r\n\t\r\n<\/div>\n<div id=\"frm_field_66_container\" class=\"frm_form_field form-field  frm_required_field frm_top_container frm6\">\r\n\t<label for=\"field_mm31v3\" id=\"field_mm31v3_label\" class=\"frm_primary_label\">Nachname\r\n\t\t<span class=\"frm_required\" aria-hidden=\"true\">*<\/span>\r\n\t<\/label>\r\n\t<input type=\"text\" id=\"field_mm31v3\" name=\"item_meta[66]\" value=\"\"  data-reqmsg=\"Nachname non pu\u00f2 essere vuoto.\" aria-required=\"true\" data-invmsg=\"Nachname non \u00e8 valido\" aria-invalid=\"false\"  \/>\r\n\t\r\n\t\r\n<\/div>\n<div id=\"frm_field_67_container\" class=\"frm_form_field form-field  frm_required_field frm_top_container frm6 frm_first\">\r\n\t<label for=\"field_po9f03\" id=\"field_po9f03_label\" class=\"frm_primary_label\">Stra\u00dfe\r\n\t\t<span class=\"frm_required\" aria-hidden=\"true\">*<\/span>\r\n\t<\/label>\r\n\t<input type=\"text\" id=\"field_po9f03\" name=\"item_meta[67]\" value=\"\"  data-reqmsg=\"Stra\u00dfe non pu\u00f2 essere vuoto.\" aria-required=\"true\" data-invmsg=\"Stra\u00dfe non \u00e8 valido\" aria-invalid=\"false\"  \/>\r\n\t\r\n\t\r\n<\/div>\n<div id=\"frm_field_68_container\" class=\"frm_form_field form-field  frm_required_field frm_top_container frm6\">\r\n\t<label for=\"field_zq56b3\" id=\"field_zq56b3_label\" class=\"frm_primary_label\">PLZ\r\n\t\t<span class=\"frm_required\" aria-hidden=\"true\">*<\/span>\r\n\t<\/label>\r\n\t<input type=\"text\" id=\"field_zq56b3\" name=\"item_meta[68]\" value=\"\"  data-reqmsg=\"PLZ non pu\u00f2 essere vuoto.\" aria-required=\"true\" data-invmsg=\"PLZ non \u00e8 valido\" aria-invalid=\"false\"  \/>\r\n\t\r\n\t\r\n<\/div>\n<div id=\"frm_field_69_container\" class=\"frm_form_field form-field  frm_required_field frm_top_container frm6 frm_first\">\r\n\t<label for=\"field_gsept3\" id=\"field_gsept3_label\" class=\"frm_primary_label\">Stadt\r\n\t\t<span class=\"frm_required\" aria-hidden=\"true\">*<\/span>\r\n\t<\/label>\r\n\t<input type=\"text\" id=\"field_gsept3\" name=\"item_meta[69]\" value=\"\"  data-reqmsg=\"Stadt non pu\u00f2 essere vuoto.\" aria-required=\"true\" data-invmsg=\"Stadt non \u00e8 valido\" aria-invalid=\"false\"  \/>\r\n\t\r\n\t\r\n<\/div>\n<div id=\"frm_field_70_container\" class=\"frm_form_field form-field  frm_required_field frm_top_container frm6\">\r\n\t<label for=\"field_pxs2y3\" id=\"field_pxs2y3_label\" class=\"frm_primary_label\">Land\r\n\t\t<span class=\"frm_required\" aria-hidden=\"true\">*<\/span>\r\n\t<\/label>\r\n\t<input type=\"text\" id=\"field_pxs2y3\" name=\"item_meta[70]\" value=\"\"  data-reqmsg=\"Land non pu\u00f2 essere vuoto.\" aria-required=\"true\" data-invmsg=\"Land non \u00e8 valido\" aria-invalid=\"false\"  \/>\r\n\t\r\n\t\r\n<\/div>\n<div id=\"frm_field_71_container\" class=\"frm_form_field form-field  frm_required_field frm_top_container frm6 frm_first\">\r\n\t<label for=\"field_too0x3\" id=\"field_too0x3_label\" class=\"frm_primary_label\">Telefon\r\n\t\t<span class=\"frm_required\" aria-hidden=\"true\">*<\/span>\r\n\t<\/label>\r\n\t<input type=\"number\" id=\"field_too0x3\" name=\"item_meta[71]\" value=\"\"  data-reqmsg=\"Telefon non pu\u00f2 essere vuoto.\" aria-required=\"true\" data-invmsg=\"Telefon non \u00e8 valido\" aria-invalid=\"false\"   min=\"0\" max=\"99999999999999\" step=\"any\"\/>\r\n\t\r\n\t\r\n<\/div>\n<div id=\"frm_field_72_container\" class=\"frm_form_field form-field  frm_required_field frm_top_container frm6\">\r\n\t<label for=\"field_emnld3\" id=\"field_emnld3_label\" class=\"frm_primary_label\">Email\r\n\t\t<span class=\"frm_required\" aria-hidden=\"true\">*<\/span>\r\n\t<\/label>\r\n\t<input type=\"email\" id=\"field_emnld3\" name=\"item_meta[72]\" value=\"\"  data-reqmsg=\"Email non pu\u00f2 essere vuoto.\" aria-required=\"true\" data-invmsg=\"Email non \u00e8 valido\" aria-invalid=\"false\"  \/>\r\n\t\r\n\t\r\n<\/div>\n<div id=\"frm_field_73_container\" class=\"frm_form_field form-field  frm_required_field frm_top_container\">\r\n\t<label for=\"field_wu13e3\" id=\"field_wu13e3_label\" class=\"frm_primary_label\">Geben Sie die Adresse Ihrer Website ein.\r\n\t\t<span class=\"frm_required\" aria-hidden=\"true\">*<\/span>\r\n\t<\/label>\r\n\t<input type=\"text\" id=\"field_wu13e3\" name=\"item_meta[73]\" value=\"\"  data-reqmsg=\"Geben Sie die Adresse Ihrer Website ein. non pu\u00f2 essere vuoto.\" aria-required=\"true\" data-invmsg=\"Geben Sie die Adresse Ihrer Website ein. non \u00e8 valido\" aria-invalid=\"false\"  \/>\r\n\t\r\n\t\r\n<\/div>\n<div id=\"frm_field_74_container\" class=\"frm_form_field form-field  frm_required_field frm_top_container frm6 frm_first\">\r\n\t<label for=\"field_3h32y3\" id=\"field_3h32y3_label\" class=\"frm_primary_label\">Firmenname\r\n\t\t<span class=\"frm_required\" aria-hidden=\"true\">*<\/span>\r\n\t<\/label>\r\n\t<input type=\"text\" id=\"field_3h32y3\" name=\"item_meta[74]\" value=\"\"  data-reqmsg=\"Firmenname non pu\u00f2 essere vuoto.\" aria-required=\"true\" data-invmsg=\"Firmenname non \u00e8 valido\" aria-invalid=\"false\"  \/>\r\n\t\r\n\t\r\n<\/div>\n<div id=\"frm_field_75_container\" class=\"frm_form_field form-field  frm_required_field frm_top_container frm6\">\r\n\t<label for=\"field_u1u243\" id=\"field_u1u243_label\" class=\"frm_primary_label\">USt-IdNr\r\n\t\t<span class=\"frm_required\" aria-hidden=\"true\">*<\/span>\r\n\t<\/label>\r\n\t<input type=\"text\" id=\"field_u1u243\" name=\"item_meta[75]\" value=\"\"  data-reqmsg=\"USt-IdNr non pu\u00f2 essere vuoto.\" aria-required=\"true\" data-invmsg=\"USt-IdNr non \u00e8 valido\" aria-invalid=\"false\"  \/>\r\n\t\r\n\t\r\n<\/div>\n<div id=\"frm_field_76_container\" class=\"frm_form_field form-field  frm_required_field frm_top_container frm12 frm_first\">\r\n\t<label for=\"field_bh97m3\" id=\"field_bh97m3_label\" class=\"frm_primary_label\">Adresse\r\n\t\t<span class=\"frm_required\" aria-hidden=\"true\">*<\/span>\r\n\t<\/label>\r\n\t<input type=\"text\" id=\"field_bh97m3\" name=\"item_meta[76]\" value=\"\"  data-reqmsg=\"Adresse non pu\u00f2 essere vuoto.\" aria-required=\"true\" data-invmsg=\"Adresse non \u00e8 valido\" aria-invalid=\"false\"  \/>\r\n\t\r\n\t\r\n<\/div>\n<div id=\"frm_field_77_container\" class=\"frm_form_field form-field  frm_top_container\">\r\n\t<label for=\"field_k0v5z3\" id=\"field_k0v5z3_label\" class=\"frm_primary_label\">Hinweise\r\n\t\t<span class=\"frm_required\" aria-hidden=\"true\"><\/span>\r\n\t<\/label>\r\n\t<textarea name=\"item_meta[77]\" id=\"field_k0v5z3\" rows=\"5\"  data-invmsg=\"Hinweise ist ung\u00fcltig\" aria-invalid=\"false\"  ><\/textarea>\r\n\t\r\n\t\r\n<\/div>\n<div id=\"frm_field_78_container\" class=\"frm_form_field form-field  frm_required_field frm_top_container vertical_radio\">\r\n\t<div  id=\"field_89crk3_label\" class=\"frm_primary_label\">\r\n\t\t<span class=\"frm_required\" aria-hidden=\"true\">*<\/span>\r\n\t<\/div>\r\n\t<div class=\"frm_opt_container\" aria-labelledby=\"field_89crk3_label\" role=\"group\">\t\t<div class=\"frm_checkbox\" id=\"frm_checkbox_78-1\">\t\t\t<label  for=\"field_89crk3-1\">\n\t\t\t<input type=\"checkbox\" name=\"item_meta[78][]\" id=\"field_89crk3-1\" value=\"Ich stimme der Verarbeitung meiner pers\u00f6nlichen Daten zu\"  data-reqmsg=\"Dieses Feld non pu\u00f2 essere vuoto.\" data-invmsg=\"Dieses Feld ist ung\u00fcltig\"   aria-required=\"true\"  \/> Ich stimme der Verarbeitung meiner pers\u00f6nlichen Daten zu<\/label><\/div>\n\t\t<div class=\"frm_checkbox\" id=\"frm_checkbox_78-0\">\t\t\t<label  for=\"field_89crk3-0\">\n\t\t\t<input type=\"checkbox\" name=\"item_meta[78][]\" id=\"field_89crk3-0\" value=\"Ich habe die Datenschutzerkl\u00e4rung gelesen und stimme der Speicherung meiner Daten in Ihrem Archiv gem\u00e4\u00df der Verordnung (EU) 2016\/679 zum Schutz personenbezogener Daten, DSGVO, zu. (ID 79)  Dropdown-Schalter f\u00fcr weitere Optionen\"  data-reqmsg=\"Dieses Feld non pu\u00f2 essere vuoto.\" data-invmsg=\"Dieses Feld ist ung\u00fcltig\"   \/> Ich habe die Datenschutzerkl\u00e4rung gelesen und stimme der Speicherung meiner Daten in Ihrem Archiv gem\u00e4\u00df der Verordnung (EU) 2016\/679 zum Schutz personenbezogener Daten, DSGVO, zu. (ID 79)  Dropdown-Schalter f\u00fcr weitere Optionen<\/label><\/div>\n<\/div>\r\n\t\r\n\t\r\n<\/div>\n<div id=\"frm_field_79_container\" class=\"frm_form_field form-field \">\r\n\t<div class=\"frm_submit frm_flex\">\r\n<button class=\"frm_button_submit\" type=\"submit\"  >Absenden<\/button>\r\n\r\n\r\n\r\n<\/div>\r\n<\/div>\n\t<input type=\"hidden\" name=\"item_key\" value=\"\" \/>\n\t\t\t<div id=\"frm_field_120_container\">\n\t\t\t<label for=\"field_c0qxy\" >\n\t\t\t\tFalls Du menschlich bist, lasse dieses Feld leer.\t\t\t<\/label>\n\t\t\t<input  id=\"field_c0qxy\" type=\"text\" class=\"frm_form_field form-field frm_verify\" name=\"item_meta[120]\" value=\"\"  \/>\n\t\t<\/div>\n\t\t<input name=\"frm_state\" type=\"hidden\" value=\"eesychIvAdjWeHSWdK8H38p\/31\/KtYLm6TdSGlSzkZ4=\" \/><\/div>\n<\/fieldset>\n<\/div>\n\n<\/form>\n<\/div>\n[\/vc_column_text][\/vc_column][vc_column width=&#8220;1\/6&#8243;][\/vc_column][\/vc_row]<\/p>\n<\/div>","protected":false},"excerpt":{"rendered":"<p>[vc_row][vc_column width=&#8220;1\/3&#8243;][vc_custom_heading text_font=&#8220;font-351847&#8243; text_transform=&#8220;uppercase&#8220;]H\u00e4ndler werden[\/vc_custom_heading][\/vc_column][vc_column column_width_percent=&#8220;100&#8243; position_vertical=&#8220;middle&#8220; gutter_size=&#8220;3&#8243; overlay_alpha=&#8220;50&#8243; shift_x=&#8220;0&#8243; shift_y=&#8220;0&#8243; shift_y_down=&#8220;0&#8243; z_index=&#8220;0&#8243; medium_width=&#8220;0&#8243; mobile_width=&#8220;0&#8243; width=&#8220;2\/3&#8243;][vc_column_text text_color=&#8220;color-uydo&#8220; uncode_shortcode_id=&#8220;768783&#8243; text_color_type=&#8220;uncode-palette&#8220;]Indem Sie [&hellip;]<\/p>\n","protected":false},"author":9,"featured_media":0,"parent":0,"menu_order":200,"comment_status":"closed","ping_status":"closed","template":"","meta":{"_acf_changed":false,"sfsi_plus_gutenberg_text_before_share":"","sfsi_plus_gutenberg_show_text_before_share":"","sfsi_plus_gutenberg_icon_type":"","sfsi_plus_gutenberg_icon_alignemt":"","sfsi_plus_gutenburg_max_per_row":"","footnotes":""},"class_list":["post-76696","page","type-page","status-publish","hentry"],"acf":[],"_links":{"self":[{"href":"https:\/\/www.pro-mani.com\/de\/wp-json\/wp\/v2\/pages\/76696","targetHints":{"allow":["GET"]}}],"collection":[{"href":"https:\/\/www.pro-mani.com\/de\/wp-json\/wp\/v2\/pages"}],"about":[{"href":"https:\/\/www.pro-mani.com\/de\/wp-json\/wp\/v2\/types\/page"}],"author":[{"embeddable":true,"href":"https:\/\/www.pro-mani.com\/de\/wp-json\/wp\/v2\/users\/9"}],"replies":[{"embeddable":true,"href":"https:\/\/www.pro-mani.com\/de\/wp-json\/wp\/v2\/comments?post=76696"}],"version-history":[{"count":7,"href":"https:\/\/www.pro-mani.com\/de\/wp-json\/wp\/v2\/pages\/76696\/revisions"}],"predecessor-version":[{"id":77827,"href":"https:\/\/www.pro-mani.com\/de\/wp-json\/wp\/v2\/pages\/76696\/revisions\/77827"}],"wp:attachment":[{"href":"https:\/\/www.pro-mani.com\/de\/wp-json\/wp\/v2\/media?parent=76696"}],"curies":[{"name":"wp","href":"https:\/\/api.w.org\/{rel}","templated":true}]}}