{"id":76848,"date":"2025-02-07T09:59:14","date_gmt":"2025-02-07T08:59:14","guid":{"rendered":"https:\/\/www.pro-mani.com\/?page_id=76848"},"modified":"2025-03-13T16:34:40","modified_gmt":"2025-03-13T15:34:40","slug":"cristal-kit-sp","status":"publish","type":"page","link":"https:\/\/www.pro-mani.com\/es\/cristal-kit-sp\/","title":{"rendered":"Cristak Kit"},"content":{"rendered":"<div class=\"wpb-content-wrapper\"><p>[vc_row][vc_column column_width_percent=\u00bb100&#8243; align_horizontal=\u00bbalign_center\u00bb gutter_size=\u00bb3&#8243; overlay_alpha=\u00bb50&#8243; shift_x=\u00bb0&#8243; shift_y=\u00bb0&#8243; shift_y_down=\u00bb0&#8243; z_index=\u00bb0&#8243; medium_width=\u00bb0&#8243; mobile_width=\u00bb0&#8243; width=\u00bb1\/2&#8243;]<br \/>\n[vc_single_image media=\u00bb77187&#8243; media_width_percent=\u00bb70&#8243; alignment=\u00bbcenter\u00bb uncode_shortcode_id=\u00bb157099&#8243;]<br \/>\n[vc_empty_space empty_h=\u00bb2&#8243;]<br \/>\n[\/vc_column][vc_column width=\u00bb1\/2&#8243;]<br \/>\n[vc_custom_heading]CRISTAL KIT[\/vc_custom_heading]<br \/>\n[vc_column_text uncode_shortcode_id=\u00bb210918&#8243;]<br \/>\nLa instalaci\u00f3n sencilla y precisa de paneles de vidrio en el marco, gracias a las pinzas de aluminio dise\u00f1adas para grosores de 8 o 10 mm. La altura del panel de vidrio es la misma que la del panel de madera, evitando as\u00ed c\u00e1lculos adicionales para la producci\u00f3n de la puerta.<br \/>\n[\/vc_column_text]<br \/>\n[\/vc_column][\/vc_row]<\/p>\n<p>[vc_row][vc_column width=\u00bb1\/1&#8243;]<br \/>\n[vc_gallery el_id=\u00bbgallery-999009&#8243; medias=\u00bb77209,77204,77199&#8243; gutter_size=\u00bb3&#8243; screen_lg=\u00bb1000&#8243; screen_md=\u00bb600&#8243; screen_sm=\u00bb480&#8243; single_overlay_opacity=\u00bb50&#8243; single_padding=\u00bb2&#8243; uncode_shortcode_id=\u00bb136575&#8243;]<br \/>\n[\/vc_column][\/vc_row]<\/p>\n<p>[vc_row][vc_column column_width_percent=\u00bb100&#8243; align_horizontal=\u00bbalign_center\u00bb gutter_size=\u00bb3&#8243; overlay_alpha=\u00bb50&#8243; shift_x=\u00bb0&#8243; shift_y=\u00bb0&#8243; shift_y_down=\u00bb0&#8243; z_index=\u00bb0&#8243; medium_width=\u00bb0&#8243; mobile_width=\u00bb0&#8243; width=\u00bb1\/1&#8243;]<br \/>\n[vc_empty_space empty_h=\u00bb2&#8243;]<br \/>\n[vc_button button_color=\u00bbcolor-rgdb\u00bb border_width=\u00bb0&#8243; link=\u00bburl:https%3A%2F%2Fwww.pro-mani.com%2Fwp-content%2Fuploads%2F2019%2F11%2FPromani-Mounting-Instruction-2019-10-22-YS.pdf||target:%20_blank|\u00bb]Instrucciones de montaje[\/vc_button]<br \/>\n[vc_empty_space empty_h=\u00bb2&#8243;]<br \/>\n[\/vc_column][\/vc_row]<\/p>\n<\/div>","protected":false},"excerpt":{"rendered":"<p>[vc_row][vc_column column_width_percent=\u00bb100&#8243; align_horizontal=\u00bbalign_center\u00bb gutter_size=\u00bb3&#8243; overlay_alpha=\u00bb50&#8243; shift_x=\u00bb0&#8243; shift_y=\u00bb0&#8243; shift_y_down=\u00bb0&#8243; z_index=\u00bb0&#8243; medium_width=\u00bb0&#8243; mobile_width=\u00bb0&#8243; width=\u00bb1\/2&#8243;] [vc_single_image media=\u00bb77187&#8243; media_width_percent=\u00bb70&#8243; alignment=\u00bbcenter\u00bb uncode_shortcode_id=\u00bb157099&#8243;] [vc_empty_space empty_h=\u00bb2&#8243;] [\/vc_column][vc_column [&hellip;]<\/p>\n","protected":false},"author":9,"featured_media":0,"parent":0,"menu_order":0,"comment_status":"closed","ping_status":"closed","template":"","meta":{"_acf_changed":false,"sfsi_plus_gutenberg_text_before_share":"","sfsi_plus_gutenberg_show_text_before_share":"","sfsi_plus_gutenberg_icon_type":"","sfsi_plus_gutenberg_icon_alignemt":"","sfsi_plus_gutenburg_max_per_row":"","footnotes":""},"class_list":["post-76848","page","type-page","status-publish","hentry"],"acf":[],"_links":{"self":[{"href":"https:\/\/www.pro-mani.com\/es\/wp-json\/wp\/v2\/pages\/76848","targetHints":{"allow":["GET"]}}],"collection":[{"href":"https:\/\/www.pro-mani.com\/es\/wp-json\/wp\/v2\/pages"}],"about":[{"href":"https:\/\/www.pro-mani.com\/es\/wp-json\/wp\/v2\/types\/page"}],"author":[{"embeddable":true,"href":"https:\/\/www.pro-mani.com\/es\/wp-json\/wp\/v2\/users\/9"}],"replies":[{"embeddable":true,"href":"https:\/\/www.pro-mani.com\/es\/wp-json\/wp\/v2\/comments?post=76848"}],"version-history":[{"count":3,"href":"https:\/\/www.pro-mani.com\/es\/wp-json\/wp\/v2\/pages\/76848\/revisions"}],"predecessor-version":[{"id":77453,"href":"https:\/\/www.pro-mani.com\/es\/wp-json\/wp\/v2\/pages\/76848\/revisions\/77453"}],"wp:attachment":[{"href":"https:\/\/www.pro-mani.com\/es\/wp-json\/wp\/v2\/media?parent=76848"}],"curies":[{"name":"wp","href":"https:\/\/api.w.org\/{rel}","templated":true}]}}