{"id":76852,"date":"2025-02-07T09:59:48","date_gmt":"2025-02-07T08:59:48","guid":{"rendered":"https:\/\/www.pro-mani.com\/?page_id=76852"},"modified":"2025-03-13T16:35:24","modified_gmt":"2025-03-13T15:35:24","slug":"giant-one-sp","status":"publish","type":"page","link":"https:\/\/www.pro-mani.com\/es\/giant-one-sp\/","title":{"rendered":"Giant One"},"content":{"rendered":"<div class=\"wpb-content-wrapper\"><p>[vc_row][vc_column column_width_percent=\u00bb100&#8243; align_horizontal=\u00bbalign_center\u00bb gutter_size=\u00bb3&#8243; overlay_alpha=\u00bb50&#8243; shift_x=\u00bb0&#8243; shift_y=\u00bb0&#8243; shift_y_down=\u00bb0&#8243; z_index=\u00bb0&#8243; medium_width=\u00bb0&#8243; mobile_width=\u00bb0&#8243; width=\u00bb1\/2&#8243;][vc_single_image media=\u00bb77279&#8243; media_width_percent=\u00bb100&#8243; uncode_shortcode_id=\u00bb116850&#8243;][\/vc_column][vc_column width=\u00bb1\/2&#8243;][vc_custom_heading]<\/p>\n<h1><strong>GIANT ONE<\/strong><\/h1>\n<p>[\/vc_custom_heading][vc_column_text uncode_shortcode_id=\u00bb234063&#8243;]El accesorio de altura fuera de est\u00e1ndar GIANT es la soluci\u00f3n ideal para cada contramarco ONE, permitiendo alcanzar alturas excepcionales de hasta 2,70 metros. Esta innovaci\u00f3n representa una oportunidad \u00fanica para aquellos que desean instalar puertas correderas empotradas con dimensiones fuera de est\u00e1ndar, sin comprometer la calidad y funcionalidad del sistema.<\/p>\n<p>Dise\u00f1ado para simplificar la instalaci\u00f3n y reducir los tiempos de montaje, GIANT ofrece una respuesta pr\u00e1ctica y r\u00e1pida para puertas correderas de gran altura. Gracias a este accesorio, es posible transformar f\u00e1cilmente un contramarco ONE en un sistema XXL, adaptable a espacios m\u00e1s amplios y a necesidades particulares, sin recurrir a modificaciones complejas o personalizaciones costosas.<\/p>\n<p>Su estructura s\u00f3lida y resistente, junto con la facilidad de instalaci\u00f3n, lo convierte en la elecci\u00f3n perfecta para quienes buscan un resultado final est\u00e9ticamente agradable y funcional, con la ventaja de un proceso de montaje r\u00e1pido. Con GIANT, las puertas correderas empotradas se convierten no solo en un elemento de dise\u00f1o, sino tambi\u00e9n en una soluci\u00f3n pr\u00e1ctica y vers\u00e1til para espacios grandes.<\/p>\n<p>[\/vc_column_text][\/vc_column][\/vc_row][vc_row][vc_column width=\u00bb1\/1&#8243;][vc_single_image media=\u00bb75267&#8243; media_width_percent=\u00bb100&#8243; uncode_shortcode_id=\u00bb132810&#8243;][\/vc_column][\/vc_row][vc_row][vc_column column_width_percent=\u00bb100&#8243; align_horizontal=\u00bbalign_center\u00bb gutter_size=\u00bb3&#8243; overlay_alpha=\u00bb50&#8243; shift_x=\u00bb0&#8243; shift_y=\u00bb0&#8243; shift_y_down=\u00bb0&#8243; z_index=\u00bb0&#8243; medium_width=\u00bb0&#8243; mobile_width=\u00bb0&#8243; width=\u00bb1\/1&#8243;][vc_empty_space empty_h=\u00bb2&#8243;][vc_button border_width=\u00bb0&#8243; link=\u00bburl:https%3A%2F%2Fwww.pro-mani.com%2Fwp-content%2Fuploads%2F2020%2F02%2FGIANT_ONE_ISTRUZIONI-DI-MONTAGGIO.pdf||target:%20_blank|\u00bb uncode_shortcode_id=\u00bb104087&#8243;]Manual de instrucciones[\/vc_button][vc_empty_space empty_h=\u00bb2&#8243;][\/vc_column][\/vc_row]<\/p>\n<\/div>","protected":false},"excerpt":{"rendered":"<p>[vc_row][vc_column column_width_percent=\u00bb100&#8243; align_horizontal=\u00bbalign_center\u00bb gutter_size=\u00bb3&#8243; overlay_alpha=\u00bb50&#8243; shift_x=\u00bb0&#8243; shift_y=\u00bb0&#8243; shift_y_down=\u00bb0&#8243; z_index=\u00bb0&#8243; medium_width=\u00bb0&#8243; mobile_width=\u00bb0&#8243; width=\u00bb1\/2&#8243;][vc_single_image media=\u00bb77279&#8243; media_width_percent=\u00bb100&#8243; uncode_shortcode_id=\u00bb116850&#8243;][\/vc_column][vc_column width=\u00bb1\/2&#8243;][vc_custom_heading] GIANT ONE [\/vc_custom_heading][vc_column_text uncode_shortcode_id=\u00bb234063&#8243;]El [&hellip;]<\/p>\n","protected":false},"author":9,"featured_media":0,"parent":0,"menu_order":0,"comment_status":"closed","ping_status":"closed","template":"","meta":{"_acf_changed":false,"sfsi_plus_gutenberg_text_before_share":"","sfsi_plus_gutenberg_show_text_before_share":"","sfsi_plus_gutenberg_icon_type":"","sfsi_plus_gutenberg_icon_alignemt":"","sfsi_plus_gutenburg_max_per_row":"","footnotes":""},"class_list":["post-76852","page","type-page","status-publish","hentry"],"acf":[],"_links":{"self":[{"href":"https:\/\/www.pro-mani.com\/es\/wp-json\/wp\/v2\/pages\/76852","targetHints":{"allow":["GET"]}}],"collection":[{"href":"https:\/\/www.pro-mani.com\/es\/wp-json\/wp\/v2\/pages"}],"about":[{"href":"https:\/\/www.pro-mani.com\/es\/wp-json\/wp\/v2\/types\/page"}],"author":[{"embeddable":true,"href":"https:\/\/www.pro-mani.com\/es\/wp-json\/wp\/v2\/users\/9"}],"replies":[{"embeddable":true,"href":"https:\/\/www.pro-mani.com\/es\/wp-json\/wp\/v2\/comments?post=76852"}],"version-history":[{"count":6,"href":"https:\/\/www.pro-mani.com\/es\/wp-json\/wp\/v2\/pages\/76852\/revisions"}],"predecessor-version":[{"id":77454,"href":"https:\/\/www.pro-mani.com\/es\/wp-json\/wp\/v2\/pages\/76852\/revisions\/77454"}],"wp:attachment":[{"href":"https:\/\/www.pro-mani.com\/es\/wp-json\/wp\/v2\/media?parent=76852"}],"curies":[{"name":"wp","href":"https:\/\/api.w.org\/{rel}","templated":true}]}}