{"id":76873,"date":"2025-02-07T10:01:03","date_gmt":"2025-02-07T09:01:03","guid":{"rendered":"https:\/\/www.pro-mani.com\/?page_id=76873"},"modified":"2025-03-13T17:24:48","modified_gmt":"2025-03-13T16:24:48","slug":"nuestra_mision","status":"publish","type":"page","link":"https:\/\/www.pro-mani.com\/es\/nuestra_mision\/","title":{"rendered":"Empresa"},"content":{"rendered":"<div class=\"wpb-content-wrapper\"><p>[vc_row row_height_percent=\u00bb0&#8243; override_padding=\u00bbyes\u00bb h_padding=\u00bb2&#8243; top_padding=\u00bb2&#8243; bottom_padding=\u00bb3&#8243; overlay_alpha=\u00bb50&#8243; gutter_size=\u00bb3&#8243; column_width_percent=\u00bb100&#8243; shift_y=\u00bb0&#8243; z_index=\u00bb0&#8243; medium_visibility=\u00bbyes\u00bb mobile_visibility=\u00bbyes\u00bb content_parallax=\u00bb0&#8243; uncode_shortcode_id=\u00bb605724&#8243;][vc_column column_width_percent=\u00bb100&#8243; gutter_size=\u00bb3&#8243; overlay_alpha=\u00bb50&#8243; shift_x=\u00bb0&#8243; shift_y=\u00bb0&#8243; shift_y_down=\u00bb0&#8243; z_index=\u00bb0&#8243; medium_width=\u00bb0&#8243; mobile_width=\u00bb0&#8243; css_animation=\u00bbalpha-anim\u00bb width=\u00bb1\/3&#8243;][vc_single_image media=\u00bb76529&#8243; media_width_percent=\u00bb60&#8243; alignment=\u00bbcenter\u00bb uncode_shortcode_id=\u00bb212733&#8243;][vc_empty_space empty_h=\u00bb2&#8243;][vc_empty_space empty_h=\u00bb2&#8243;][vc_empty_space empty_h=\u00bb2&#8243;][vc_custom_heading heading_semantic=\u00bbh5&#8243; text_size=\u00bbh5&#8243; text_weight=\u00bb300&#8243; text_transform=\u00bbuppercase\u00bb sub_reduced=\u00bbyes\u00bb el_class=\u00bbsubtitle_insidepade\u00bb uncode_shortcode_id=\u00bb165476&#8243;]Innovaci\u00f3n y Simplicidad[\/vc_custom_heading][vc_empty_space empty_h=\u00bb2&#8243;][vc_empty_space empty_h=\u00bb2&#8243;][vc_empty_space empty_h=\u00bb2&#8243;][vc_empty_space empty_h=\u00bb2&#8243;][vc_empty_space empty_h=\u00bb2&#8243;][vc_custom_heading heading_semantic=\u00bbh5&#8243; text_size=\u00bbh5&#8243; text_weight=\u00bb300&#8243; text_transform=\u00bbuppercase\u00bb sub_reduced=\u00bbyes\u00bb el_class=\u00bbsubtitle_insidepade\u00bb uncode_shortcode_id=\u00bb535881&#8243;]Un producto pensado para todos[\/vc_custom_heading][vc_empty_space empty_h=\u00bb2&#8243;][vc_empty_space empty_h=\u00bb2&#8243;][vc_empty_space empty_h=\u00bb2&#8243;][vc_empty_space empty_h=\u00bb2&#8243;][vc_empty_space empty_h=\u00bb2&#8243;][vc_custom_heading heading_semantic=\u00bbh5&#8243; text_size=\u00bbh5&#8243; text_weight=\u00bb300&#8243; text_transform=\u00bbuppercase\u00bb sub_reduced=\u00bbyes\u00bb el_class=\u00bbsubtitle_insidepade\u00bb uncode_shortcode_id=\u00bb804831&#8243;]Soluciones elegantes y funcionales para cada entorno[\/vc_custom_heading][vc_empty_space empty_h=\u00bb2&#8243;][vc_empty_space empty_h=\u00bb2&#8243;][vc_empty_space empty_h=\u00bb2&#8243;][vc_empty_space empty_h=\u00bb2&#8243;][vc_empty_space empty_h=\u00bb2&#8243;][vc_custom_heading heading_semantic=\u00bbh5&#8243; text_size=\u00bbh5&#8243; text_weight=\u00bb300&#8243; text_transform=\u00bbuppercase\u00bb sub_reduced=\u00bbyes\u00bb el_class=\u00bbsubtitle_insidepade\u00bb uncode_shortcode_id=\u00bb928851&#8243;]Instalaci\u00f3n r\u00e1pida y personalizaci\u00f3n total[\/vc_custom_heading][vc_empty_space empty_h=\u00bb2&#8243;][\/vc_column][vc_column column_width_percent=\u00bb100&#8243; gutter_size=\u00bb3&#8243; overlay_alpha=\u00bb50&#8243; shift_x=\u00bb0&#8243; shift_y=\u00bb0&#8243; shift_y_down=\u00bb0&#8243; z_index=\u00bb0&#8243; medium_width=\u00bb0&#8243; mobile_width=\u00bb0&#8243; css_animation=\u00bbalpha-anim\u00bb width=\u00bb2\/3&#8243;][vc_empty_space empty_h=\u00bb2&#8243;][vc_column_text text_color=\u00bbcolor-jevc\u00bb uncode_shortcode_id=\u00bb192988&#8243; text_color_type=\u00bbuncode-palette\u00bb]<em>\u00abPromani es el socio ideal para contramarcos y accesorios para puertas correderas, combinando innovaci\u00f3n, est\u00e9tica y funcionalidad.\u00bb<\/em>[\/vc_column_text][vc_empty_space empty_h=\u00bb2&#8243;][vc_column_text uncode_shortcode_id=\u00bb111020&#8243;]Promani nace de la experiencia de varios a\u00f1os en el sector de la construcci\u00f3n ligera y del deseo de ofrecer soluciones concretas para la instalaci\u00f3n de sistemas para puertas correderas. El continuo intercambio con las necesidades del mercado ha llevado al dise\u00f1o y patentado de un marco innovador, capaz de combinar adaptabilidad, rendimiento y una simplicidad de instalaci\u00f3n sin precedentes.[\/vc_column_text][vc_empty_space empty_h=\u00bb2&#8243;][vc_column_text uncode_shortcode_id=\u00bb108245&#8243;]La caracter\u00edstica principal de nuestros marcos es su instalaci\u00f3n intuitiva, dise\u00f1ada para ser accesible tanto para profesionales como para aficionados del bricolaje. Las tendencias actuales en el mundo del dise\u00f1o de interiores favorecen cada vez m\u00e1s soluciones comprables y ensamblables de forma aut\u00f3noma: nuestra misi\u00f3n es precisamente esa, ofrecer un sistema f\u00e1cil de instalar sin comprometer la calidad y fiabilidad.[\/vc_column_text][vc_empty_space empty_h=\u00bb2&#8243;][vc_column_text uncode_shortcode_id=\u00bb105367&#8243;]Los contramarcos Promani permiten optimizar y renovar los espacios de viviendas, oficinas y lugares p\u00fablicos con sistemas ocultos a ras de pared o con jambas. \u00bfEl resultado? Un dise\u00f1o limpio y elegante, altamente personalizable en t\u00e9rminos de medidas, acabados y accesorios, adapt\u00e1ndose perfectamente tanto a los entornos dom\u00e9sticos como a los comerciales.[\/vc_column_text][vc_empty_space empty_h=\u00bb2&#8243;][vc_empty_space empty_h=\u00bb2&#8243;][vc_column_text uncode_shortcode_id=\u00bb160310&#8243;]Gracias al innovador kit Promani, tanto el particular como el t\u00e9cnico especializado pueden completar la instalaci\u00f3n de la puerta corredera en pocos minutos. Como complemento del sistema, ofrecemos una gama de accesorios para personalizar su puerta corredera y hacerla \u00fanica.[\/vc_column_text][vc_empty_space empty_h=\u00bb2&#8243;][\/vc_column][\/vc_row][vc_row unlock_row_content=\u00bbyes\u00bb row_height_percent=\u00bb0&#8243; override_padding=\u00bbyes\u00bb h_padding=\u00bb2&#8243; top_padding=\u00bb4&#8243; bottom_padding=\u00bb4&#8243; overlay_alpha=\u00bb50&#8243; gutter_size=\u00bb3&#8243; column_width_percent=\u00bb100&#8243; shift_y=\u00bb0&#8243; z_index=\u00bb0&#8243; medium_visibility=\u00bbyes\u00bb mobile_visibility=\u00bbyes\u00bb content_parallax=\u00bb0&#8243; row_name=\u00bbGaler\u00eda\u00bb uncode_shortcode_id=\u00bb152294&#8243;][vc_column column_width_use_pixel=\u00bbyes\u00bb position_vertical=\u00bbjustify\u00bb align_horizontal=\u00bbalign_center\u00bb gutter_size=\u00bb3&#8243; style=\u00bbdark\u00bb back_color=\u00bbcolor-wayh\u00bb overlay_alpha=\u00bb50&#8243; radius=\u00bbstd\u00bb shift_x=\u00bb0&#8243; shift_y=\u00bb0&#8243; shift_y_down=\u00bb0&#8243; z_index=\u00bb0&#8243; medium_width=\u00bb0&#8243; mobile_width=\u00bb0&#8243; zoom_width=\u00bb0&#8243; zoom_height=\u00bb0&#8243; column_width_pixel=\u00bb1400&#8243; uncode_shortcode_id=\u00bb411917&#8243; back_color_type=\u00bbuncode-palette\u00bb][vc_gallery el_id=\u00bbgallery-47626&#8243; type=\u00bbcarousel\u00bb medias=\u00bb73839,73837,73836,73841,73838,73840&#8243; gallery_back_color=\u00bbcolor-390384&#8243; carousel_lg=\u00bb3&#8243; carousel_md=\u00bb2&#8243; carousel_sm=\u00bb1&#8243; gutter_size=\u00bb2&#8243; media_items=\u00bbmedia,icon\u00bb carousel_v_align=\u00bbmiddle\u00bb carousel_type=\u00bbfade\u00bb carousel_interval=\u00bb3000&#8243; carousel_navspeed=\u00bb400&#8243; carousel_loop=\u00bbyes\u00bb carousel_dots=\u00bbyes\u00bb stage_padding=\u00bb0&#8243; single_back_color=\u00bbcolor-g\u00bb single_overlay_opacity=\u00bb50&#8243; single_image_anim=\u00bbno\u00bb single_h_align=\u00bbcenter\u00bb single_padding=\u00bb2&#8243; single_icon=\u00bbfa fa-search3&#8243; single_shadow=\u00bbyes\u00bb single_border=\u00bbyes\u00bb carousel_rtl=\u00bb\u00bb single_title_uppercase=\u00bb\u00bb uncode_shortcode_id=\u00bb148063&#8243; gallery_back_color_type=\u00bbuncode-palette\u00bb][\/vc_column][\/vc_row][vc_row row_height_percent=\u00bb0&#8243; override_padding=\u00bbyes\u00bb h_padding=\u00bb2&#8243; top_padding=\u00bb2&#8243; bottom_padding=\u00bb3&#8243; overlay_alpha=\u00bb50&#8243; gutter_size=\u00bb3&#8243; column_width_percent=\u00bb100&#8243; shift_y=\u00bb0&#8243; z_index=\u00bb0&#8243; desktop_visibility=\u00bbyes\u00bb content_parallax=\u00bb0&#8243; uncode_shortcode_id=\u00bb184841&#8243;][vc_column column_width_percent=\u00bb100&#8243; gutter_size=\u00bb3&#8243; overlay_alpha=\u00bb50&#8243; shift_x=\u00bb0&#8243; shift_y=\u00bb0&#8243; shift_y_down=\u00bb0&#8243; z_index=\u00bb0&#8243; medium_width=\u00bb0&#8243; mobile_width=\u00bb0&#8243; css_animation=\u00bbalpha-anim\u00bb width=\u00bb1\/3&#8243;][vc_single_image media=\u00bb76529&#8243; media_width_percent=\u00bb20&#8243; alignment=\u00bbcenter\u00bb uncode_shortcode_id=\u00bb878896&#8243;][vc_empty_space empty_h=\u00bb2&#8243;][vc_column_text text_color=\u00bbcolor-jevc\u00bb uncode_shortcode_id=\u00bb654281&#8243; text_color_type=\u00bbuncode-palette\u00bb]<\/p>\n<p style=\"text-align: center;\"><em>\u00abPromani es el socio ideal para contramarcos y accesorios para puertas correderas, combinando innovaci\u00f3n, est\u00e9tica y funcionalidad.\u00bb<\/em><\/p>\n<p>[\/vc_column_text][vc_empty_space empty_h=\u00bb2&#8243;][vc_empty_space empty_h=\u00bb2&#8243;][vc_custom_heading heading_semantic=\u00bbh5&#8243; text_size=\u00bbh5&#8243; text_weight=\u00bb300&#8243; text_transform=\u00bbuppercase\u00bb sub_reduced=\u00bbyes\u00bb el_class=\u00bbsubtitle_insidepade\u00bb uncode_shortcode_id=\u00bb165476&#8243;]Innovaci\u00f3n y Simplicidad[\/vc_custom_heading][vc_column_text uncode_shortcode_id=\u00bb111020&#8243;]Promani nace de la experiencia de varios a\u00f1os en el sector de la construcci\u00f3n ligera y del deseo de ofrecer soluciones concretas para la instalaci\u00f3n de sistemas para puertas correderas. El continuo intercambio con las necesidades del mercado ha llevado al dise\u00f1o y patentado de un marco innovador, capaz de combinar adaptabilidad, rendimiento y una simplicidad de instalaci\u00f3n sin precedentes.[\/vc_column_text][vc_empty_space empty_h=\u00bb2&#8243;][vc_custom_heading heading_semantic=\u00bbh5&#8243; text_size=\u00bbh5&#8243; text_weight=\u00bb300&#8243; text_transform=\u00bbuppercase\u00bb sub_reduced=\u00bbyes\u00bb el_class=\u00bbsubtitle_insidepade\u00bb uncode_shortcode_id=\u00bb535881&#8243;]Un producto pensado para todos[\/vc_custom_heading][vc_column_text uncode_shortcode_id=\u00bb108245&#8243;]La caracter\u00edstica principal de nuestros marcos es su instalaci\u00f3n intuitiva, dise\u00f1ada para ser accesible tanto para profesionales como para aficionados del bricolaje. Las tendencias actuales en el mundo del dise\u00f1o de interiores favorecen cada vez m\u00e1s soluciones comprables y ensamblables de forma aut\u00f3noma: nuestra misi\u00f3n es precisamente esa, ofrecer un sistema f\u00e1cil de instalar sin comprometer la calidad y fiabilidad.[\/vc_column_text][vc_empty_space empty_h=\u00bb2&#8243;][vc_custom_heading heading_semantic=\u00bbh5&#8243; text_size=\u00bbh5&#8243; text_weight=\u00bb300&#8243; text_transform=\u00bbuppercase\u00bb sub_reduced=\u00bbyes\u00bb el_class=\u00bbsubtitle_insidepade\u00bb uncode_shortcode_id=\u00bb804831&#8243;]Soluciones elegantes y funcionales para cada entorno[\/vc_custom_heading][vc_column_text uncode_shortcode_id=\u00bb105367&#8243;]Los contramarcos Promani permiten optimizar y renovar los espacios de viviendas, oficinas y lugares p\u00fablicos con sistemas ocultos a ras de pared o con jambas. \u00bfEl resultado? Un dise\u00f1o limpio y elegante, altamente personalizable en t\u00e9rminos de medidas, acabados y accesorios, adapt\u00e1ndose perfectamente tanto a los entornos dom\u00e9sticos como a los comerciales.[\/vc_column_text][vc_empty_space empty_h=\u00bb2&#8243;][vc_custom_heading heading_semantic=\u00bbh5&#8243; text_size=\u00bbh5&#8243; text_weight=\u00bb300&#8243; text_transform=\u00bbuppercase\u00bb sub_reduced=\u00bbyes\u00bb el_class=\u00bbsubtitle_insidepade\u00bb uncode_shortcode_id=\u00bb928851&#8243;]Instalaci\u00f3n r\u00e1pida y personalizaci\u00f3n total[\/vc_custom_heading][vc_column_text uncode_shortcode_id=\u00bb160310&#8243;]Gracias al innovador kit Promani, tanto el particular como el t\u00e9cnico especializado pueden completar la instalaci\u00f3n de la puerta corredera en pocos minutos. Como complemento del sistema, ofrecemos una gama de accesorios para personalizar su puerta corredera y hacerla \u00fanica.[\/vc_column_text][vc_gallery el_id=\u00bbgallery-47626&#8243; type=\u00bbcarousel\u00bb medias=\u00bb73839,73837,73836,73841,73838,73840&#8243; gallery_back_color=\u00bbcolor-390384&#8243; carousel_lg=\u00bb3&#8243; carousel_md=\u00bb2&#8243; carousel_sm=\u00bb1&#8243; gutter_size=\u00bb2&#8243; media_items=\u00bbmedia,icon\u00bb carousel_v_align=\u00bbmiddle\u00bb carousel_type=\u00bbfade\u00bb carousel_interval=\u00bb3000&#8243; carousel_navspeed=\u00bb400&#8243; carousel_loop=\u00bbyes\u00bb carousel_dots=\u00bbyes\u00bb stage_padding=\u00bb0&#8243; single_back_color=\u00bbcolor-g\u00bb single_overlay_opacity=\u00bb50&#8243; single_image_anim=\u00bbno\u00bb single_h_align=\u00bbcenter\u00bb single_padding=\u00bb2&#8243; single_icon=\u00bbfa fa-search3&#8243; single_shadow=\u00bbyes\u00bb single_border=\u00bbyes\u00bb carousel_rtl=\u00bb\u00bb single_title_uppercase=\u00bb\u00bb uncode_shortcode_id=\u00bb148063&#8243; gallery_back_color_type=\u00bbuncode-palette\u00bb][\/vc_column][\/vc_row]<\/p>\n<\/div>","protected":false},"excerpt":{"rendered":"<p>[vc_row row_height_percent=\u00bb0&#8243; override_padding=\u00bbyes\u00bb h_padding=\u00bb2&#8243; top_padding=\u00bb2&#8243; bottom_padding=\u00bb3&#8243; overlay_alpha=\u00bb50&#8243; gutter_size=\u00bb3&#8243; column_width_percent=\u00bb100&#8243; shift_y=\u00bb0&#8243; z_index=\u00bb0&#8243; medium_visibility=\u00bbyes\u00bb mobile_visibility=\u00bbyes\u00bb content_parallax=\u00bb0&#8243; uncode_shortcode_id=\u00bb605724&#8243;][vc_column column_width_percent=\u00bb100&#8243; gutter_size=\u00bb3&#8243; overlay_alpha=\u00bb50&#8243; shift_x=\u00bb0&#8243; shift_y=\u00bb0&#8243; [&hellip;]<\/p>\n","protected":false},"author":9,"featured_media":0,"parent":0,"menu_order":20,"comment_status":"closed","ping_status":"closed","template":"","meta":{"_acf_changed":false,"sfsi_plus_gutenberg_text_before_share":"","sfsi_plus_gutenberg_show_text_before_share":"","sfsi_plus_gutenberg_icon_type":"","sfsi_plus_gutenberg_icon_alignemt":"","sfsi_plus_gutenburg_max_per_row":"","footnotes":""},"class_list":["post-76873","page","type-page","status-publish","hentry"],"acf":[],"_links":{"self":[{"href":"https:\/\/www.pro-mani.com\/es\/wp-json\/wp\/v2\/pages\/76873","targetHints":{"allow":["GET"]}}],"collection":[{"href":"https:\/\/www.pro-mani.com\/es\/wp-json\/wp\/v2\/pages"}],"about":[{"href":"https:\/\/www.pro-mani.com\/es\/wp-json\/wp\/v2\/types\/page"}],"author":[{"embeddable":true,"href":"https:\/\/www.pro-mani.com\/es\/wp-json\/wp\/v2\/users\/9"}],"replies":[{"embeddable":true,"href":"https:\/\/www.pro-mani.com\/es\/wp-json\/wp\/v2\/comments?post=76873"}],"version-history":[{"count":7,"href":"https:\/\/www.pro-mani.com\/es\/wp-json\/wp\/v2\/pages\/76873\/revisions"}],"predecessor-version":[{"id":77698,"href":"https:\/\/www.pro-mani.com\/es\/wp-json\/wp\/v2\/pages\/76873\/revisions\/77698"}],"wp:attachment":[{"href":"https:\/\/www.pro-mani.com\/es\/wp-json\/wp\/v2\/media?parent=76873"}],"curies":[{"name":"wp","href":"https:\/\/api.w.org\/{rel}","templated":true}]}}