{"id":76883,"date":"2025-02-07T10:03:10","date_gmt":"2025-02-07T09:03:10","guid":{"rendered":"https:\/\/www.pro-mani.com\/?page_id=76883"},"modified":"2025-03-13T17:20:02","modified_gmt":"2025-03-13T16:20:02","slug":"innovacion_y_simplicidad","status":"publish","type":"page","link":"https:\/\/www.pro-mani.com\/es\/innovacion_y_simplicidad\/","title":{"rendered":"Innovacion"},"content":{"rendered":"<div class=\"wpb-content-wrapper\"><p>[vc_row][vc_column width=\u00bb1\/3&#8243;][vc_custom_heading heading_semantic=\u00bbh1&#8243; text_font=\u00bbfont-351847&#8243; text_transform=\u00bbuppercase\u00bb]SENCILLEZ E INNOVACI\u00d3N[\/vc_custom_heading][vc_custom_heading heading_semantic=\u00bbh5&#8243; text_size=\u00bbh5&#8243; text_weight=\u00bb300&#8243; text_transform=\u00bbuppercase\u00bb sub_reduced=\u00bbyes\u00bb el_class=\u00bbsubtitle_insidepade\u00bb uncode_shortcode_id=\u00bb194714&#8243;]Detalles que marcan la diferencia.[\/vc_custom_heading][vc_single_image media=\u00bb76822&#8243; media_width_percent=\u00bb80&#8243; uncode_shortcode_id=\u00bb189066&#8243;][\/vc_column][vc_column width=\u00bb2\/3&#8243;][vc_column_text uncode_shortcode_id=\u00bb176164&#8243;]Gracias a nuestra consolidada experiencia en el sector, el equipo t\u00e9cnico de Promani ha desarrollado un innovador marco para puertas correderas patentado, caracterizado por la extraordinaria facilidad de instalaci\u00f3n, sin comprometer la calidad y el rendimiento profesional.<\/p>\n<p>En un contexto de creciente aprecio por soluciones de mobiliario y dise\u00f1o de interiores que favorecen la autosuficiencia, nuestro marco encaja perfectamente entre los productos ideales para la compra e instalaci\u00f3n DIY (hazlo t\u00fa mismo). Nuestra misi\u00f3n ha sido justamente crear una soluci\u00f3n que respondiera a las necesidades de todos, tanto de los aficionados al bricolaje como de los instaladores profesionales.<\/p>\n<p>Nuestro marco patentado ofrece un sistema altamente eficiente, vers\u00e1til y adaptable a todas las dimensiones de puertas correderas, con la posibilidad de personalizar el tama\u00f1o final del panel directamente en la fase de instalaci\u00f3n.<\/p>\n<p>Un proyecto ambicioso que revoluciona el concepto de puerta empotrada, con un sistema que garantiza innovaci\u00f3n, funcionalidad, calidad y est\u00e9tica. Promani lleva una nueva visi\u00f3n al dise\u00f1o de viviendas, oficinas y espacios p\u00fablicos, haciendo que la renovaci\u00f3n de los ambientes sea m\u00e1s f\u00e1cil y accesible que nunca.[\/vc_column_text][\/vc_column][\/vc_row][vc_row row_height_percent=\u00bb0&#8243; override_padding=\u00bbyes\u00bb h_padding=\u00bb2&#8243; top_padding=\u00bb2&#8243; bottom_padding=\u00bb1&#8243; overlay_alpha=\u00bb50&#8243; gutter_size=\u00bb3&#8243; column_width_percent=\u00bb100&#8243; shift_y=\u00bb0&#8243; z_index=\u00bb0&#8243; row_name=\u00bbHighlights\u00bb][vc_column column_width_percent=\u00bb100&#8243; align_horizontal=\u00bbalign_center\u00bb gutter_size=\u00bb3&#8243; overlay_alpha=\u00bb50&#8243; shift_x=\u00bb0&#8243; shift_y=\u00bb0&#8243; shift_y_down=\u00bb0&#8243; z_index=\u00bb0&#8243; medium_width=\u00bb0&#8243; mobile_width=\u00bb0&#8243; width=\u00bb1\/3&#8243;][vc_single_image media=\u00bb73993&#8243; media_width_percent=\u00bb70&#8243; media_ratio=\u00bbone-one\u00bb alignment=\u00bbcenter\u00bb shape=\u00bbimg-circle\u00bb][vc_custom_heading heading_semantic=\u00bbh4&#8243; text_size=\u00bbh4&#8243; uncode_shortcode_id=\u00bb155033&#8243;]De lo est\u00e1ndar a la personalizaci\u00f3n sin l\u00edmites[\/vc_custom_heading][vc_column_text uncode_shortcode_id=\u00bb759316&#8243;]El contramarco Promani no solo cumple con las medidas est\u00e1ndar de cada pa\u00eds, sino que ofrece una personalizaci\u00f3n total, en cada detalle. Desde las dimensiones hasta los acabados, los colores y las configuraciones espec\u00edficas, nuestros productos se adaptan perfectamente a cualquier necesidad, haciendo que cada proyecto sea \u00fanico.[\/vc_column_text][\/vc_column][vc_column column_width_percent=\u00bb100&#8243; align_horizontal=\u00bbalign_center\u00bb gutter_size=\u00bb3&#8243; overlay_alpha=\u00bb50&#8243; shift_x=\u00bb0&#8243; shift_y=\u00bb0&#8243; shift_y_down=\u00bb0&#8243; z_index=\u00bb0&#8243; medium_width=\u00bb0&#8243; mobile_width=\u00bb0&#8243; width=\u00bb1\/3&#8243;][vc_single_image media=\u00bb73994&#8243; media_width_percent=\u00bb70&#8243; media_ratio=\u00bbone-one\u00bb alignment=\u00bbcenter\u00bb shape=\u00bbimg-circle\u00bb][vc_custom_heading heading_semantic=\u00bbh4&#8243; text_size=\u00bbh4&#8243; uncode_shortcode_id=\u00bb198377&#8243;]Frenado bidireccional de serie[\/vc_custom_heading][vc_column_text uncode_shortcode_id=\u00bb643558&#8243;]Promani proporciona el dispositivo para el frenado bidireccional de la puerta corredera directamente dentro del kit del contramarco sin coste adicional. Seg\u00fan la filosof\u00eda de la empresa, es indispensable ofrecer a nuestros clientes un paquete completo para la mejor experiencia de uso diario.[\/vc_column_text][\/vc_column][vc_column column_width_percent=\u00bb100&#8243; align_horizontal=\u00bbalign_center\u00bb gutter_size=\u00bb3&#8243; overlay_alpha=\u00bb50&#8243; shift_x=\u00bb0&#8243; shift_y=\u00bb0&#8243; shift_y_down=\u00bb0&#8243; z_index=\u00bb0&#8243; medium_width=\u00bb4&#8243; mobile_width=\u00bb0&#8243; zoom_width=\u00bb0&#8243; zoom_height=\u00bb0&#8243; width=\u00bb1\/3&#8243;][vc_single_image media=\u00bb74348&#8243; media_width_percent=\u00bb70&#8243; media_ratio=\u00bbone-one\u00bb alignment=\u00bbcenter\u00bb shape=\u00bbimg-circle\u00bb][vc_custom_heading heading_semantic=\u00bbh4&#8243; text_size=\u00bbh4&#8243; uncode_shortcode_id=\u00bb114141&#8243;]Extracci\u00f3n del riel[\/vc_custom_heading][vc_column_text uncode_shortcode_id=\u00bb151233&#8243;]El riel para la inserci\u00f3n del panel de la puerta corredera ha sido dise\u00f1ado espec\u00edficamente para permitir una f\u00e1cil extracci\u00f3n incluso despu\u00e9s de insertar la puerta corredera. De esta forma, es posible instalar accesorios incluso con el producto ya instalado, sin da\u00f1ar los acabados.[\/vc_column_text][\/vc_column][\/vc_row][vc_row row_height_percent=\u00bb0&#8243; override_padding=\u00bbyes\u00bb h_padding=\u00bb2&#8243; top_padding=\u00bb3&#8243; bottom_padding=\u00bb3&#8243; overlay_alpha=\u00bb50&#8243; gutter_size=\u00bb3&#8243; column_width_percent=\u00bb100&#8243; shift_y=\u00bb0&#8243; z_index=\u00bb0&#8243; medium_visibility=\u00bbyes\u00bb mobile_visibility=\u00bbyes\u00bb content_parallax=\u00bb0&#8243; row_name=\u00bbHighlights\u00bb uncode_shortcode_id=\u00bb201932&#8243;][vc_column column_width_percent=\u00bb100&#8243; position_vertical=\u00bbmiddle\u00bb gutter_size=\u00bb3&#8243; overlay_alpha=\u00bb50&#8243; shift_x=\u00bb0&#8243; shift_y=\u00bb0&#8243; medium_width=\u00bb4&#8243; zoom_width=\u00bb0&#8243; zoom_height=\u00bb0&#8243; width=\u00bb1\/1&#8243;][vc_separator sep_color=\u00bb,Default\u00bb][\/vc_column][\/vc_row][vc_row row_height_percent=\u00bb0&#8243; override_padding=\u00bbyes\u00bb h_padding=\u00bb2&#8243; top_padding=\u00bb2&#8243; bottom_padding=\u00bb4&#8243; overlay_alpha=\u00bb50&#8243; gutter_size=\u00bb3&#8243; column_width_percent=\u00bb100&#8243; shift_y=\u00bb0&#8243; z_index=\u00bb0&#8243; row_name=\u00bbHighlights\u00bb][vc_column column_width_percent=\u00bb100&#8243; align_horizontal=\u00bbalign_center\u00bb gutter_size=\u00bb3&#8243; overlay_alpha=\u00bb50&#8243; shift_x=\u00bb0&#8243; shift_y=\u00bb0&#8243; shift_y_down=\u00bb0&#8243; z_index=\u00bb0&#8243; medium_width=\u00bb4&#8243; mobile_width=\u00bb0&#8243; zoom_width=\u00bb0&#8243; zoom_height=\u00bb0&#8243; width=\u00bb1\/6&#8243;][\/vc_column][vc_column column_width_percent=\u00bb100&#8243; align_horizontal=\u00bbalign_center\u00bb gutter_size=\u00bb3&#8243; overlay_alpha=\u00bb50&#8243; shift_x=\u00bb0&#8243; shift_y=\u00bb0&#8243; shift_y_down=\u00bb0&#8243; z_index=\u00bb0&#8243; medium_width=\u00bb0&#8243; mobile_width=\u00bb0&#8243; width=\u00bb1\/3&#8243;][vc_single_image media=\u00bb74324&#8243; media_width_percent=\u00bb70&#8243; media_ratio=\u00bbone-one\u00bb alignment=\u00bbcenter\u00bb shape=\u00bbimg-circle\u00bb][vc_custom_heading heading_semantic=\u00bbh4&#8243; text_size=\u00bbh4&#8243; uncode_shortcode_id=\u00bb518547&#8243;]Gu\u00edas para cart\u00f3n yeso[\/vc_custom_heading][vc_column_text uncode_shortcode_id=\u00bb113503&#8243;]Las gu\u00edas en el per\u00edmetro exterior del contramarco para puertas correderas permiten la instalaci\u00f3n directa en la estructura de cart\u00f3n yeso de la pared. Esta soluci\u00f3n mejora y acelera la instalaci\u00f3n del contramarco evitando la necesidad de perfiles de soporte adicionales.[\/vc_column_text][\/vc_column][vc_column column_width_percent=\u00bb100&#8243; align_horizontal=\u00bbalign_center\u00bb gutter_size=\u00bb3&#8243; overlay_alpha=\u00bb50&#8243; shift_x=\u00bb0&#8243; shift_y=\u00bb0&#8243; shift_y_down=\u00bb0&#8243; z_index=\u00bb0&#8243; medium_width=\u00bb0&#8243; mobile_width=\u00bb0&#8243; width=\u00bb1\/3&#8243;][vc_single_image media=\u00bb74698&#8243; media_width_percent=\u00bb70&#8243; media_ratio=\u00bbone-one\u00bb alignment=\u00bbcenter\u00bb shape=\u00bbimg-circle\u00bb][vc_custom_heading heading_semantic=\u00bbh4&#8243; text_size=\u00bbh4&#8243; uncode_shortcode_id=\u00bb205087&#8243;]Perfil separador[\/vc_custom_heading][vc_column_text uncode_shortcode_id=\u00bb126975&#8243;]El perfil separador incluido en el kit del contramarco para puerta Promani permite una instalaci\u00f3n perfectamente alineada con la estructura de cart\u00f3n yeso, evitando errores de alineaci\u00f3n que a veces se presentan en las actividades de construcci\u00f3n ligera.[\/vc_column_text][\/vc_column][vc_column width=\u00bb1\/6&#8243;][\/vc_column][\/vc_row][vc_row row_height_percent=\u00bb0&#8243; override_padding=\u00bbyes\u00bb h_padding=\u00bb2&#8243; top_padding=\u00bb5&#8243; bottom_padding=\u00bb3&#8243; overlay_alpha=\u00bb50&#8243; gutter_size=\u00bb3&#8243; column_width_percent=\u00bb100&#8243; shift_y=\u00bb0&#8243; z_index=\u00bb0&#8243;][vc_column width=\u00bb1\/2&#8243;][vc_single_image media=\u00bb74034&#8243; media_width_percent=\u00bb100&#8243; uncode_shortcode_id=\u00bb542559&#8243;][\/vc_column][vc_column column_width_percent=\u00bb100&#8243; position_vertical=\u00bbmiddle\u00bb gutter_size=\u00bb3&#8243; overlay_alpha=\u00bb50&#8243; shift_x=\u00bb0&#8243; shift_y=\u00bb0&#8243; shift_y_down=\u00bb0&#8243; z_index=\u00bb0&#8243; medium_width=\u00bb0&#8243; mobile_width=\u00bb0&#8243; width=\u00bb1\/2&#8243;][vc_custom_heading heading_semantic=\u00bbh3&#8243; text_size=\u00bbh3&#8243; uncode_shortcode_id=\u00bb132178&#8243;]Materiales certificados, calidad garantizada[\/vc_custom_heading][vc_column_text uncode_shortcode_id=\u00bb157174&#8243;]Los materiales utilizados en nuestra gama de marcos, acero galvanizado y aluminio certificados, aseguran la m\u00e1xima solidez y seguridad para todos los componentes estructurales del contramarco para puertas correderas, garantizando fiabilidad en cada fase de la instalaci\u00f3n.<\/p>\n<p>Nuestras soluciones para puertas empotradas interiores ofrecen un rendimiento superior y una durabilidad incomparable, gracias al cuidado de los detalles y la funcionalidad que distinguen nuestros productos en el sector de la construcci\u00f3n ligera y entre los aficionados al bricolaje.[\/vc_column_text][\/vc_column][\/vc_row]<\/p>\n<\/div>","protected":false},"excerpt":{"rendered":"<p>[vc_row][vc_column width=\u00bb1\/3&#8243;][vc_custom_heading heading_semantic=\u00bbh1&#8243; text_font=\u00bbfont-351847&#8243; text_transform=\u00bbuppercase\u00bb]SENCILLEZ E INNOVACI\u00d3N[\/vc_custom_heading][vc_custom_heading heading_semantic=\u00bbh5&#8243; text_size=\u00bbh5&#8243; text_weight=\u00bb300&#8243; text_transform=\u00bbuppercase\u00bb sub_reduced=\u00bbyes\u00bb el_class=\u00bbsubtitle_insidepade\u00bb uncode_shortcode_id=\u00bb194714&#8243;]Detalles que marcan la diferencia.[\/vc_custom_heading][vc_single_image media=\u00bb76822&#8243; media_width_percent=\u00bb80&#8243; [&hellip;]<\/p>\n","protected":false},"author":9,"featured_media":0,"parent":0,"menu_order":30,"comment_status":"closed","ping_status":"closed","template":"","meta":{"_acf_changed":false,"sfsi_plus_gutenberg_text_before_share":"","sfsi_plus_gutenberg_show_text_before_share":"","sfsi_plus_gutenberg_icon_type":"","sfsi_plus_gutenberg_icon_alignemt":"","sfsi_plus_gutenburg_max_per_row":"","footnotes":""},"class_list":["post-76883","page","type-page","status-publish","hentry"],"acf":[],"_links":{"self":[{"href":"https:\/\/www.pro-mani.com\/es\/wp-json\/wp\/v2\/pages\/76883","targetHints":{"allow":["GET"]}}],"collection":[{"href":"https:\/\/www.pro-mani.com\/es\/wp-json\/wp\/v2\/pages"}],"about":[{"href":"https:\/\/www.pro-mani.com\/es\/wp-json\/wp\/v2\/types\/page"}],"author":[{"embeddable":true,"href":"https:\/\/www.pro-mani.com\/es\/wp-json\/wp\/v2\/users\/9"}],"replies":[{"embeddable":true,"href":"https:\/\/www.pro-mani.com\/es\/wp-json\/wp\/v2\/comments?post=76883"}],"version-history":[{"count":5,"href":"https:\/\/www.pro-mani.com\/es\/wp-json\/wp\/v2\/pages\/76883\/revisions"}],"predecessor-version":[{"id":77631,"href":"https:\/\/www.pro-mani.com\/es\/wp-json\/wp\/v2\/pages\/76883\/revisions\/77631"}],"wp:attachment":[{"href":"https:\/\/www.pro-mani.com\/es\/wp-json\/wp\/v2\/media?parent=76883"}],"curies":[{"name":"wp","href":"https:\/\/api.w.org\/{rel}","templated":true}]}}