{"id":76886,"date":"2025-02-07T10:03:57","date_gmt":"2025-02-07T09:03:57","guid":{"rendered":"https:\/\/www.pro-mani.com\/?page_id=76886"},"modified":"2025-03-13T17:26:14","modified_gmt":"2025-03-13T16:26:14","slug":"instalacion","status":"publish","type":"page","link":"https:\/\/www.pro-mani.com\/es\/instalacion\/","title":{"rendered":"Instalaci\u00f3n"},"content":{"rendered":"<div class=\"wpb-content-wrapper\"><p>[vc_row row_height_percent=\u00bb0&#8243; override_padding=\u00bbyes\u00bb h_padding=\u00bb2&#8243; top_padding=\u00bb2&#8243; bottom_padding=\u00bb3&#8243; overlay_alpha=\u00bb50&#8243; gutter_size=\u00bb3&#8243; column_width_percent=\u00bb100&#8243; shift_y=\u00bb0&#8243; z_index=\u00bb0&#8243;][vc_column width=\u00bb1\/3&#8243;][vc_custom_heading text_font=\u00bbfont-351847&#8243; text_transform=\u00bbuppercase\u00bb]Instalaci\u00f3n[\/vc_custom_heading][vc_custom_heading text_color=\u00bbcolor-w\u00bb heading_semantic=\u00bbh5&#8243; text_size=\u00bbh5&#8243; text_weight=\u00bb300&#8243; text_transform=\u00bbuppercase\u00bb sub_reduced=\u00bbyes\u00bb el_class=\u00bbsubtitle_insidepade\u00bb]sistema para puerta corredera[\/vc_custom_heading][\/vc_column][vc_column width=\u00bb2\/3&#8243;][vc_column_text]Crear nuevos espacios separando ambientes a trav\u00e9s de un sistema de puerta corredera integrado y camuflado en la pared resulta una soluci\u00f3n elegante y funcional para renovar tu hogar y optimizar el espacio disponible.<\/p>\n<p>A menudo, en este tipo de intervenci\u00f3n, se encuentran dificultades relacionadas con la instalaci\u00f3n de la puerta corredera, el tiempo y los costos de mano de obra, as\u00ed como la incomodidad de transformar el ambiente en un lugar de trabajo.<\/p>\n<p>El marco para puerta oculta dise\u00f1ado por Promani es un concepto moderno, nacido y creado por profesionales del sector para facilitar y acelerar la instalaci\u00f3n de la puerta corredera.<\/p>\n<p>El sistema de instalaci\u00f3n de la puerta oculta de Promani es t\u00e9cnicamente sencillo: la preparaci\u00f3n, el montaje del marco y la instalaci\u00f3n de la puerta no presentar\u00e1n dificultades particulares para ning\u00fan tipo de operario: \u00a1tanto si eres un profesional como si eres un aficionado al bricolaje![\/vc_column_text][\/vc_column][\/vc_row][vc_row][vc_column width=\u00bb1\/2&#8243;][vc_single_image media=\u00bb74329&#8243; media_width_percent=\u00bb100&#8243; media_ratio=\u00bbthree-two\u00bb media_link=\u00bburl:https%3A%2F%2Fwww.pro-mani.com%2Finstallazione%2Fbiblioteca-tecnica%2F|title:Biblioteca%20t\u00e9cnica||\u00bb][vc_custom_heading heading_semantic=\u00bbh4&#8243; text_size=\u00bbh4&#8243; subheading=\u00bb\u00a1Descubre nuestro kit para una instalaci\u00f3n f\u00e1cil!\u00bb]Biblioteca T\u00e9cnica[\/vc_custom_heading][vc_column_text]Hemos creado especialmente para ti un kit de montaje con componentes que te permitir\u00e1n una instalaci\u00f3n f\u00e1cil e intuitiva.[\/vc_column_text][vc_button border_width=\u00bb0&#8243; link=\u00bburl:https%3A%2F%2Fwww.pro-mani.com%2Finstallazione%2Fbiblioteca-tecnica%2F|title:Biblioteca%20t\u00e9cnica||\u00bb]Descubre[\/vc_button][\/vc_column][vc_column width=\u00bb1\/2&#8243;][vc_single_image media=\u00bb74011&#8243; media_width_percent=\u00bb100&#8243; media_ratio=\u00bbthree-two\u00bb media_link=\u00bburl:https%3A%2F%2Fwww.pro-mani.com%2Finstallazione%2Fvideo-tutorial%2F|||\u00bb][vc_custom_heading heading_semantic=\u00bbh4&#8243; text_size=\u00bbh4&#8243; subheading=\u00bb\u00a1Descubre lo f\u00e1cil que es montar una puerta corredera!\u00bb]Video Tutorial[\/vc_custom_heading][vc_column_text]\u00a1Sigue nuestros video tutoriales para la instalaci\u00f3n de una puerta corredera! Te guiar\u00e1n a trav\u00e9s de las fases de montaje de manera profesional e impecable.[\/vc_column_text][vc_button border_width=\u00bb0&#8243; link=\u00bburl:https%3A%2F%2Fwww.pro-mani.com%2Finstallazione%2Fvideo-tutorial%2F|||\u00bb]Descubre[\/vc_button][\/vc_column][\/vc_row][vc_row][vc_column width=\u00bb1\/1&#8243;][vc_empty_space empty_h=\u00bb3&#8243;][\/vc_column][\/vc_row]<\/p>\n<\/div>","protected":false},"excerpt":{"rendered":"<p>[vc_row row_height_percent=\u00bb0&#8243; override_padding=\u00bbyes\u00bb h_padding=\u00bb2&#8243; top_padding=\u00bb2&#8243; bottom_padding=\u00bb3&#8243; overlay_alpha=\u00bb50&#8243; gutter_size=\u00bb3&#8243; column_width_percent=\u00bb100&#8243; shift_y=\u00bb0&#8243; z_index=\u00bb0&#8243;][vc_column width=\u00bb1\/3&#8243;][vc_custom_heading text_font=\u00bbfont-351847&#8243; text_transform=\u00bbuppercase\u00bb]Instalaci\u00f3n[\/vc_custom_heading][vc_custom_heading text_color=\u00bbcolor-w\u00bb heading_semantic=\u00bbh5&#8243; text_size=\u00bbh5&#8243; text_weight=\u00bb300&#8243; text_transform=\u00bbuppercase\u00bb sub_reduced=\u00bbyes\u00bb [&hellip;]<\/p>\n","protected":false},"author":9,"featured_media":0,"parent":0,"menu_order":50,"comment_status":"closed","ping_status":"closed","template":"","meta":{"_acf_changed":false,"sfsi_plus_gutenberg_text_before_share":"","sfsi_plus_gutenberg_show_text_before_share":"","sfsi_plus_gutenberg_icon_type":"","sfsi_plus_gutenberg_icon_alignemt":"","sfsi_plus_gutenburg_max_per_row":"","footnotes":""},"class_list":["post-76886","page","type-page","status-publish","hentry"],"acf":[],"_links":{"self":[{"href":"https:\/\/www.pro-mani.com\/es\/wp-json\/wp\/v2\/pages\/76886","targetHints":{"allow":["GET"]}}],"collection":[{"href":"https:\/\/www.pro-mani.com\/es\/wp-json\/wp\/v2\/pages"}],"about":[{"href":"https:\/\/www.pro-mani.com\/es\/wp-json\/wp\/v2\/types\/page"}],"author":[{"embeddable":true,"href":"https:\/\/www.pro-mani.com\/es\/wp-json\/wp\/v2\/users\/9"}],"replies":[{"embeddable":true,"href":"https:\/\/www.pro-mani.com\/es\/wp-json\/wp\/v2\/comments?post=76886"}],"version-history":[{"count":6,"href":"https:\/\/www.pro-mani.com\/es\/wp-json\/wp\/v2\/pages\/76886\/revisions"}],"predecessor-version":[{"id":77805,"href":"https:\/\/www.pro-mani.com\/es\/wp-json\/wp\/v2\/pages\/76886\/revisions\/77805"}],"wp:attachment":[{"href":"https:\/\/www.pro-mani.com\/es\/wp-json\/wp\/v2\/media?parent=76886"}],"curies":[{"name":"wp","href":"https:\/\/api.w.org\/{rel}","templated":true}]}}