{"id":76894,"date":"2025-02-07T10:05:21","date_gmt":"2025-02-07T09:05:21","guid":{"rendered":"https:\/\/www.pro-mani.com\/?page_id=76894"},"modified":"2025-03-13T17:32:13","modified_gmt":"2025-03-13T16:32:13","slug":"conviertete_en_distribuidor","status":"publish","type":"page","link":"https:\/\/www.pro-mani.com\/es\/conviertete_en_distribuidor\/","title":{"rendered":"Distribuidor"},"content":{"rendered":"<div class=\"wpb-content-wrapper\"><p>[vc_row][vc_column width=\u00bb1\/3&#8243;][vc_custom_heading text_font=\u00bbfont-351847&#8243; text_transform=\u00bbuppercase\u00bb]Convi\u00e9rtete<br \/>\nen Distribuidor[\/vc_custom_heading][\/vc_column][vc_column column_width_percent=\u00bb100&#8243; position_vertical=\u00bbmiddle\u00bb gutter_size=\u00bb3&#8243; overlay_alpha=\u00bb50&#8243; shift_x=\u00bb0&#8243; shift_y=\u00bb0&#8243; shift_y_down=\u00bb0&#8243; z_index=\u00bb0&#8243; medium_width=\u00bb0&#8243; mobile_width=\u00bb0&#8243; width=\u00bb2\/3&#8243;][vc_column_text text_color=\u00bbcolor-uydo\u00bb uncode_shortcode_id=\u00bb768783&#8243; text_color_type=\u00bbuncode-palette\u00bb]Al convertirte en nuestro distribuidor, tendr\u00e1s acceso a informaci\u00f3n exclusiva reservada para nuestros socios comerciales y recibir\u00e1s mayor apoyo en la promoci\u00f3n y venta de nuestros productos.<\/p>\n<p>\u00a1Completa el formulario y env\u00edanos tu propuesta, nos pondremos en contacto contigo lo antes posible![\/vc_column_text][\/vc_column][\/vc_row][vc_row][vc_column width=\u00bb1\/6&#8243;][\/vc_column][vc_column column_width_percent=\u00bb100&#8243; gutter_size=\u00bb3&#8243; overlay_alpha=\u00bb50&#8243; shift_x=\u00bb0&#8243; shift_y=\u00bb0&#8243; shift_y_down=\u00bb0&#8243; z_index=\u00bb0&#8243; medium_width=\u00bb0&#8243; mobile_width=\u00bb0&#8243; width=\u00bb4\/6&#8243; uncode_shortcode_id=\u00bb139300&#8243;][vc_column_text uncode_shortcode_id=\u00bb680648&#8243;]<div class=\"frm_forms  with_frm_style frm_style_stile-formidable\" id=\"frm_form_12_container\" data-token=\"8a5f8db58de16835aef59f2a9fcd68c8\">\n<form enctype=\"multipart\/form-data\" method=\"post\" class=\"frm-show-form \" id=\"form_rivenditore5\" data-token=\"8a5f8db58de16835aef59f2a9fcd68c8\">\n<div class=\"frm_form_fields \">\n<fieldset>\n<legend class=\"frm_screen_reader\">Rivenditore ES<\/legend>\r\n\r\n<div class=\"frm_fields_container\">\n<input type=\"hidden\" name=\"frm_action\" value=\"create\" \/>\n<input type=\"hidden\" name=\"form_id\" value=\"12\" \/>\n<input type=\"hidden\" name=\"frm_hide_fields_12\" id=\"frm_hide_fields_12\" value=\"\" \/>\n<input type=\"hidden\" name=\"form_key\" value=\"rivenditore5\" \/>\n<input type=\"hidden\" name=\"item_meta[0]\" value=\"\" \/>\n<input type=\"hidden\" id=\"frm_submit_entry_12\" name=\"frm_submit_entry_12\" value=\"dcc98f188c\" \/><input type=\"hidden\" name=\"_wp_http_referer\" value=\"\/es\/wp-json\/wp\/v2\/pages\/76894\" \/><div id=\"frm_field_105_container\" class=\"frm_form_field form-field  frm_required_field frm_top_container frm6 frm_first\">\r\n\t<label for=\"field_ivdyu5\" id=\"field_ivdyu5_label\" class=\"frm_primary_label\">Nombre\r\n\t\t<span class=\"frm_required\" aria-hidden=\"true\">*<\/span>\r\n\t<\/label>\r\n\t<input type=\"text\" id=\"field_ivdyu5\" name=\"item_meta[105]\" value=\"\"  data-reqmsg=\"Nombre non pu\u00f2 essere vuoto.\" aria-required=\"true\" data-invmsg=\"Nombre non \u00e8 valido\" aria-invalid=\"false\"  \/>\r\n\t\r\n\t\r\n<\/div>\n<div id=\"frm_field_106_container\" class=\"frm_form_field form-field  frm_required_field frm_top_container frm6\">\r\n\t<label for=\"field_mm31v5\" id=\"field_mm31v5_label\" class=\"frm_primary_label\">Apellido\r\n\t\t<span class=\"frm_required\" aria-hidden=\"true\">*<\/span>\r\n\t<\/label>\r\n\t<input type=\"text\" id=\"field_mm31v5\" name=\"item_meta[106]\" value=\"\"  data-reqmsg=\"Apellido non pu\u00f2 essere vuoto.\" aria-required=\"true\" data-invmsg=\"Apellido non \u00e8 valido\" aria-invalid=\"false\"  \/>\r\n\t\r\n\t\r\n<\/div>\n<div id=\"frm_field_107_container\" class=\"frm_form_field form-field  frm_required_field frm_top_container frm6 frm_first\">\r\n\t<label for=\"field_po9f05\" id=\"field_po9f05_label\" class=\"frm_primary_label\">Calle\r\n\t\t<span class=\"frm_required\" aria-hidden=\"true\">*<\/span>\r\n\t<\/label>\r\n\t<input type=\"text\" id=\"field_po9f05\" name=\"item_meta[107]\" value=\"\"  data-reqmsg=\"Calle non pu\u00f2 essere vuoto.\" aria-required=\"true\" data-invmsg=\"Calle non \u00e8 valido\" aria-invalid=\"false\"  \/>\r\n\t\r\n\t\r\n<\/div>\n<div id=\"frm_field_108_container\" class=\"frm_form_field form-field  frm_required_field frm_top_container frm6\">\r\n\t<label for=\"field_zq56b5\" id=\"field_zq56b5_label\" class=\"frm_primary_label\">C\u00f3digo Postal\r\n\t\t<span class=\"frm_required\" aria-hidden=\"true\">*<\/span>\r\n\t<\/label>\r\n\t<input type=\"text\" id=\"field_zq56b5\" name=\"item_meta[108]\" value=\"\"  data-reqmsg=\"C\u00f3digo Postal non pu\u00f2 essere vuoto.\" aria-required=\"true\" data-invmsg=\"C\u00f3digo Postal non \u00e8 valido\" aria-invalid=\"false\"  \/>\r\n\t\r\n\t\r\n<\/div>\n<div id=\"frm_field_109_container\" class=\"frm_form_field form-field  frm_required_field frm_top_container frm6 frm_first\">\r\n\t<label for=\"field_gsept5\" id=\"field_gsept5_label\" class=\"frm_primary_label\">Ciudad\r\n\t\t<span class=\"frm_required\" aria-hidden=\"true\">*<\/span>\r\n\t<\/label>\r\n\t<input type=\"text\" id=\"field_gsept5\" name=\"item_meta[109]\" value=\"\"  data-reqmsg=\"Ciudad non pu\u00f2 essere vuoto.\" aria-required=\"true\" data-invmsg=\"Ciudad non \u00e8 valido\" aria-invalid=\"false\"  \/>\r\n\t\r\n\t\r\n<\/div>\n<div id=\"frm_field_110_container\" class=\"frm_form_field form-field  frm_required_field frm_top_container frm6\">\r\n\t<label for=\"field_pxs2y5\" id=\"field_pxs2y5_label\" class=\"frm_primary_label\">Pa\u00eds\r\n\t\t<span class=\"frm_required\" aria-hidden=\"true\">*<\/span>\r\n\t<\/label>\r\n\t<input type=\"text\" id=\"field_pxs2y5\" name=\"item_meta[110]\" value=\"\"  data-reqmsg=\"Pa\u00eds non pu\u00f2 essere vuoto.\" aria-required=\"true\" data-invmsg=\"Pa\u00eds non \u00e8 valido\" aria-invalid=\"false\"  \/>\r\n\t\r\n\t\r\n<\/div>\n<div id=\"frm_field_111_container\" class=\"frm_form_field form-field  frm_required_field frm_top_container frm6 frm_first\">\r\n\t<label for=\"field_too0x5\" id=\"field_too0x5_label\" class=\"frm_primary_label\">Tel\u00e9fono\r\n\t\t<span class=\"frm_required\" aria-hidden=\"true\">*<\/span>\r\n\t<\/label>\r\n\t<input type=\"number\" id=\"field_too0x5\" name=\"item_meta[111]\" value=\"\"  data-reqmsg=\"Tel\u00e9fono non pu\u00f2 essere vuoto.\" aria-required=\"true\" data-invmsg=\"Tel\u00e9fono non \u00e8 valido\" aria-invalid=\"false\"   min=\"0\" max=\"99999999999999\" step=\"any\"\/>\r\n\t\r\n\t\r\n<\/div>\n<div id=\"frm_field_112_container\" class=\"frm_form_field form-field  frm_required_field frm_top_container frm6\">\r\n\t<label for=\"field_emnld5\" id=\"field_emnld5_label\" class=\"frm_primary_label\">Correo Electr\u00f3nico\r\n\t\t<span class=\"frm_required\" aria-hidden=\"true\">*<\/span>\r\n\t<\/label>\r\n\t<input type=\"email\" id=\"field_emnld5\" name=\"item_meta[112]\" value=\"\"  data-reqmsg=\"Correo Electr\u00f3nico non pu\u00f2 essere vuoto.\" aria-required=\"true\" data-invmsg=\"Correo Electr\u00f3nico non \u00e8 valido\" aria-invalid=\"false\"  \/>\r\n\t\r\n\t\r\n<\/div>\n<div id=\"frm_field_113_container\" class=\"frm_form_field form-field  frm_required_field frm_top_container\">\r\n\t<label for=\"field_wu13e5\" id=\"field_wu13e5_label\" class=\"frm_primary_label\">Ingresa la direcci\u00f3n de tu sitio web.\r\n\t\t<span class=\"frm_required\" aria-hidden=\"true\">*<\/span>\r\n\t<\/label>\r\n\t<input type=\"text\" id=\"field_wu13e5\" name=\"item_meta[113]\" value=\"\"  data-reqmsg=\"Ingresa la direcci\u00f3n de tu sitio web. non pu\u00f2 essere vuoto.\" aria-required=\"true\" data-invmsg=\"Ingresa la direcci\u00f3n de tu sitio web. non \u00e8 valido\" aria-invalid=\"false\"  \/>\r\n\t\r\n\t\r\n<\/div>\n<div id=\"frm_field_114_container\" class=\"frm_form_field form-field  frm_required_field frm_top_container frm6 frm_first\">\r\n\t<label for=\"field_3h32y5\" id=\"field_3h32y5_label\" class=\"frm_primary_label\">Raz\u00f3n Social\r\n\t\t<span class=\"frm_required\" aria-hidden=\"true\">*<\/span>\r\n\t<\/label>\r\n\t<input type=\"text\" id=\"field_3h32y5\" name=\"item_meta[114]\" value=\"\"  data-reqmsg=\"Raz\u00f3n Social non pu\u00f2 essere vuoto.\" aria-required=\"true\" data-invmsg=\"Raz\u00f3n Social non \u00e8 valido\" aria-invalid=\"false\"  \/>\r\n\t\r\n\t\r\n<\/div>\n<div id=\"frm_field_115_container\" class=\"frm_form_field form-field  frm_required_field frm_top_container frm6\">\r\n\t<label for=\"field_u1u245\" id=\"field_u1u245_label\" class=\"frm_primary_label\">N\u00famero de IVA\r\n\t\t<span class=\"frm_required\" aria-hidden=\"true\">*<\/span>\r\n\t<\/label>\r\n\t<input type=\"text\" id=\"field_u1u245\" name=\"item_meta[115]\" value=\"\"  data-reqmsg=\"N\u00famero de IVA non pu\u00f2 essere vuoto.\" aria-required=\"true\" data-invmsg=\"N\u00famero de IVA non \u00e8 valido\" aria-invalid=\"false\"  \/>\r\n\t\r\n\t\r\n<\/div>\n<div id=\"frm_field_116_container\" class=\"frm_form_field form-field  frm_required_field frm_top_container frm12 frm_first\">\r\n\t<label for=\"field_bh97m5\" id=\"field_bh97m5_label\" class=\"frm_primary_label\">Direcci\u00f3n\r\n\t\t<span class=\"frm_required\" aria-hidden=\"true\">*<\/span>\r\n\t<\/label>\r\n\t<input type=\"text\" id=\"field_bh97m5\" name=\"item_meta[116]\" value=\"\"  data-reqmsg=\"Direcci\u00f3n non pu\u00f2 essere vuoto.\" aria-required=\"true\" data-invmsg=\"Direcci\u00f3n non \u00e8 valido\" aria-invalid=\"false\"  \/>\r\n\t\r\n\t\r\n<\/div>\n<div id=\"frm_field_117_container\" class=\"frm_form_field form-field  frm_top_container\">\r\n\t<label for=\"field_k0v5z5\" id=\"field_k0v5z5_label\" class=\"frm_primary_label\">Notas\r\n\t\t<span class=\"frm_required\" aria-hidden=\"true\"><\/span>\r\n\t<\/label>\r\n\t<textarea name=\"item_meta[117]\" id=\"field_k0v5z5\" rows=\"5\"  data-invmsg=\"Notas no es v\u00e1lido\" aria-invalid=\"false\"  ><\/textarea>\r\n\t\r\n\t\r\n<\/div>\n<div id=\"frm_field_118_container\" class=\"frm_form_field form-field  frm_required_field frm_top_container vertical_radio\">\r\n\t<div  id=\"field_89crk5_label\" class=\"frm_primary_label\">\r\n\t\t<span class=\"frm_required\" aria-hidden=\"true\">*<\/span>\r\n\t<\/div>\r\n\t<div class=\"frm_opt_container\" aria-labelledby=\"field_89crk5_label\" role=\"group\">\t\t<div class=\"frm_checkbox\" id=\"frm_checkbox_118-1\">\t\t\t<label  for=\"field_89crk5-1\">\n\t\t\t<input type=\"checkbox\" name=\"item_meta[118][]\" id=\"field_89crk5-1\" value=\"Consiento el tratamiento de mis datos personales\"  data-reqmsg=\"Este campo non pu\u00f2 essere vuoto.\" data-invmsg=\"Este campo no es v\u00e1lido\"   aria-required=\"true\"  \/> Consiento el tratamiento de mis datos personales<\/label><\/div>\n\t\t<div class=\"frm_checkbox\" id=\"frm_checkbox_118-0\">\t\t\t<label  for=\"field_89crk5-0\">\n\t\t\t<input type=\"checkbox\" name=\"item_meta[118][]\" id=\"field_89crk5-0\" value=\"He le\u00eddo la pol\u00edtica de privacidad y consiento el almacenamiento de mis datos en su archivo seg\u00fan lo establecido por el Reglamento Europeo de Protecci\u00f3n de Datos Personales No. 679\/2016, GDPR.\"  data-reqmsg=\"Este campo non pu\u00f2 essere vuoto.\" data-invmsg=\"Este campo no es v\u00e1lido\"   \/> He le\u00eddo la pol\u00edtica de privacidad y consiento el almacenamiento de mis datos en su archivo seg\u00fan lo establecido por el Reglamento Europeo de Protecci\u00f3n de Datos Personales No. 679\/2016, GDPR.<\/label><\/div>\n<\/div>\r\n\t\r\n\t\r\n<\/div>\n<div id=\"frm_field_119_container\" class=\"frm_form_field form-field \">\r\n\t<div class=\"frm_submit frm_flex\">\r\n<button class=\"frm_button_submit\" type=\"submit\"  >Enviar<\/button>\r\n\r\n\r\n\r\n<\/div>\r\n<\/div>\n\t<input type=\"hidden\" name=\"item_key\" value=\"\" \/>\n\t\t\t<div id=\"frm_field_120_container\">\n\t\t\t<label for=\"field_sgwec\" >\n\t\t\t\tSi eres humano, deja este campo en blanco.\t\t\t<\/label>\n\t\t\t<input  id=\"field_sgwec\" type=\"text\" class=\"frm_form_field form-field frm_verify\" name=\"item_meta[120]\" value=\"\"  \/>\n\t\t<\/div>\n\t\t<input name=\"frm_state\" type=\"hidden\" value=\"eesychIvAdjWeHSWdK8H38p\/31\/KtYLm6TdSGlSzkZ4=\" \/><\/div>\n<\/fieldset>\n<\/div>\n\n<\/form>\n<\/div>\n[\/vc_column_text][\/vc_column][vc_column width=\u00bb1\/6&#8243;][\/vc_column][\/vc_row]<\/p>\n<\/div>","protected":false},"excerpt":{"rendered":"<p>[vc_row][vc_column width=\u00bb1\/3&#8243;][vc_custom_heading text_font=\u00bbfont-351847&#8243; text_transform=\u00bbuppercase\u00bb]Convi\u00e9rtete en Distribuidor[\/vc_custom_heading][\/vc_column][vc_column column_width_percent=\u00bb100&#8243; position_vertical=\u00bbmiddle\u00bb gutter_size=\u00bb3&#8243; overlay_alpha=\u00bb50&#8243; shift_x=\u00bb0&#8243; shift_y=\u00bb0&#8243; shift_y_down=\u00bb0&#8243; z_index=\u00bb0&#8243; medium_width=\u00bb0&#8243; mobile_width=\u00bb0&#8243; width=\u00bb2\/3&#8243;][vc_column_text text_color=\u00bbcolor-uydo\u00bb uncode_shortcode_id=\u00bb768783&#8243; text_color_type=\u00bbuncode-palette\u00bb]Al [&hellip;]<\/p>\n","protected":false},"author":9,"featured_media":0,"parent":0,"menu_order":200,"comment_status":"closed","ping_status":"closed","template":"","meta":{"_acf_changed":false,"sfsi_plus_gutenberg_text_before_share":"","sfsi_plus_gutenberg_show_text_before_share":"","sfsi_plus_gutenberg_icon_type":"","sfsi_plus_gutenberg_icon_alignemt":"","sfsi_plus_gutenburg_max_per_row":"","footnotes":""},"class_list":["post-76894","page","type-page","status-publish","hentry"],"acf":[],"_links":{"self":[{"href":"https:\/\/www.pro-mani.com\/es\/wp-json\/wp\/v2\/pages\/76894","targetHints":{"allow":["GET"]}}],"collection":[{"href":"https:\/\/www.pro-mani.com\/es\/wp-json\/wp\/v2\/pages"}],"about":[{"href":"https:\/\/www.pro-mani.com\/es\/wp-json\/wp\/v2\/types\/page"}],"author":[{"embeddable":true,"href":"https:\/\/www.pro-mani.com\/es\/wp-json\/wp\/v2\/users\/9"}],"replies":[{"embeddable":true,"href":"https:\/\/www.pro-mani.com\/es\/wp-json\/wp\/v2\/comments?post=76894"}],"version-history":[{"count":4,"href":"https:\/\/www.pro-mani.com\/es\/wp-json\/wp\/v2\/pages\/76894\/revisions"}],"predecessor-version":[{"id":77463,"href":"https:\/\/www.pro-mani.com\/es\/wp-json\/wp\/v2\/pages\/76894\/revisions\/77463"}],"wp:attachment":[{"href":"https:\/\/www.pro-mani.com\/es\/wp-json\/wp\/v2\/media?parent=76894"}],"curies":[{"name":"wp","href":"https:\/\/api.w.org\/{rel}","templated":true}]}}