{"id":76898,"date":"2025-02-07T10:06:18","date_gmt":"2025-02-07T09:06:18","guid":{"rendered":"https:\/\/www.pro-mani.com\/?page_id=76898"},"modified":"2025-03-13T17:03:03","modified_gmt":"2025-03-13T16:03:03","slug":"marco_one_completamente_de_acero_galvanizado","status":"publish","type":"page","link":"https:\/\/www.pro-mani.com\/es\/marco_one_completamente_de_acero_galvanizado\/","title":{"rendered":"ONE &#8211; Marco ONE completamente de acero galvanizado"},"content":{"rendered":"<div class=\"wpb-content-wrapper\"><p>[vc_row row_height_percent=\u00bb0&#8243; override_padding=\u00bbyes\u00bb h_padding=\u00bb0&#8243; top_padding=\u00bb2&#8243; bottom_padding=\u00bb3&#8243; overlay_alpha=\u00bb50&#8243; gutter_size=\u00bb3&#8243; column_width_percent=\u00bb100&#8243; shift_y=\u00bb0&#8243; z_index=\u00bb0&#8243;][vc_column align_horizontal=\u00bbalign_center\u00bb gutter_size=\u00bb3&#8243; overlay_alpha=\u00bb50&#8243; shift_x=\u00bb0&#8243; shift_y=\u00bb0&#8243; shift_y_down=\u00bb0&#8243; z_index=\u00bb0&#8243; medium_width=\u00bb0&#8243; mobile_width=\u00bb0&#8243; width=\u00bb1\/2&#8243;][vc_single_image media=\u00bb74114&#8243; media_width_percent=\u00bb100&#8243;][\/vc_column][vc_column width=\u00bb1\/2&#8243;][vc_empty_space empty_h=\u00bb2&#8243;][vc_custom_heading text_weight=\u00bb400&#8243; text_transform=\u00bbuppercase\u00bb]MARCO ONE[\/vc_custom_heading][vc_custom_heading text_color=\u00bbcolor-w\u00bb heading_semantic=\u00bbh5&#8243; text_size=\u00bbh5&#8243; text_weight=\u00bb300&#8243; text_transform=\u00bbuppercase\u00bb sub_reduced=\u00bbyes\u00bb el_class=\u00bbsubtitle_insidepade\u00bb]MARCO PARA PUERTA CORREDERA completamente en acero galvanizado con jambas[\/vc_custom_heading][\/vc_column][\/vc_row][vc_row][vc_column width=\u00bb1\/1&#8243;][vc_column_text uncode_shortcode_id=\u00bb210653&#8243;]ONE es el marco para puerta corredera empotrada que combina la tradici\u00f3n y la innovaci\u00f3n. El marco est\u00e1 completamente fabricado en acero galvanizado y prev\u00e9 el uso de jambas y cubrejuntas para completar la apertura de paso. Gracias a su versatilidad, el marco para puerta corredera empotrada ONE se adapta a cualquier panel de puerta y representa una soluci\u00f3n pr\u00e1ctica que garantiza un uso diario de las puertas correderas, manteniendo un estilo limpio e integrado en los espacios del hogar.[\/vc_column_text][\/vc_column][\/vc_row][vc_row row_height_percent=\u00bb0&#8243; overlay_alpha=\u00bb50&#8243; gutter_size=\u00bb3&#8243; column_width_percent=\u00bb100&#8243; shift_y=\u00bb0&#8243; z_index=\u00bb0&#8243; content_parallax=\u00bb0&#8243; uncode_shortcode_id=\u00bb211071&#8243;][vc_column width=\u00bb1\/2&#8243;][vc_row_inner limit_content=\u00bb\u00bb][vc_column_inner width=\u00bb1\/1&#8243;][vc_gallery el_id=\u00bbgallery-561224&#8243; type=\u00bbcarousel\u00bb medias=\u00bb74092,74093,74094,74095,74096,74097,74098,74099,74100,74101,74102,74103,74104,74384,74106&#8243; carousel_lg=\u00bb1&#8243; carousel_md=\u00bb1&#8243; carousel_sm=\u00bb1&#8243; gutter_size=\u00bb3&#8243; carousel_interval=\u00bb3000&#8243; carousel_navspeed=\u00bb400&#8243; carousel_loop=\u00bbyes\u00bb carousel_dots=\u00bbyes\u00bb stage_padding=\u00bb0&#8243; single_overlay_opacity=\u00bb50&#8243; single_padding=\u00bb2&#8243;][vc_empty_space empty_h=\u00bb3&#8243;][\/vc_column_inner][\/vc_row_inner][\/vc_column][vc_column width=\u00bb1\/2&#8243;][vc_custom_heading heading_semantic=\u00bbh3&#8243; text_size=\u00bbh3&#8243;]ESPECIFICACIONES T\u00c9CNICAS[\/vc_custom_heading][vc_row_inner limit_content=\u00bb\u00bb][vc_column_inner width=\u00bb1\/1&#8243;][vc_column_text uncode_shortcode_id=\u00bb143606&#8243;]<\/p>\n<ul>\n<li>La extracci\u00f3n del riel est\u00e1 simplificada<\/li>\n<li>Amortiguaci\u00f3n bidireccional de serie<\/li>\n<li>La regulaci\u00f3n de la posici\u00f3n del amortiguador trasero es posible en cualquier momento<\/li>\n<li>La traviesa superior tambi\u00e9n funciona como gu\u00eda para la estructura de cart\u00f3n-yeso<\/li>\n<li>La superficie de la gu\u00eda equipada con un elemento met\u00e1lico permite el deslizamiento del montante en C sin interferencias<\/li>\n<li>La traviesa superior tiene un ancho variable pretrazado seg\u00fan la apertura de la puerta<\/li>\n<li>Los elementos verticales tienen una altura variable pretrazada seg\u00fan la apertura de la puerta<\/li>\n<li>Las traviesas son adaptables al ancho del panel de la puerta<\/li>\n<li>El sistema de enganche de las traviesas est\u00e1 facilitado<\/li>\n<li>Se se\u00f1ala la cota de 100 cm desde el suelo<\/li>\n<li>La alineaci\u00f3n del marco se realiza mediante un perfil separador<\/li>\n<li>Gu\u00eda de puerta que permite un mejor centrado del panel de la puerta<\/li>\n<li>El perfil delantero est\u00e1 equipado con un encaje para el montante vertical de la pared de cart\u00f3n-yeso existente, lo que facilita su alineaci\u00f3n<\/li>\n<\/ul>\n<p>[\/vc_column_text][\/vc_column_inner][\/vc_row_inner][\/vc_column][\/vc_row][vc_row row_height_percent=\u00bb0&#8243; overlay_alpha=\u00bb50&#8243; gutter_size=\u00bb3&#8243; column_width_percent=\u00bb100&#8243; shift_y=\u00bb0&#8243; z_index=\u00bb0&#8243; content_parallax=\u00bb0&#8243; uncode_shortcode_id=\u00bb213783&#8243;][vc_column column_width_percent=\u00bb80&#8243; align_horizontal=\u00bbalign_center\u00bb gutter_size=\u00bb3&#8243; overlay_alpha=\u00bb50&#8243; shift_x=\u00bb0&#8243; shift_y=\u00bb0&#8243; shift_y_down=\u00bb0&#8243; z_index=\u00bb0&#8243; medium_width=\u00bb0&#8243; mobile_width=\u00bb0&#8243; width=\u00bb1\/1&#8243;][vc_custom_heading text_weight=\u00bb400&#8243; text_transform=\u00bbuppercase\u00bb]Informaci\u00f3n \u00datil[\/vc_custom_heading][vc_custom_heading heading_semantic=\u00bbh5&#8243; text_size=\u00bbh5&#8243; text_weight=\u00bb400&#8243; text_transform=\u00bbuppercase\u00bb]Instrucciones de Montaje[\/vc_custom_heading][vc_row_inner row_inner_height_percent=\u00bb0&#8243; overlay_alpha=\u00bb50&#8243; gutter_size=\u00bb3&#8243; shift_y=\u00bb0&#8243; z_index=\u00bb0&#8243; el_class=\u00bbbox_info_product\u00bb limit_content=\u00bb\u00bb][vc_column_inner column_width_percent=\u00bb100&#8243; position_horizontal=\u00bbright\u00bb position_vertical=\u00bbmiddle\u00bb align_horizontal=\u00bbalign_center\u00bb gutter_size=\u00bb3&#8243; overlay_alpha=\u00bb50&#8243; shift_x=\u00bb0&#8243; shift_y=\u00bb0&#8243; shift_y_down=\u00bb0&#8243; z_index=\u00bb0&#8243; medium_width=\u00bb0&#8243; mobile_width=\u00bb0&#8243; width=\u00bb1\/2&#8243;][vc_button wide=\u00bbyes\u00bb border_width=\u00bb0&#8243; link=\u00bburl:https%3A%2F%2Fwww.pro-mani.com%2Fwp-content%2Fuploads%2F2019%2F06%2FITA615-815_ONE_ISTRUZIONI-DI-MONTAGGIO.pdf|target:%20_blank|\u00bb]Descargar IT615-815ONE \u00bb[\/vc_button][\/vc_column_inner][vc_column_inner column_width_percent=\u00bb100&#8243; position_horizontal=\u00bbleft\u00bb position_vertical=\u00bbmiddle\u00bb align_horizontal=\u00bbalign_center\u00bb gutter_size=\u00bb3&#8243; overlay_alpha=\u00bb50&#8243; shift_x=\u00bb0&#8243; shift_y=\u00bb0&#8243; shift_y_down=\u00bb0&#8243; z_index=\u00bb0&#8243; medium_width=\u00bb0&#8243; mobile_width=\u00bb0&#8243; width=\u00bb1\/2&#8243;][vc_button wide=\u00bbyes\u00bb border_width=\u00bb0&#8243; link=\u00bburl:https%3A%2F%2Fwww.pro-mani.com%2Fwp-content%2Fuploads%2F2019%2F06%2FITA915ONE_ISTRUZIONI-DI-MONTAGGIO.pdf|target:%20_blank|\u00bb]Descargar IT915ONE \u00bb[\/vc_button][\/vc_column_inner][\/vc_row_inner][vc_empty_space empty_h=\u00bb3&#8243;][vc_custom_heading heading_semantic=\u00bbh5&#8243; text_size=\u00bbh5&#8243; text_weight=\u00bb400&#8243; text_transform=\u00bbuppercase\u00bb]Fichas T\u00e9cnicas[\/vc_custom_heading][vc_row_inner row_inner_height_percent=\u00bb0&#8243; overlay_alpha=\u00bb50&#8243; gutter_size=\u00bb3&#8243; shift_y=\u00bb0&#8243; z_index=\u00bb0&#8243; el_class=\u00bbbox_info_product\u00bb limit_content=\u00bb\u00bb][vc_column_inner column_width_percent=\u00bb100&#8243; position_horizontal=\u00bbright\u00bb position_vertical=\u00bbmiddle\u00bb align_horizontal=\u00bbalign_center\u00bb gutter_size=\u00bb3&#8243; overlay_alpha=\u00bb50&#8243; shift_x=\u00bb0&#8243; shift_y=\u00bb0&#8243; shift_y_down=\u00bb0&#8243; z_index=\u00bb0&#8243; medium_width=\u00bb0&#8243; mobile_width=\u00bb0&#8243; width=\u00bb1\/2&#8243;][vc_button wide=\u00bbyes\u00bb border_width=\u00bb0&#8243; link=\u00bburl:https%3A%2F%2Fwww.pro-mani.com%2Fwp-content%2Fuploads%2F2020%2F02%2FITA615-815ONE_SCHEDA-TECNICA.pdf|target:%20_blank|\u00bb]Descargar IT615-815ONE \u00bb[\/vc_button][\/vc_column_inner][\/vc_row_inner]<\/p>\n<\/div>","protected":false},"excerpt":{"rendered":"<p>[vc_row row_height_percent=\u00bb0&#8243; override_padding=\u00bbyes\u00bb h_padding=\u00bb0&#8243; top_padding=\u00bb2&#8243; bottom_padding=\u00bb3&#8243; overlay_alpha=\u00bb50&#8243; gutter_size=\u00bb3&#8243; column_width_percent=\u00bb100&#8243; shift_y=\u00bb0&#8243; z_index=\u00bb0&#8243;][vc_column align_horizontal=\u00bbalign_center\u00bb gutter_size=\u00bb3&#8243; overlay_alpha=\u00bb50&#8243; shift_x=\u00bb0&#8243; shift_y=\u00bb0&#8243; shift_y_down=\u00bb0&#8243; z_index=\u00bb0&#8243; medium_width=\u00bb0&#8243; mobile_width=\u00bb0&#8243; [&hellip;]<\/p>\n","protected":false},"author":9,"featured_media":0,"parent":0,"menu_order":1,"comment_status":"closed","ping_status":"closed","template":"","meta":{"_acf_changed":false,"sfsi_plus_gutenberg_text_before_share":"","sfsi_plus_gutenberg_show_text_before_share":"","sfsi_plus_gutenberg_icon_type":"","sfsi_plus_gutenberg_icon_alignemt":"","sfsi_plus_gutenburg_max_per_row":"","footnotes":""},"class_list":["post-76898","page","type-page","status-publish","hentry"],"acf":[],"_links":{"self":[{"href":"https:\/\/www.pro-mani.com\/es\/wp-json\/wp\/v2\/pages\/76898","targetHints":{"allow":["GET"]}}],"collection":[{"href":"https:\/\/www.pro-mani.com\/es\/wp-json\/wp\/v2\/pages"}],"about":[{"href":"https:\/\/www.pro-mani.com\/es\/wp-json\/wp\/v2\/types\/page"}],"author":[{"embeddable":true,"href":"https:\/\/www.pro-mani.com\/es\/wp-json\/wp\/v2\/users\/9"}],"replies":[{"embeddable":true,"href":"https:\/\/www.pro-mani.com\/es\/wp-json\/wp\/v2\/comments?post=76898"}],"version-history":[{"count":11,"href":"https:\/\/www.pro-mani.com\/es\/wp-json\/wp\/v2\/pages\/76898\/revisions"}],"predecessor-version":[{"id":77800,"href":"https:\/\/www.pro-mani.com\/es\/wp-json\/wp\/v2\/pages\/76898\/revisions\/77800"}],"wp:attachment":[{"href":"https:\/\/www.pro-mani.com\/es\/wp-json\/wp\/v2\/media?parent=76898"}],"curies":[{"name":"wp","href":"https:\/\/api.w.org\/{rel}","templated":true}]}}