{"id":76919,"date":"2025-02-07T10:10:18","date_gmt":"2025-02-07T09:10:18","guid":{"rendered":"https:\/\/www.pro-mani.com\/?page_id=76919"},"modified":"2025-03-13T16:36:21","modified_gmt":"2025-03-13T15:36:21","slug":"twin-one-sp","status":"publish","type":"page","link":"https:\/\/www.pro-mani.com\/es\/twin-one-sp\/","title":{"rendered":"Twin One"},"content":{"rendered":"<div class=\"wpb-content-wrapper\"><p>[vc_row][vc_column column_width_percent=\u00bb100&#8243; align_horizontal=\u00bbalign_center\u00bb gutter_size=\u00bb3&#8243; overlay_alpha=\u00bb50&#8243; shift_x=\u00bb0&#8243; shift_y=\u00bb0&#8243; shift_y_down=\u00bb0&#8243; z_index=\u00bb0&#8243; medium_width=\u00bb0&#8243; mobile_width=\u00bb0&#8243; width=\u00bb1\/2&#8243;][vc_single_image media=\u00bb75366&#8243; media_width_percent=\u00bb100&#8243; uncode_shortcode_id=\u00bb671150&#8243;][\/vc_column][vc_column width=\u00bb1\/2&#8243;][vc_empty_space empty_h=\u00bb2&#8243;][vc_custom_heading]<\/p>\n<h2 style=\"text-align: center;\"><strong>TWIN ONE<\/strong><\/h2>\n<p>[\/vc_custom_heading][vc_column_text uncode_shortcode_id=\u00bb238786&#8243;]El accesorio de doble puerta TWIN permite combinar dos marcos ONE, creando as\u00ed un sistema de puerta corredera empotrada con dos hojas. Gracias al uso de una plantilla simple y clavijas espec\u00edficas, el ensamblaje de los dos marcos es r\u00e1pido y sin margen de error. TWIN permite obtener un mayor paso libre, reduciendo al mismo tiempo los tiempos de instalaci\u00f3n, para una soluci\u00f3n pr\u00e1ctica y eficiente.[\/vc_column_text][\/vc_column][\/vc_row][vc_row][vc_column column_width_percent=\u00bb100&#8243; align_horizontal=\u00bbalign_center\u00bb gutter_size=\u00bb3&#8243; overlay_alpha=\u00bb50&#8243; shift_x=\u00bb0&#8243; shift_y=\u00bb0&#8243; shift_y_down=\u00bb0&#8243; z_index=\u00bb0&#8243; medium_width=\u00bb0&#8243; mobile_width=\u00bb0&#8243; width=\u00bb1\/1&#8243;][vc_single_image media=\u00bb75271&#8243; media_lightbox=\u00bbyes\u00bb media_width_percent=\u00bb100&#8243; media_link=\u00bburl:https%3A%2F%2Fyoutu.be%2Fio6kcVsZTTQ||target:%20_blank|\u00bb][vc_empty_space][\/vc_column][\/vc_row][vc_row row_height_percent=\u00bb12&#8243; override_padding=\u00bbyes\u00bb h_padding=\u00bb0&#8243; top_padding=\u00bb1&#8243; bottom_padding=\u00bb1&#8243; overlay_alpha=\u00bb50&#8243; gutter_size=\u00bb3&#8243; column_width_percent=\u00bb100&#8243; shift_y=\u00bb0&#8243; z_index=\u00bb0&#8243;][vc_column column_width_percent=\u00bb100&#8243; position_vertical=\u00bbmiddle\u00bb align_horizontal=\u00bbalign_center\u00bb gutter_size=\u00bb3&#8243; overlay_alpha=\u00bb50&#8243; shift_x=\u00bb0&#8243; shift_y=\u00bb0&#8243; shift_y_down=\u00bb0&#8243; z_index=\u00bb0&#8243; medium_width=\u00bb0&#8243; mobile_width=\u00bb0&#8243; width=\u00bb1\/1&#8243;][vc_empty_space][vc_button border_width=\u00bb0&#8243; link=\u00bburl:https%3A%2F%2Fwww.pro-mani.com%2Fwp-content%2Fuploads%2F2020%2F02%2FTWINONE_ISTRUZIONI-DI-MONTAGGIO.pdf||target:%20_blank|\u00bb]Instrucciones de montaje[\/vc_button][vc_empty_space][\/vc_column][\/vc_row]<\/p>\n<\/div>","protected":false},"excerpt":{"rendered":"<p>[vc_row][vc_column column_width_percent=\u00bb100&#8243; align_horizontal=\u00bbalign_center\u00bb gutter_size=\u00bb3&#8243; overlay_alpha=\u00bb50&#8243; shift_x=\u00bb0&#8243; shift_y=\u00bb0&#8243; shift_y_down=\u00bb0&#8243; z_index=\u00bb0&#8243; medium_width=\u00bb0&#8243; mobile_width=\u00bb0&#8243; width=\u00bb1\/2&#8243;][vc_single_image media=\u00bb75366&#8243; media_width_percent=\u00bb100&#8243; uncode_shortcode_id=\u00bb671150&#8243;][\/vc_column][vc_column width=\u00bb1\/2&#8243;][vc_empty_space empty_h=\u00bb2&#8243;][vc_custom_heading] TWIN ONE [\/vc_custom_heading][vc_column_text [&hellip;]<\/p>\n","protected":false},"author":9,"featured_media":0,"parent":0,"menu_order":0,"comment_status":"closed","ping_status":"closed","template":"","meta":{"_acf_changed":false,"sfsi_plus_gutenberg_text_before_share":"","sfsi_plus_gutenberg_show_text_before_share":"","sfsi_plus_gutenberg_icon_type":"","sfsi_plus_gutenberg_icon_alignemt":"","sfsi_plus_gutenburg_max_per_row":"","footnotes":""},"class_list":["post-76919","page","type-page","status-publish","hentry"],"acf":[],"_links":{"self":[{"href":"https:\/\/www.pro-mani.com\/es\/wp-json\/wp\/v2\/pages\/76919","targetHints":{"allow":["GET"]}}],"collection":[{"href":"https:\/\/www.pro-mani.com\/es\/wp-json\/wp\/v2\/pages"}],"about":[{"href":"https:\/\/www.pro-mani.com\/es\/wp-json\/wp\/v2\/types\/page"}],"author":[{"embeddable":true,"href":"https:\/\/www.pro-mani.com\/es\/wp-json\/wp\/v2\/users\/9"}],"replies":[{"embeddable":true,"href":"https:\/\/www.pro-mani.com\/es\/wp-json\/wp\/v2\/comments?post=76919"}],"version-history":[{"count":3,"href":"https:\/\/www.pro-mani.com\/es\/wp-json\/wp\/v2\/pages\/76919\/revisions"}],"predecessor-version":[{"id":77455,"href":"https:\/\/www.pro-mani.com\/es\/wp-json\/wp\/v2\/pages\/76919\/revisions\/77455"}],"wp:attachment":[{"href":"https:\/\/www.pro-mani.com\/es\/wp-json\/wp\/v2\/media?parent=76919"}],"curies":[{"name":"wp","href":"https:\/\/api.w.org\/{rel}","templated":true}]}}