{"id":76923,"date":"2025-02-07T10:11:11","date_gmt":"2025-02-07T09:11:11","guid":{"rendered":"https:\/\/www.pro-mani.com\/?page_id=76923"},"modified":"2025-03-13T16:47:27","modified_gmt":"2025-03-13T15:47:27","slug":"biblioteca-tecnica-sp","status":"publish","type":"page","link":"https:\/\/www.pro-mani.com\/es\/biblioteca-tecnica-sp\/","title":{"rendered":"Biblioteca t\u00e9cnica"},"content":{"rendered":"<div class=\"wpb-content-wrapper\"><p>[vc_row][vc_column column_width_percent=\u00bb100&#8243; align_horizontal=\u00bbalign_center\u00bb gutter_size=\u00bb3&#8243; overlay_alpha=\u00bb50&#8243; shift_x=\u00bb0&#8243; shift_y=\u00bb0&#8243; shift_y_down=\u00bb0&#8243; z_index=\u00bb0&#8243; medium_width=\u00bb0&#8243; mobile_width=\u00bb0&#8243; width=\u00bb1\/1&#8243;][vc_custom_heading text_font=\u00bbfont-351847&#8243; text_transform=\u00bbuppercase\u00bb]BIBLIOTECA<br \/>\n<strong>TECNICA<\/strong>[\/vc_custom_heading][vc_column_text]Desde esta p\u00e1gina puedes descargar los manuales de instalaci\u00f3n con instrucciones detalladas sobre las t\u00e9cnicas de montaje de nuestros productos, las fichas t\u00e9cnicas y otros documentos \u00fatiles.[\/vc_column_text][\/vc_column][\/vc_row][vc_row][vc_column width=\u00bb1\/1&#8243;][vc_separator sep_color=\u00bb,Default\u00bb][vc_custom_heading heading_semantic=\u00bbh3&#8243; text_font=\u00bbfont-351847&#8243; text_size=\u00bbh4&#8243; text_transform=\u00bbuppercase\u00bb]INSTRUCCIONES DE MONTAJE[\/vc_custom_heading][\/vc_column][\/vc_row][vc_row row_height_percent=\u00bb0&#8243; overlay_alpha=\u00bb50&#8243; gutter_size=\u00bb3&#8243; column_width_percent=\u00bb100&#8243; shift_y=\u00bb0&#8243; z_index=\u00bb0&#8243;][vc_column width=\u00bb1\/3&#8243;][vc_custom_heading text_color=\u00bbaccent\u00bb heading_semantic=\u00bbh4&#8243; text_size=\u00bbh4&#8243;]<strong>ONE<\/strong><br \/>\nMarco Corredero[\/vc_custom_heading][vc_button wide=\u00bbyes\u00bb border_width=\u00bb0&#8243; link=\u00bburl:https%3A%2F%2Fwww.pro-mani.com%2Fwp-content%2Fuploads%2F2019%2F06%2FITA615-815_ONE_ISTRUZIONI-DI-MONTAGGIO-1.pdf||target:%20_blank|\u00bb]Descargar ONE 600-800 mm \u00bb[\/vc_button][vc_button wide=\u00bbyes\u00bb border_width=\u00bb0&#8243; link=\u00bburl:https%3A%2F%2Fwww.pro-mani.com%2Fwp-content%2Fuploads%2F2019%2F06%2FITA915ONE_ISTRUZIONI-DI-MONTAGGIO.pdf||target:%20_blank|\u00bb]Descargar ONE 900 mm \u00bb[\/vc_button][vc_button wide=\u00bbyes\u00bb border_width=\u00bb0&#8243; link=\u00bburl:https%3A%2F%2Fwww.pro-mani.com%2Fwp-content%2Fuploads%2F2019%2F06%2FIT1015-1215ONE_ISTRUZIONI-DI-MONTAGGIO.pdf||target:%20_blank|\u00bb]Descargar ONE 1000-1200 mm \u00bb[\/vc_button][\/vc_column][vc_column column_width_percent=\u00bb100&#8243; gutter_size=\u00bb3&#8243; overlay_alpha=\u00bb50&#8243; shift_x=\u00bb0&#8243; shift_y=\u00bb0&#8243; shift_y_down=\u00bb0&#8243; z_index=\u00bb0&#8243; desktop_visibility=\u00bbyes\u00bb medium_visibility=\u00bbyes\u00bb medium_width=\u00bb0&#8243; mobile_visibility=\u00bbyes\u00bb mobile_width=\u00bb0&#8243; width=\u00bb1\/3&#8243;][vc_custom_heading text_color=\u00bbaccent\u00bb heading_semantic=\u00bbh4&#8243; text_size=\u00bbh4&#8243;]Smarty<br \/>\nMarco Corredero[\/vc_custom_heading][vc_button wide=\u00bbyes\u00bb border_width=\u00bb0&#8243; link=\u00bburl:https%3A%2F%2Fwww.pro-mani.com%2Fwp-content%2Fuploads%2F2019%2F06%2FIT615-815SMA_SCHEDA-TECNICA-1.pdf||target:%20_blank|\u00bb]Descargar SMARTY 600-800 mm \u00bb[\/vc_button][vc_button wide=\u00bbyes\u00bb border_width=\u00bb0&#8243; link=\u00bburl:https%3A%2F%2Fwww.pro-mani.com%2Fwp-content%2Fuploads%2F2019%2F05%2FITA985ONE_ISTRUZIONI-DI-MONTAGGIO.pdf||target:%20_blank|\u00bb]Descargar SMARTY 900 mm \u00bb[\/vc_button][vc_button wide=\u00bbyes\u00bb border_width=\u00bb0&#8243; link=\u00bburl:https%3A%2F%2Fwww.pro-mani.com%2Fwp-content%2Fuploads%2F2019%2F05%2FITA985ONE_ISTRUZIONI-DI-MONTAGGIO.pdf||target:%20_blank|\u00bb]Descargar SMARTY 1000-1200 mm \u00bb[\/vc_button][\/vc_column][vc_column column_width_percent=\u00bb100&#8243; gutter_size=\u00bb3&#8243; overlay_alpha=\u00bb50&#8243; shift_x=\u00bb0&#8243; shift_y=\u00bb0&#8243; shift_y_down=\u00bb0&#8243; z_index=\u00bb0&#8243; desktop_visibility=\u00bbyes\u00bb medium_visibility=\u00bbyes\u00bb medium_width=\u00bb0&#8243; mobile_visibility=\u00bbyes\u00bb mobile_width=\u00bb0&#8243; width=\u00bb1\/3&#8243;][vc_custom_heading text_color=\u00bbaccent\u00bb heading_semantic=\u00bbh4&#8243; text_size=\u00bbh4&#8243;]<strong>Fine<\/strong><br \/>\nMarco Corredero[\/vc_custom_heading][vc_button wide=\u00bbyes\u00bb border_width=\u00bb0&#8243; link=\u00bb|||\u00bb]Descargar FINE 600-800 mm \u00bb[\/vc_button][vc_button wide=\u00bbyes\u00bb border_width=\u00bb0&#8243; link=\u00bb|||\u00bb]Descargar FINE 900 mm \u00bb[\/vc_button][vc_button wide=\u00bbyes\u00bb border_width=\u00bb0&#8243; link=\u00bb|||\u00bb]Descargar FINE 1000-1200 mm \u00bb[\/vc_button][\/vc_column][\/vc_row][vc_row][vc_column width=\u00bb1\/1&#8243;][vc_separator sep_color=\u00bb,Default\u00bb][vc_custom_heading heading_semantic=\u00bbh3&#8243; text_font=\u00bbfont-351847&#8243; text_size=\u00bbh4&#8243; text_transform=\u00bbuppercase\u00bb]FICHAS T\u00c9CNICAS[\/vc_custom_heading][\/vc_column][\/vc_row][vc_row row_height_percent=\u00bb0&#8243; overlay_alpha=\u00bb50&#8243; gutter_size=\u00bb3&#8243; column_width_percent=\u00bb100&#8243; shift_y=\u00bb0&#8243; z_index=\u00bb0&#8243;][vc_column width=\u00bb1\/3&#8243;][vc_custom_heading text_color=\u00bbaccent\u00bb heading_semantic=\u00bbh4&#8243; text_size=\u00bbh4&#8243;]<strong>ONE<\/strong><br \/>\nMarco Corredero[\/vc_custom_heading][vc_button wide=\u00bbyes\u00bb border_width=\u00bb0&#8243; link=\u00bburl:https%3A%2F%2Fwww.pro-mani.com%2Fwp-content%2Fuploads%2F2019%2F06%2FITA615-815ONE_SCHEDA-TECNICA-1.pdf||target:%20_blank|\u00bb]Descargar ONE 600-800 mm \u00bb[\/vc_button][vc_button wide=\u00bbyes\u00bb border_width=\u00bb0&#8243; link=\u00bburl:https%3A%2F%2Fwww.pro-mani.com%2Fwp-content%2Fuploads%2F2019%2F06%2FITA915ONE_SCHEDA-TECNICA-1.pdf||target:%20_blank|\u00bb]Descargar ONE 900 mm \u00bb[\/vc_button][vc_button wide=\u00bbyes\u00bb border_width=\u00bb0&#8243; link=\u00bburl:https%3A%2F%2Fwww.pro-mani.com%2Fwp-content%2Fuploads%2F2019%2F06%2FITA1015-1215ONE_SCHEDA-TECNICA-1.pdf||target:%20_blank|\u00bb]Descargar ONE 1000-1200 mm \u00bb[\/vc_button][\/vc_column][vc_column width=\u00bb1\/3&#8243;][vc_custom_heading text_color=\u00bbaccent\u00bb heading_semantic=\u00bbh4&#8243; text_size=\u00bbh4&#8243;]<strong>Fine<\/strong><br \/>\nMarco Corredero[\/vc_custom_heading][vc_button wide=\u00bbyes\u00bb border_width=\u00bb0&#8243; link=\u00bburl:https%3A%2F%2Fwww.pro-mani.com%2Fwp-content%2Fuploads%2F2019%2F06%2FIT615-815FIN_SCHEDA-TECNICA-1.pdf||target:%20_blank|\u00bb]Descargar FINE 600-800 mm \u00bb[\/vc_button][vc_button wide=\u00bbyes\u00bb border_width=\u00bb0&#8243; link=\u00bburl:https%3A%2F%2Fwww.pro-mani.com%2Fwp-content%2Fuploads%2F2019%2F06%2FIT915FIN_SCHEDA-TECNICA-1.pdf||target:%20_blank|\u00bb]Descargar FINE 900 mm \u00bb[\/vc_button][vc_button wide=\u00bbyes\u00bb border_width=\u00bb0&#8243; link=\u00bburl:https%3A%2F%2Fwww.pro-mani.com%2Fwp-content%2Fuploads%2F2019%2F06%2FIT1015-1215FIN_SCHEDA-TECNICA-1.pdf||target:%20_blank|\u00bb]Descargar FINE 1000-1200 mm \u00bb[\/vc_button][\/vc_column][\/vc_row]<\/p>\n<\/div>","protected":false},"excerpt":{"rendered":"<p>[vc_row][vc_column column_width_percent=\u00bb100&#8243; align_horizontal=\u00bbalign_center\u00bb gutter_size=\u00bb3&#8243; overlay_alpha=\u00bb50&#8243; shift_x=\u00bb0&#8243; shift_y=\u00bb0&#8243; shift_y_down=\u00bb0&#8243; z_index=\u00bb0&#8243; medium_width=\u00bb0&#8243; mobile_width=\u00bb0&#8243; width=\u00bb1\/1&#8243;][vc_custom_heading text_font=\u00bbfont-351847&#8243; text_transform=\u00bbuppercase\u00bb]BIBLIOTECA TECNICA[\/vc_custom_heading][vc_column_text]Desde esta p\u00e1gina puedes descargar los [&hellip;]<\/p>\n","protected":false},"author":9,"featured_media":0,"parent":0,"menu_order":1,"comment_status":"closed","ping_status":"closed","template":"","meta":{"_acf_changed":false,"sfsi_plus_gutenberg_text_before_share":"","sfsi_plus_gutenberg_show_text_before_share":"","sfsi_plus_gutenberg_icon_type":"","sfsi_plus_gutenberg_icon_alignemt":"","sfsi_plus_gutenburg_max_per_row":"","footnotes":""},"class_list":["post-76923","page","type-page","status-publish","hentry"],"acf":[],"_links":{"self":[{"href":"https:\/\/www.pro-mani.com\/es\/wp-json\/wp\/v2\/pages\/76923","targetHints":{"allow":["GET"]}}],"collection":[{"href":"https:\/\/www.pro-mani.com\/es\/wp-json\/wp\/v2\/pages"}],"about":[{"href":"https:\/\/www.pro-mani.com\/es\/wp-json\/wp\/v2\/types\/page"}],"author":[{"embeddable":true,"href":"https:\/\/www.pro-mani.com\/es\/wp-json\/wp\/v2\/users\/9"}],"replies":[{"embeddable":true,"href":"https:\/\/www.pro-mani.com\/es\/wp-json\/wp\/v2\/comments?post=76923"}],"version-history":[{"count":7,"href":"https:\/\/www.pro-mani.com\/es\/wp-json\/wp\/v2\/pages\/76923\/revisions"}],"predecessor-version":[{"id":77797,"href":"https:\/\/www.pro-mani.com\/es\/wp-json\/wp\/v2\/pages\/76923\/revisions\/77797"}],"wp:attachment":[{"href":"https:\/\/www.pro-mani.com\/es\/wp-json\/wp\/v2\/media?parent=76923"}],"curies":[{"name":"wp","href":"https:\/\/api.w.org\/{rel}","templated":true}]}}