{"id":76925,"date":"2025-02-07T10:11:42","date_gmt":"2025-02-07T09:11:42","guid":{"rendered":"https:\/\/www.pro-mani.com\/?page_id=76925"},"modified":"2025-03-13T17:18:31","modified_gmt":"2025-03-13T16:18:31","slug":"videos-tutorial-sp","status":"publish","type":"page","link":"https:\/\/www.pro-mani.com\/es\/videos-tutorial-sp\/","title":{"rendered":"Video Tutorial"},"content":{"rendered":"<div class=\"wpb-content-wrapper\"><p>[vc_row][vc_column column_width_percent=\u00bb100&#8243; align_horizontal=\u00bbalign_center\u00bb overlay_alpha=\u00bb50&#8243; gutter_size=\u00bb3&#8243; medium_width=\u00bb0&#8243; mobile_width=\u00bb0&#8243; shift_x=\u00bb0&#8243; shift_y=\u00bb0&#8243; shift_y_down=\u00bb0&#8243; z_index=\u00bb0&#8243; width=\u00bb1\/1&#8243;][vc_custom_heading text_font=\u00bbfont-351847&#8243; text_transform=\u00bbuppercase\u00bb]Video <strong>Tutorial<\/strong>[\/vc_custom_heading][vc_column_text]Aqu\u00ed puedes encontrar algunos videos que te ayudar\u00e1n durante las diferentes fases de montaje de los marcos para puertas correderas y durante la instalaci\u00f3n de los accesorios de serie, como el carro para panel de puerta de vidrio o madera:[\/vc_column_text][\/vc_column][\/vc_row][vc_row][vc_column width=\u00bb1\/1&#8243;][vc_separator][\/vc_column][\/vc_row][vc_row][vc_column width=\u00bb1\/2&#8243;][vc_single_image media=\u00bb74027&#8243; media_width_percent=\u00bb100&#8243;][vc_custom_heading heading_semantic=\u00bbh6&#8243; text_size=\u00bbh6&#8243;]ONE &#8211; Tutorial instalaci\u00f3n contramarco 600 mm[\/vc_custom_heading][\/vc_column][vc_column width=\u00bb1\/2&#8243;][vc_single_image media=\u00bb74026&#8243; media_width_percent=\u00bb100&#8243;][vc_custom_heading heading_semantic=\u00bbh6&#8243; text_size=\u00bbh6&#8243;]ONE &#8211; Tutorial instalaci\u00f3n contramarco 800 mm[\/vc_custom_heading][\/vc_column][\/vc_row][vc_row][vc_column width=\u00bb1\/4&#8243;][\/vc_column][vc_column width=\u00bb1\/2&#8243;][vc_single_image media=\u00bb74025&#8243; media_width_percent=\u00bb100&#8243;][vc_custom_heading heading_semantic=\u00bbh6&#8243; text_size=\u00bbh6&#8243;]Instalaci\u00f3n del carro con frenado bidireccional para puerta corredera[\/vc_custom_heading][\/vc_column][vc_column width=\u00bb1\/4&#8243;][\/vc_column][\/vc_row][vc_row][vc_column width=\u00bb1\/1&#8243;][vc_empty_space empty_h=\u00bb3&#8243;][\/vc_column][\/vc_row]<\/p>\n<\/div>","protected":false},"excerpt":{"rendered":"<p>[vc_row][vc_column column_width_percent=\u00bb100&#8243; align_horizontal=\u00bbalign_center\u00bb overlay_alpha=\u00bb50&#8243; gutter_size=\u00bb3&#8243; medium_width=\u00bb0&#8243; mobile_width=\u00bb0&#8243; shift_x=\u00bb0&#8243; shift_y=\u00bb0&#8243; shift_y_down=\u00bb0&#8243; z_index=\u00bb0&#8243; width=\u00bb1\/1&#8243;][vc_custom_heading text_font=\u00bbfont-351847&#8243; text_transform=\u00bbuppercase\u00bb]Video Tutorial[\/vc_custom_heading][vc_column_text]Aqu\u00ed puedes encontrar algunos videos que [&hellip;]<\/p>\n","protected":false},"author":9,"featured_media":0,"parent":0,"menu_order":2,"comment_status":"closed","ping_status":"closed","template":"","meta":{"_acf_changed":false,"sfsi_plus_gutenberg_text_before_share":"","sfsi_plus_gutenberg_show_text_before_share":"","sfsi_plus_gutenberg_icon_type":"","sfsi_plus_gutenberg_icon_alignemt":"","sfsi_plus_gutenburg_max_per_row":"","footnotes":""},"class_list":["post-76925","page","type-page","status-publish","hentry"],"acf":[],"_links":{"self":[{"href":"https:\/\/www.pro-mani.com\/es\/wp-json\/wp\/v2\/pages\/76925","targetHints":{"allow":["GET"]}}],"collection":[{"href":"https:\/\/www.pro-mani.com\/es\/wp-json\/wp\/v2\/pages"}],"about":[{"href":"https:\/\/www.pro-mani.com\/es\/wp-json\/wp\/v2\/types\/page"}],"author":[{"embeddable":true,"href":"https:\/\/www.pro-mani.com\/es\/wp-json\/wp\/v2\/users\/9"}],"replies":[{"embeddable":true,"href":"https:\/\/www.pro-mani.com\/es\/wp-json\/wp\/v2\/comments?post=76925"}],"version-history":[{"count":5,"href":"https:\/\/www.pro-mani.com\/es\/wp-json\/wp\/v2\/pages\/76925\/revisions"}],"predecessor-version":[{"id":77803,"href":"https:\/\/www.pro-mani.com\/es\/wp-json\/wp\/v2\/pages\/76925\/revisions\/77803"}],"wp:attachment":[{"href":"https:\/\/www.pro-mani.com\/es\/wp-json\/wp\/v2\/media?parent=76925"}],"curies":[{"name":"wp","href":"https:\/\/api.w.org\/{rel}","templated":true}]}}