{"id":76851,"date":"2025-02-07T09:59:37","date_gmt":"2025-02-07T08:59:37","guid":{"rendered":"https:\/\/www.pro-mani.com\/?page_id=76851"},"modified":"2025-03-14T09:38:15","modified_gmt":"2025-03-14T08:38:15","slug":"giant-one","status":"publish","type":"page","link":"https:\/\/www.pro-mani.com\/fr\/giant-one\/","title":{"rendered":"Giant One"},"content":{"rendered":"<div class=\"wpb-content-wrapper\"><p>[vc_row][vc_column column_width_percent=\u00a0\u00bb100&Prime; align_horizontal=\u00a0\u00bbalign_center\u00a0\u00bb gutter_size=\u00a0\u00bb3&Prime; overlay_alpha=\u00a0\u00bb50&Prime; shift_x=\u00a0\u00bb0&Prime; shift_y=\u00a0\u00bb0&Prime; shift_y_down=\u00a0\u00bb0&Prime; z_index=\u00a0\u00bb0&Prime; medium_width=\u00a0\u00bb0&Prime; mobile_width=\u00a0\u00bb0&Prime; width=\u00a0\u00bb1\/2&Prime;][vc_single_image media=\u00a0\u00bb77279&Prime; media_width_percent=\u00a0\u00bb100&Prime; uncode_shortcode_id=\u00a0\u00bb116850&Prime;][\/vc_column][vc_column width=\u00a0\u00bb1\/2&Prime;][vc_custom_heading]<\/p>\n<h1><strong>GIANT ONE<\/strong><\/h1>\n<p>[\/vc_custom_heading][vc_column_text uncode_shortcode_id=\u00a0\u00bb234063&Prime;]<\/p>\n<p>L&rsquo;accessoire de hauteur hors norme GIANT est la solution id\u00e9ale pour chaque contre-cadre ONE, permettant d&rsquo;atteindre des hauteurs exceptionnelles jusqu&rsquo;\u00e0 2,70 m\u00e8tres. Cette innovation repr\u00e9sente une opportunit\u00e9 unique pour ceux qui souhaitent installer des portes coulissantes dissimul\u00e9es avec des dimensions hors norme, sans compromettre la qualit\u00e9 et la fonctionnalit\u00e9 du syst\u00e8me.<\/p>\n<p>Con\u00e7u pour simplifier l&rsquo;installation et r\u00e9duire les temps de montage, GIANT offre une solution pratique et rapide pour les portes coulissantes de grande hauteur. Gr\u00e2ce \u00e0 cet accessoire, il est possible de transformer facilement un contre-cadre ONE en un syst\u00e8me XXL, adaptable \u00e0 des espaces plus grands et \u00e0 des besoins sp\u00e9cifiques, sans avoir recours \u00e0 des modifications complexes ou co\u00fbteuses.<\/p>\n<p>Sa structure solide et r\u00e9sistante, associ\u00e9e \u00e0 une installation facile, en fait le choix parfait pour ceux qui recherchent un r\u00e9sultat final esth\u00e9tique et fonctionnel, avec l&rsquo;avantage d&rsquo;un montage rapide. Avec GIANT, les portes coulissantes dissimul\u00e9es deviennent non seulement un \u00e9l\u00e9ment de design, mais aussi une solution pratique et polyvalente pour les grands espaces.<\/p>\n<p>[\/vc_column_text][\/vc_column][\/vc_row][vc_row][vc_column width=\u00a0\u00bb1\/1&Prime;][vc_single_image media=\u00a0\u00bb75267&Prime; media_width_percent=\u00a0\u00bb100&Prime; uncode_shortcode_id=\u00a0\u00bb132810&Prime;][\/vc_column][\/vc_row][vc_row][vc_column column_width_percent=\u00a0\u00bb100&Prime; align_horizontal=\u00a0\u00bbalign_center\u00a0\u00bb gutter_size=\u00a0\u00bb3&Prime; overlay_alpha=\u00a0\u00bb50&Prime; shift_x=\u00a0\u00bb0&Prime; shift_y=\u00a0\u00bb0&Prime; shift_y_down=\u00a0\u00bb0&Prime; z_index=\u00a0\u00bb0&Prime; medium_width=\u00a0\u00bb0&Prime; mobile_width=\u00a0\u00bb0&Prime; width=\u00a0\u00bb1\/1&Prime;][vc_empty_space empty_h=\u00a0\u00bb2&Prime;][vc_button border_width=\u00a0\u00bb0&Prime; link=\u00a0\u00bburl:https%3A%2F%2Fwww.pro-mani.com%2Fwp-content%2Fuploads%2F2020%2F02%2FGIANT_ONE_ISTRUZIONI-DI-MONTAGGIO.pdf||target:%20_blank|\u00a0\u00bb uncode_shortcode_id=\u00a0\u00bb104087&Prime;]Manuel d&rsquo;instructions[\/vc_button][vc_empty_space empty_h=\u00a0\u00bb2&Prime;][\/vc_column][\/vc_row]<\/p>\n<\/div>","protected":false},"excerpt":{"rendered":"<p>[vc_row][vc_column column_width_percent=\u00a0\u00bb100&Prime; align_horizontal=\u00a0\u00bbalign_center\u00a0\u00bb gutter_size=\u00a0\u00bb3&Prime; overlay_alpha=\u00a0\u00bb50&Prime; shift_x=\u00a0\u00bb0&Prime; shift_y=\u00a0\u00bb0&Prime; shift_y_down=\u00a0\u00bb0&Prime; z_index=\u00a0\u00bb0&Prime; medium_width=\u00a0\u00bb0&Prime; mobile_width=\u00a0\u00bb0&Prime; width=\u00a0\u00bb1\/2&Prime;][vc_single_image media=\u00a0\u00bb77279&Prime; media_width_percent=\u00a0\u00bb100&Prime; uncode_shortcode_id=\u00a0\u00bb116850&Prime;][\/vc_column][vc_column width=\u00a0\u00bb1\/2&Prime;][vc_custom_heading] GIANT ONE [\/vc_custom_heading][vc_column_text uncode_shortcode_id=\u00a0\u00bb234063&Prime;] [&hellip;]<\/p>\n","protected":false},"author":9,"featured_media":0,"parent":0,"menu_order":0,"comment_status":"closed","ping_status":"closed","template":"","meta":{"_acf_changed":false,"sfsi_plus_gutenberg_text_before_share":"","sfsi_plus_gutenberg_show_text_before_share":"","sfsi_plus_gutenberg_icon_type":"","sfsi_plus_gutenberg_icon_alignemt":"","sfsi_plus_gutenburg_max_per_row":"","footnotes":""},"class_list":["post-76851","page","type-page","status-publish","hentry"],"acf":[],"_links":{"self":[{"href":"https:\/\/www.pro-mani.com\/fr\/wp-json\/wp\/v2\/pages\/76851","targetHints":{"allow":["GET"]}}],"collection":[{"href":"https:\/\/www.pro-mani.com\/fr\/wp-json\/wp\/v2\/pages"}],"about":[{"href":"https:\/\/www.pro-mani.com\/fr\/wp-json\/wp\/v2\/types\/page"}],"author":[{"embeddable":true,"href":"https:\/\/www.pro-mani.com\/fr\/wp-json\/wp\/v2\/users\/9"}],"replies":[{"embeddable":true,"href":"https:\/\/www.pro-mani.com\/fr\/wp-json\/wp\/v2\/comments?post=76851"}],"version-history":[{"count":5,"href":"https:\/\/www.pro-mani.com\/fr\/wp-json\/wp\/v2\/pages\/76851\/revisions"}],"predecessor-version":[{"id":77414,"href":"https:\/\/www.pro-mani.com\/fr\/wp-json\/wp\/v2\/pages\/76851\/revisions\/77414"}],"wp:attachment":[{"href":"https:\/\/www.pro-mani.com\/fr\/wp-json\/wp\/v2\/media?parent=76851"}],"curies":[{"name":"wp","href":"https:\/\/api.w.org\/{rel}","templated":true}]}}