{"id":76872,"date":"2025-02-07T10:00:51","date_gmt":"2025-02-07T09:00:51","guid":{"rendered":"https:\/\/www.pro-mani.com\/?page_id=76872"},"modified":"2025-03-14T10:07:14","modified_gmt":"2025-03-14T09:07:14","slug":"a-propos-de-notre-entreprise","status":"publish","type":"page","link":"https:\/\/www.pro-mani.com\/fr\/a-propos-de-notre-entreprise\/","title":{"rendered":"\u00c0 propos de notre entreprise"},"content":{"rendered":"<div class=\"wpb-content-wrapper\"><p>[vc_row row_height_percent=\u00a0\u00bb0&Prime; override_padding=\u00a0\u00bbyes\u00a0\u00bb h_padding=\u00a0\u00bb2&Prime; top_padding=\u00a0\u00bb2&Prime; bottom_padding=\u00a0\u00bb3&Prime; overlay_alpha=\u00a0\u00bb50&Prime; gutter_size=\u00a0\u00bb3&Prime; column_width_percent=\u00a0\u00bb100&Prime; shift_y=\u00a0\u00bb0&Prime; z_index=\u00a0\u00bb0&Prime; medium_visibility=\u00a0\u00bbyes\u00a0\u00bb mobile_visibility=\u00a0\u00bbyes\u00a0\u00bb content_parallax=\u00a0\u00bb0&Prime; uncode_shortcode_id=\u00a0\u00bb110427&Prime;][vc_column column_width_percent=\u00a0\u00bb100&Prime; gutter_size=\u00a0\u00bb3&Prime; overlay_alpha=\u00a0\u00bb50&Prime; shift_x=\u00a0\u00bb0&Prime; shift_y=\u00a0\u00bb0&Prime; shift_y_down=\u00a0\u00bb0&Prime; z_index=\u00a0\u00bb0&Prime; medium_width=\u00a0\u00bb0&Prime; mobile_width=\u00a0\u00bb0&Prime; css_animation=\u00a0\u00bbalpha-anim\u00a0\u00bb width=\u00a0\u00bb1\/3&Prime;][vc_single_image media=\u00a0\u00bb76529&Prime; media_width_percent=\u00a0\u00bb60&Prime; alignment=\u00a0\u00bbcenter\u00a0\u00bb uncode_shortcode_id=\u00a0\u00bb212733&Prime;][vc_empty_space empty_h=\u00a0\u00bb2&Prime;][vc_empty_space empty_h=\u00a0\u00bb2&Prime;][vc_empty_space empty_h=\u00a0\u00bb2&Prime;][vc_custom_heading heading_semantic=\u00a0\u00bbh5&Prime; text_size=\u00a0\u00bbh5&Prime; text_weight=\u00a0\u00bb300&Prime; text_transform=\u00a0\u00bbuppercase\u00a0\u00bb sub_reduced=\u00a0\u00bbyes\u00a0\u00bb el_class=\u00a0\u00bbsubtitle_insidepade\u00a0\u00bb uncode_shortcode_id=\u00a0\u00bb165476&Prime;]Innovation et Simplicit\u00e9[\/vc_custom_heading][vc_empty_space empty_h=\u00a0\u00bb2&Prime;][vc_empty_space empty_h=\u00a0\u00bb2&Prime;][vc_empty_space empty_h=\u00a0\u00bb2&Prime;][vc_empty_space empty_h=\u00a0\u00bb2&Prime;][vc_empty_space empty_h=\u00a0\u00bb2&Prime;][vc_custom_heading heading_semantic=\u00a0\u00bbh5&Prime; text_size=\u00a0\u00bbh5&Prime; text_weight=\u00a0\u00bb300&Prime; text_transform=\u00a0\u00bbuppercase\u00a0\u00bb sub_reduced=\u00a0\u00bbyes\u00a0\u00bb el_class=\u00a0\u00bbsubtitle_insidepade\u00a0\u00bb uncode_shortcode_id=\u00a0\u00bb535881&Prime;]Un produit pens\u00e9 pour tous[\/vc_custom_heading][vc_empty_space empty_h=\u00a0\u00bb2&Prime;][vc_empty_space empty_h=\u00a0\u00bb2&Prime;][vc_empty_space empty_h=\u00a0\u00bb2&Prime;][vc_empty_space empty_h=\u00a0\u00bb2&Prime;][vc_empty_space empty_h=\u00a0\u00bb2&Prime;][vc_custom_heading heading_semantic=\u00a0\u00bbh5&Prime; text_size=\u00a0\u00bbh5&Prime; text_weight=\u00a0\u00bb300&Prime; text_transform=\u00a0\u00bbuppercase\u00a0\u00bb sub_reduced=\u00a0\u00bbyes\u00a0\u00bb el_class=\u00a0\u00bbsubtitle_insidepade\u00a0\u00bb uncode_shortcode_id=\u00a0\u00bb804831&Prime;]Solutions \u00e9l\u00e9gantes et fonctionnelles pour chaque environnement[\/vc_custom_heading][vc_empty_space empty_h=\u00a0\u00bb2&Prime;][vc_empty_space empty_h=\u00a0\u00bb2&Prime;][vc_empty_space empty_h=\u00a0\u00bb2&Prime;][vc_custom_heading heading_semantic=\u00a0\u00bbh5&Prime; text_size=\u00a0\u00bbh5&Prime; text_weight=\u00a0\u00bb300&Prime; text_transform=\u00a0\u00bbuppercase\u00a0\u00bb sub_reduced=\u00a0\u00bbyes\u00a0\u00bb el_class=\u00a0\u00bbsubtitle_insidepade\u00a0\u00bb uncode_shortcode_id=\u00a0\u00bb928851&Prime;]<\/p>\n<p>Installation rapide et personnalisation totale[\/vc_custom_heading][vc_empty_space empty_h=\u00a0\u00bb2&Prime;][\/vc_column][vc_column column_width_percent=\u00a0\u00bb100&Prime; gutter_size=\u00a0\u00bb3&Prime; overlay_alpha=\u00a0\u00bb50&Prime; shift_x=\u00a0\u00bb0&Prime; shift_y=\u00a0\u00bb0&Prime; shift_y_down=\u00a0\u00bb0&Prime; z_index=\u00a0\u00bb0&Prime; medium_width=\u00a0\u00bb0&Prime; mobile_width=\u00a0\u00bb0&Prime; css_animation=\u00a0\u00bbalpha-anim\u00a0\u00bb width=\u00a0\u00bb2\/3&Prime;][vc_empty_space empty_h=\u00a0\u00bb2&Prime;][vc_column_text text_color=\u00a0\u00bbcolor-jevc\u00a0\u00bb uncode_shortcode_id=\u00a0\u00bb144890&Prime; text_color_type=\u00a0\u00bbuncode-palette\u00a0\u00bb]\u00a0\u00bbPromani est le partenaire id\u00e9al pour les ch\u00e2ssis et accessoires pour portes coulissantes, combinant innovation, esth\u00e9tique et fonctionnalit\u00e9.\u00a0\u00bb[\/vc_column_text][vc_empty_space empty_h=\u00a0\u00bb2&Prime;][vc_column_text uncode_shortcode_id=\u00a0\u00bb111020&Prime;]Promani est n\u00e9 de l&rsquo;exp\u00e9rience de plusieurs ann\u00e9es dans le secteur de la construction l\u00e9g\u00e8re et du d\u00e9sir d&rsquo;offrir des solutions concr\u00e8tes pour l&rsquo;installation de syst\u00e8mes de portes coulissantes. Le dialogue constant avec les besoins du march\u00e9 a conduit \u00e0 la conception et \u00e0 la brevet\u00e9 d&rsquo;un cadre innovant, capable de combiner adaptabilit\u00e9, performance et une facilit\u00e9 d&rsquo;installation sans pr\u00e9c\u00e9dent.[\/vc_column_text][vc_empty_space empty_h=\u00a0\u00bb2&Prime;][vc_column_text uncode_shortcode_id=\u00a0\u00bb108245&Prime;]La principale caract\u00e9ristique de nos ch\u00e2ssis est leur installation intuitive, con\u00e7ue pour \u00eatre accessible \u00e0 la fois aux professionnels et aux amateurs de bricolage. Les tendances actuelles dans le domaine du design int\u00e9rieur favorisent de plus en plus des solutions achetables et assemblables de mani\u00e8re autonome : notre mission est pr\u00e9cis\u00e9ment celle-ci, offrir un syst\u00e8me facile \u00e0 installer sans compromettre la qualit\u00e9 et la fiabilit\u00e9.[\/vc_column_text][vc_empty_space empty_h=\u00a0\u00bb2&Prime;][vc_column_text uncode_shortcode_id=\u00a0\u00bb105367&Prime;]Les ch\u00e2ssis Promani permettent d&rsquo;optimiser et de renouveler les espaces r\u00e9sidentiels, les bureaux et les lieux publics avec des syst\u00e8mes encastr\u00e9s en mur ou avec des montants. Le r\u00e9sultat ? Un design \u00e9pur\u00e9 et \u00e9l\u00e9gant, hautement personnalisable en termes de dimensions, finitions et accessoires, s&rsquo;adaptant parfaitement \u00e0 la fois aux environnements domestiques et commerciaux.[\/vc_column_text][vc_empty_space empty_h=\u00a0\u00bb2&Prime;][vc_empty_space empty_h=\u00a0\u00bb2&Prime;][vc_column_text uncode_shortcode_id=\u00a0\u00bb160310&Prime;]Gr\u00e2ce au kit innovant Promani, tant le particulier que le technicien sp\u00e9cialis\u00e9 peuvent compl\u00e9ter l&rsquo;installation de la porte coulissante en quelques minutes. En compl\u00e9ment du syst\u00e8me, nous proposons une gamme d&rsquo;accessoires pour personnaliser la porte coulissante et la rendre unique[\/vc_column_text][vc_empty_space empty_h=\u00a0\u00bb2&Prime;][\/vc_column][\/vc_row][vc_row unlock_row_content=\u00a0\u00bbyes\u00a0\u00bb row_height_percent=\u00a0\u00bb0&Prime; override_padding=\u00a0\u00bbyes\u00a0\u00bb h_padding=\u00a0\u00bb2&Prime; top_padding=\u00a0\u00bb4&Prime; bottom_padding=\u00a0\u00bb4&Prime; overlay_alpha=\u00a0\u00bb50&Prime; gutter_size=\u00a0\u00bb3&Prime; column_width_percent=\u00a0\u00bb100&Prime; shift_y=\u00a0\u00bb0&Prime; z_index=\u00a0\u00bb0&Prime; medium_visibility=\u00a0\u00bbyes\u00a0\u00bb mobile_visibility=\u00a0\u00bbyes\u00a0\u00bb content_parallax=\u00a0\u00bb0&Prime; row_name=\u00a0\u00bbGallery\u00a0\u00bb uncode_shortcode_id=\u00a0\u00bb202074&Prime;][vc_column column_width_use_pixel=\u00a0\u00bbyes\u00a0\u00bb position_vertical=\u00a0\u00bbjustify\u00a0\u00bb align_horizontal=\u00a0\u00bbalign_center\u00a0\u00bb gutter_size=\u00a0\u00bb3&Prime; style=\u00a0\u00bbdark\u00a0\u00bb back_color=\u00a0\u00bbcolor-wayh\u00a0\u00bb overlay_alpha=\u00a0\u00bb50&Prime; radius=\u00a0\u00bbstd\u00a0\u00bb shift_x=\u00a0\u00bb0&Prime; shift_y=\u00a0\u00bb0&Prime; shift_y_down=\u00a0\u00bb0&Prime; z_index=\u00a0\u00bb0&Prime; medium_width=\u00a0\u00bb0&Prime; mobile_width=\u00a0\u00bb0&Prime; zoom_width=\u00a0\u00bb0&Prime; zoom_height=\u00a0\u00bb0&Prime; column_width_pixel=\u00a0\u00bb1400&Prime; uncode_shortcode_id=\u00a0\u00bb411917&Prime; back_color_type=\u00a0\u00bbuncode-palette\u00a0\u00bb][vc_gallery el_id=\u00a0\u00bbgallery-47626&Prime; type=\u00a0\u00bbcarousel\u00a0\u00bb medias=\u00a0\u00bb73839,73837,73836,73841,73838,73840&Prime; gallery_back_color=\u00a0\u00bbcolor-390384&Prime; carousel_lg=\u00a0\u00bb3&Prime; carousel_md=\u00a0\u00bb2&Prime; carousel_sm=\u00a0\u00bb1&Prime; gutter_size=\u00a0\u00bb2&Prime; media_items=\u00a0\u00bbmedia,icon\u00a0\u00bb carousel_v_align=\u00a0\u00bbmiddle\u00a0\u00bb carousel_type=\u00a0\u00bbfade\u00a0\u00bb carousel_interval=\u00a0\u00bb3000&Prime; carousel_navspeed=\u00a0\u00bb400&Prime; carousel_loop=\u00a0\u00bbyes\u00a0\u00bb carousel_dots=\u00a0\u00bbyes\u00a0\u00bb stage_padding=\u00a0\u00bb0&Prime; single_back_color=\u00a0\u00bbcolor-g\u00a0\u00bb single_overlay_opacity=\u00a0\u00bb50&Prime; single_image_anim=\u00a0\u00bbno\u00a0\u00bb single_h_align=\u00a0\u00bbcenter\u00a0\u00bb single_padding=\u00a0\u00bb2&Prime; single_icon=\u00a0\u00bbfa fa-search3&Prime; single_shadow=\u00a0\u00bbyes\u00a0\u00bb single_border=\u00a0\u00bbyes\u00a0\u00bb carousel_rtl=\u00a0\u00bb\u00a0\u00bb single_title_uppercase=\u00a0\u00bb\u00a0\u00bb uncode_shortcode_id=\u00a0\u00bb148063&Prime; gallery_back_color_type=\u00a0\u00bbuncode-palette\u00a0\u00bb][\/vc_column][\/vc_row][vc_row row_height_percent=\u00a0\u00bb0&Prime; override_padding=\u00a0\u00bbyes\u00a0\u00bb h_padding=\u00a0\u00bb2&Prime; top_padding=\u00a0\u00bb2&Prime; bottom_padding=\u00a0\u00bb3&Prime; overlay_alpha=\u00a0\u00bb50&Prime; gutter_size=\u00a0\u00bb3&Prime; column_width_percent=\u00a0\u00bb100&Prime; shift_y=\u00a0\u00bb0&Prime; z_index=\u00a0\u00bb0&Prime; desktop_visibility=\u00a0\u00bbyes\u00a0\u00bb content_parallax=\u00a0\u00bb0&Prime; uncode_shortcode_id=\u00a0\u00bb233020&Prime;][vc_column column_width_percent=\u00a0\u00bb100&Prime; gutter_size=\u00a0\u00bb3&Prime; overlay_alpha=\u00a0\u00bb50&Prime; shift_x=\u00a0\u00bb0&Prime; shift_y=\u00a0\u00bb0&Prime; shift_y_down=\u00a0\u00bb0&Prime; z_index=\u00a0\u00bb0&Prime; medium_width=\u00a0\u00bb0&Prime; mobile_width=\u00a0\u00bb0&Prime; css_animation=\u00a0\u00bbalpha-anim\u00a0\u00bb width=\u00a0\u00bb1\/3&Prime;][vc_single_image media=\u00a0\u00bb76529&Prime; media_width_percent=\u00a0\u00bb20&Prime; alignment=\u00a0\u00bbcenter\u00a0\u00bb uncode_shortcode_id=\u00a0\u00bb172155&Prime;][vc_column_text text_color=\u00a0\u00bbcolor-jevc\u00a0\u00bb uncode_shortcode_id=\u00a0\u00bb297261&Prime; text_color_type=\u00a0\u00bbuncode-palette\u00a0\u00bb]<\/p>\n<p style=\"text-align: center;\"><em>\u00ab\u00a0Promani est le partenaire id\u00e9al pour les ch\u00e2ssis et accessoires pour portes coulissantes, combinant innovation, esth\u00e9tique et fonctionnalit\u00e9.\u00a0\u00bb<\/em><\/p>\n<p>[\/vc_column_text][vc_empty_space empty_h=\u00a0\u00bb2&Prime;][vc_custom_heading heading_semantic=\u00a0\u00bbh5&Prime; text_size=\u00a0\u00bbh5&Prime; text_weight=\u00a0\u00bb300&Prime; text_transform=\u00a0\u00bbuppercase\u00a0\u00bb sub_reduced=\u00a0\u00bbyes\u00a0\u00bb el_class=\u00a0\u00bbsubtitle_insidepade\u00a0\u00bb uncode_shortcode_id=\u00a0\u00bb165476&Prime;]Innovation et Simplicit\u00e9[\/vc_custom_heading][vc_column_text uncode_shortcode_id=\u00a0\u00bb111020&Prime;]Promani est n\u00e9 de l&rsquo;exp\u00e9rience de plusieurs ann\u00e9es dans le secteur de la construction l\u00e9g\u00e8re et du d\u00e9sir d&rsquo;offrir des solutions concr\u00e8tes pour l&rsquo;installation de syst\u00e8mes de portes coulissantes. Le dialogue constant avec les besoins du march\u00e9 a conduit \u00e0 la conception et \u00e0 la brevet\u00e9 d&rsquo;un cadre innovant, capable de combiner adaptabilit\u00e9, performance et une facilit\u00e9 d&rsquo;installation sans pr\u00e9c\u00e9dent.[\/vc_column_text][vc_empty_space empty_h=\u00a0\u00bb2&Prime;][vc_custom_heading heading_semantic=\u00a0\u00bbh5&Prime; text_size=\u00a0\u00bbh5&Prime; text_weight=\u00a0\u00bb300&Prime; text_transform=\u00a0\u00bbuppercase\u00a0\u00bb sub_reduced=\u00a0\u00bbyes\u00a0\u00bb el_class=\u00a0\u00bbsubtitle_insidepade\u00a0\u00bb uncode_shortcode_id=\u00a0\u00bb535881&Prime;]Un produit pens\u00e9 pour tous[\/vc_custom_heading][vc_column_text uncode_shortcode_id=\u00a0\u00bb108245&Prime;]La principale caract\u00e9ristique de nos ch\u00e2ssis est leur installation intuitive, con\u00e7ue pour \u00eatre accessible \u00e0 la fois aux professionnels et aux amateurs de bricolage. Les tendances actuelles dans le domaine du design int\u00e9rieur favorisent de plus en plus des solutions achetables et assemblables de mani\u00e8re autonome : notre mission est pr\u00e9cis\u00e9ment celle-ci, offrir un syst\u00e8me facile \u00e0 installer sans compromettre la qualit\u00e9 et la fiabilit\u00e9.[\/vc_column_text][vc_empty_space empty_h=\u00a0\u00bb2&Prime;][vc_custom_heading heading_semantic=\u00a0\u00bbh5&Prime; text_size=\u00a0\u00bbh5&Prime; text_weight=\u00a0\u00bb300&Prime; text_transform=\u00a0\u00bbuppercase\u00a0\u00bb sub_reduced=\u00a0\u00bbyes\u00a0\u00bb el_class=\u00a0\u00bbsubtitle_insidepade\u00a0\u00bb uncode_shortcode_id=\u00a0\u00bb804831&Prime;]Solutions \u00e9l\u00e9gantes et fonctionnelles pour chaque environnement[\/vc_custom_heading][vc_column_text uncode_shortcode_id=\u00a0\u00bb105367&Prime;]Les ch\u00e2ssis Promani permettent d&rsquo;optimiser et de renouveler les espaces r\u00e9sidentiels, les bureaux et les lieux publics avec des syst\u00e8mes encastr\u00e9s en mur ou avec des montants. Le r\u00e9sultat ? Un design \u00e9pur\u00e9 et \u00e9l\u00e9gant, hautement personnalisable en termes de dimensions, finitions et accessoires, s&rsquo;adaptant parfaitement \u00e0 la fois aux environnements domestiques et commerciaux.[\/vc_column_text][vc_custom_heading heading_semantic=\u00a0\u00bbh5&Prime; text_size=\u00a0\u00bbh5&Prime; text_weight=\u00a0\u00bb300&Prime; text_transform=\u00a0\u00bbuppercase\u00a0\u00bb sub_reduced=\u00a0\u00bbyes\u00a0\u00bb el_class=\u00a0\u00bbsubtitle_insidepade\u00a0\u00bb uncode_shortcode_id=\u00a0\u00bb928851&Prime;]<\/p>\n<p>Installation rapide et personnalisation totale[\/vc_custom_heading][vc_column_text uncode_shortcode_id=\u00a0\u00bb160310&Prime;]Gr\u00e2ce au kit innovant Promani, tant le particulier que le technicien sp\u00e9cialis\u00e9 peuvent compl\u00e9ter l&rsquo;installation de la porte coulissante en quelques minutes. En compl\u00e9ment du syst\u00e8me, nous proposons une gamme d&rsquo;accessoires pour personnaliser la porte coulissante et la rendre unique[\/vc_column_text][vc_gallery el_id=\u00a0\u00bbgallery-47626&Prime; type=\u00a0\u00bbcarousel\u00a0\u00bb medias=\u00a0\u00bb73839,73837,73836,73841,73838,73840&Prime; gallery_back_color=\u00a0\u00bbcolor-390384&Prime; carousel_lg=\u00a0\u00bb3&Prime; carousel_md=\u00a0\u00bb2&Prime; carousel_sm=\u00a0\u00bb1&Prime; gutter_size=\u00a0\u00bb2&Prime; media_items=\u00a0\u00bbmedia,icon\u00a0\u00bb carousel_v_align=\u00a0\u00bbmiddle\u00a0\u00bb carousel_type=\u00a0\u00bbfade\u00a0\u00bb carousel_interval=\u00a0\u00bb3000&Prime; carousel_navspeed=\u00a0\u00bb400&Prime; carousel_loop=\u00a0\u00bbyes\u00a0\u00bb carousel_dots=\u00a0\u00bbyes\u00a0\u00bb stage_padding=\u00a0\u00bb0&Prime; single_back_color=\u00a0\u00bbcolor-g\u00a0\u00bb single_overlay_opacity=\u00a0\u00bb50&Prime; single_image_anim=\u00a0\u00bbno\u00a0\u00bb single_h_align=\u00a0\u00bbcenter\u00a0\u00bb single_padding=\u00a0\u00bb2&Prime; single_icon=\u00a0\u00bbfa fa-search3&Prime; single_shadow=\u00a0\u00bbyes\u00a0\u00bb single_border=\u00a0\u00bbyes\u00a0\u00bb carousel_rtl=\u00a0\u00bb\u00a0\u00bb single_title_uppercase=\u00a0\u00bb\u00a0\u00bb uncode_shortcode_id=\u00a0\u00bb148063&Prime; gallery_back_color_type=\u00a0\u00bbuncode-palette\u00a0\u00bb][\/vc_column][\/vc_row]<\/p>\n<\/div>","protected":false},"excerpt":{"rendered":"<p>[vc_row row_height_percent=\u00a0\u00bb0&Prime; override_padding=\u00a0\u00bbyes\u00a0\u00bb h_padding=\u00a0\u00bb2&Prime; top_padding=\u00a0\u00bb2&Prime; bottom_padding=\u00a0\u00bb3&Prime; overlay_alpha=\u00a0\u00bb50&Prime; gutter_size=\u00a0\u00bb3&Prime; column_width_percent=\u00a0\u00bb100&Prime; shift_y=\u00a0\u00bb0&Prime; z_index=\u00a0\u00bb0&Prime; medium_visibility=\u00a0\u00bbyes\u00a0\u00bb mobile_visibility=\u00a0\u00bbyes\u00a0\u00bb content_parallax=\u00a0\u00bb0&Prime; uncode_shortcode_id=\u00a0\u00bb110427&Prime;][vc_column column_width_percent=\u00a0\u00bb100&Prime; gutter_size=\u00a0\u00bb3&Prime; overlay_alpha=\u00a0\u00bb50&Prime; shift_x=\u00a0\u00bb0&Prime; shift_y=\u00a0\u00bb0&Prime; [&hellip;]<\/p>\n","protected":false},"author":9,"featured_media":0,"parent":0,"menu_order":20,"comment_status":"closed","ping_status":"closed","template":"","meta":{"_acf_changed":false,"sfsi_plus_gutenberg_text_before_share":"","sfsi_plus_gutenberg_show_text_before_share":"","sfsi_plus_gutenberg_icon_type":"","sfsi_plus_gutenberg_icon_alignemt":"","sfsi_plus_gutenburg_max_per_row":"","footnotes":""},"class_list":["post-76872","page","type-page","status-publish","hentry"],"acf":[],"_links":{"self":[{"href":"https:\/\/www.pro-mani.com\/fr\/wp-json\/wp\/v2\/pages\/76872","targetHints":{"allow":["GET"]}}],"collection":[{"href":"https:\/\/www.pro-mani.com\/fr\/wp-json\/wp\/v2\/pages"}],"about":[{"href":"https:\/\/www.pro-mani.com\/fr\/wp-json\/wp\/v2\/types\/page"}],"author":[{"embeddable":true,"href":"https:\/\/www.pro-mani.com\/fr\/wp-json\/wp\/v2\/users\/9"}],"replies":[{"embeddable":true,"href":"https:\/\/www.pro-mani.com\/fr\/wp-json\/wp\/v2\/comments?post=76872"}],"version-history":[{"count":8,"href":"https:\/\/www.pro-mani.com\/fr\/wp-json\/wp\/v2\/pages\/76872\/revisions"}],"predecessor-version":[{"id":77817,"href":"https:\/\/www.pro-mani.com\/fr\/wp-json\/wp\/v2\/pages\/76872\/revisions\/77817"}],"wp:attachment":[{"href":"https:\/\/www.pro-mani.com\/fr\/wp-json\/wp\/v2\/media?parent=76872"}],"curies":[{"name":"wp","href":"https:\/\/api.w.org\/{rel}","templated":true}]}}