{"id":76877,"date":"2025-02-07T10:02:47","date_gmt":"2025-02-07T09:02:47","guid":{"rendered":"https:\/\/www.pro-mani.com\/?page_id=76877"},"modified":"2025-03-14T10:08:55","modified_gmt":"2025-03-14T09:08:55","slug":"innovation","status":"publish","type":"page","link":"https:\/\/www.pro-mani.com\/fr\/innovation\/","title":{"rendered":"Innovation"},"content":{"rendered":"<div class=\"wpb-content-wrapper\"><p>[vc_row][vc_column width=\u00a0\u00bb1\/3&Prime;][vc_custom_heading heading_semantic=\u00a0\u00bbh1&Prime; text_font=\u00a0\u00bbfont-351847&Prime; text_transform=\u00a0\u00bbuppercase\u00a0\u00bb]SIMPLICIT\u00c9 ET INNOVATION[\/vc_custom_heading][vc_custom_heading heading_semantic=\u00a0\u00bbh5&Prime; text_size=\u00a0\u00bbh5&Prime; text_weight=\u00a0\u00bb300&Prime; text_transform=\u00a0\u00bbuppercase\u00a0\u00bb sub_reduced=\u00a0\u00bbyes\u00a0\u00bb el_class=\u00a0\u00bbsubtitle_insidepade\u00a0\u00bb uncode_shortcode_id=\u00a0\u00bb194714&Prime;]Des d\u00e9tails qui font la diff\u00e9rence.[\/vc_custom_heading][vc_single_image media=\u00a0\u00bb76819&Prime; media_width_percent=\u00a0\u00bb80&Prime; uncode_shortcode_id=\u00a0\u00bb411832&Prime;][\/vc_column][vc_column width=\u00a0\u00bb2\/3&Prime;][vc_column_text uncode_shortcode_id=\u00a0\u00bb176164&Prime;]Gr\u00e2ce \u00e0 notre exp\u00e9rience consolid\u00e9e dans le secteur, l\u2019\u00e9quipe technique de Promani a d\u00e9velopp\u00e9 un cadre de porte coulissante innovant, brevet\u00e9, caract\u00e9ris\u00e9 par une facilit\u00e9 d\u2019installation extraordinaire, sans compromis sur la qualit\u00e9 et les performances professionnelles.<\/p>\n<p>Dans un contexte de plus en plus favorable \u00e0 des solutions d\u2019am\u00e9nagement et de design d\u2019int\u00e9rieur favorisant l\u2019autosuffisance, notre cadre s\u2019int\u00e8gre parfaitement parmi les produits id\u00e9aux pour l&rsquo;achat et l\u2019installation en DIY. Notre mission \u00e9tait de cr\u00e9er une solution r\u00e9pondant aux besoins de tous, des passionn\u00e9s de DIY aux installateurs professionnels.<\/p>\n<p>Notre cadre brevet\u00e9 offre un syst\u00e8me hautement performant, polyvalent et adaptable \u00e0 toutes les dimensions de portes coulissantes, avec la possibilit\u00e9 de personnaliser la taille finale du panneau directement lors de l&rsquo;installation.<\/p>\n<p>Un projet ambitieux qui r\u00e9volutionne le concept de porte dissimul\u00e9e, avec un syst\u00e8me garantissant innovation, fonctionnalit\u00e9, qualit\u00e9 et esth\u00e9tique. Promani apporte une nouvelle vision \u00e0 l\u2019am\u00e9nagement des maisons, des bureaux et des espaces publics, facilitant plus que jamais la r\u00e9novation des espaces.[\/vc_column_text][\/vc_column][\/vc_row][vc_row row_height_percent=\u00a0\u00bb0&Prime; override_padding=\u00a0\u00bbyes\u00a0\u00bb h_padding=\u00a0\u00bb2&Prime; top_padding=\u00a0\u00bb2&Prime; bottom_padding=\u00a0\u00bb1&Prime; overlay_alpha=\u00a0\u00bb50&Prime; gutter_size=\u00a0\u00bb3&Prime; column_width_percent=\u00a0\u00bb100&Prime; shift_y=\u00a0\u00bb0&Prime; z_index=\u00a0\u00bb0&Prime; row_name=\u00a0\u00bbHighlights\u00a0\u00bb][vc_column column_width_percent=\u00a0\u00bb100&Prime; align_horizontal=\u00a0\u00bbalign_center\u00a0\u00bb gutter_size=\u00a0\u00bb3&Prime; overlay_alpha=\u00a0\u00bb50&Prime; shift_x=\u00a0\u00bb0&Prime; shift_y=\u00a0\u00bb0&Prime; shift_y_down=\u00a0\u00bb0&Prime; z_index=\u00a0\u00bb0&Prime; medium_width=\u00a0\u00bb0&Prime; mobile_width=\u00a0\u00bb0&Prime; width=\u00a0\u00bb1\/3&Prime;][vc_single_image media=\u00a0\u00bb73993&Prime; media_width_percent=\u00a0\u00bb70&Prime; media_ratio=\u00a0\u00bbone-one\u00a0\u00bb alignment=\u00a0\u00bbcenter\u00a0\u00bb shape=\u00a0\u00bbimg-circle\u00a0\u00bb][vc_custom_heading heading_semantic=\u00a0\u00bbh4&Prime; text_size=\u00a0\u00bbh4&Prime; uncode_shortcode_id=\u00a0\u00bb155033&Prime;]De la norme \u00e0 la personnalisation illimit\u00e9e[\/vc_custom_heading][vc_column_text uncode_shortcode_id=\u00a0\u00bb759316&Prime;]Le cadre Promani ne se limite pas \u00e0 respecter les dimensions standard de chaque pays, mais offre une personnalisation totale, dans chaque d\u00e9tail. Des dimensions aux finitions, des couleurs aux configurations sp\u00e9cifiques, nos produits s\u2019adaptent parfaitement \u00e0 toutes les exigences, rendant chaque projet unique.[\/vc_column_text][\/vc_column][vc_column column_width_percent=\u00a0\u00bb100&Prime; align_horizontal=\u00a0\u00bbalign_center\u00a0\u00bb gutter_size=\u00a0\u00bb3&Prime; overlay_alpha=\u00a0\u00bb50&Prime; shift_x=\u00a0\u00bb0&Prime; shift_y=\u00a0\u00bb0&Prime; shift_y_down=\u00a0\u00bb0&Prime; z_index=\u00a0\u00bb0&Prime; medium_width=\u00a0\u00bb0&Prime; mobile_width=\u00a0\u00bb0&Prime; width=\u00a0\u00bb1\/3&Prime;][vc_single_image media=\u00a0\u00bb73994&Prime; media_width_percent=\u00a0\u00bb70&Prime; media_ratio=\u00a0\u00bbone-one\u00a0\u00bb alignment=\u00a0\u00bbcenter\u00a0\u00bb shape=\u00a0\u00bbimg-circle\u00a0\u00bb][vc_custom_heading heading_semantic=\u00a0\u00bbh4&Prime; text_size=\u00a0\u00bbh4&Prime; uncode_shortcode_id=\u00a0\u00bb198377&Prime;]Ralentissement bidirectionnel de s\u00e9rie[\/vc_custom_heading][vc_column_text uncode_shortcode_id=\u00a0\u00bb643558&Prime;]Promani fournit le dispositif de ralentissement bidirectionnel de la porte coulissante directement dans le kit cadre, sans augmentation de prix. Selon la philosophie de l\u2019entreprise, il est en effet indispensable de fournir \u00e0 nos clients un package complet pour la meilleure exp\u00e9rience d\u2019utilisation quotidienne.[\/vc_column_text][\/vc_column][vc_column column_width_percent=\u00a0\u00bb100&Prime; align_horizontal=\u00a0\u00bbalign_center\u00a0\u00bb gutter_size=\u00a0\u00bb3&Prime; overlay_alpha=\u00a0\u00bb50&Prime; shift_x=\u00a0\u00bb0&Prime; shift_y=\u00a0\u00bb0&Prime; shift_y_down=\u00a0\u00bb0&Prime; z_index=\u00a0\u00bb0&Prime; medium_width=\u00a0\u00bb4&Prime; mobile_width=\u00a0\u00bb0&Prime; zoom_width=\u00a0\u00bb0&Prime; zoom_height=\u00a0\u00bb0&Prime; width=\u00a0\u00bb1\/3&Prime;][vc_single_image media=\u00a0\u00bb74348&Prime; media_width_percent=\u00a0\u00bb70&Prime; media_ratio=\u00a0\u00bbone-one\u00a0\u00bb alignment=\u00a0\u00bbcenter\u00a0\u00bb shape=\u00a0\u00bbimg-circle\u00a0\u00bb][vc_custom_heading heading_semantic=\u00a0\u00bbh4&Prime; text_size=\u00a0\u00bbh4&Prime; uncode_shortcode_id=\u00a0\u00bb114141&Prime;]Extraction du rail[\/vc_custom_heading][vc_column_text uncode_shortcode_id=\u00a0\u00bb151233&Prime;]Le rail pour l\u2019insertion du panneau de porte coulissante a \u00e9t\u00e9 sp\u00e9cialement con\u00e7u pour permettre une extraction facile m\u00eame apr\u00e8s l\u2019installation de la porte coulissante. Cela permet d\u2019installer des accessoires m\u00eame une fois le produit ins\u00e9r\u00e9, sans endommager les finitions.[\/vc_column_text][\/vc_column][\/vc_row][vc_row row_height_percent=\u00a0\u00bb0&Prime; override_padding=\u00a0\u00bbyes\u00a0\u00bb h_padding=\u00a0\u00bb2&Prime; top_padding=\u00a0\u00bb3&Prime; bottom_padding=\u00a0\u00bb3&Prime; overlay_alpha=\u00a0\u00bb50&Prime; gutter_size=\u00a0\u00bb3&Prime; column_width_percent=\u00a0\u00bb100&Prime; shift_y=\u00a0\u00bb0&Prime; z_index=\u00a0\u00bb0&Prime; medium_visibility=\u00a0\u00bbyes\u00a0\u00bb mobile_visibility=\u00a0\u00bbyes\u00a0\u00bb content_parallax=\u00a0\u00bb0&Prime; row_name=\u00a0\u00bbHighlights\u00a0\u00bb uncode_shortcode_id=\u00a0\u00bb437089&Prime;][vc_column column_width_percent=\u00a0\u00bb100&Prime; position_vertical=\u00a0\u00bbmiddle\u00a0\u00bb gutter_size=\u00a0\u00bb3&Prime; overlay_alpha=\u00a0\u00bb50&Prime; shift_x=\u00a0\u00bb0&Prime; shift_y=\u00a0\u00bb0&Prime; medium_width=\u00a0\u00bb4&Prime; zoom_width=\u00a0\u00bb0&Prime; zoom_height=\u00a0\u00bb0&Prime; width=\u00a0\u00bb1\/1&Prime;][vc_separator sep_color=\u00a0\u00bb,Default\u00a0\u00bb][\/vc_column][\/vc_row][vc_row row_height_percent=\u00a0\u00bb0&Prime; override_padding=\u00a0\u00bbyes\u00a0\u00bb h_padding=\u00a0\u00bb2&Prime; top_padding=\u00a0\u00bb2&Prime; bottom_padding=\u00a0\u00bb4&Prime; overlay_alpha=\u00a0\u00bb50&Prime; gutter_size=\u00a0\u00bb3&Prime; column_width_percent=\u00a0\u00bb100&Prime; shift_y=\u00a0\u00bb0&Prime; z_index=\u00a0\u00bb0&Prime; row_name=\u00a0\u00bbHighlights\u00a0\u00bb][vc_column column_width_percent=\u00a0\u00bb100&Prime; align_horizontal=\u00a0\u00bbalign_center\u00a0\u00bb gutter_size=\u00a0\u00bb3&Prime; overlay_alpha=\u00a0\u00bb50&Prime; shift_x=\u00a0\u00bb0&Prime; shift_y=\u00a0\u00bb0&Prime; shift_y_down=\u00a0\u00bb0&Prime; z_index=\u00a0\u00bb0&Prime; medium_width=\u00a0\u00bb4&Prime; mobile_width=\u00a0\u00bb0&Prime; zoom_width=\u00a0\u00bb0&Prime; zoom_height=\u00a0\u00bb0&Prime; width=\u00a0\u00bb1\/6&Prime;][\/vc_column][vc_column column_width_percent=\u00a0\u00bb100&Prime; align_horizontal=\u00a0\u00bbalign_center\u00a0\u00bb gutter_size=\u00a0\u00bb3&Prime; overlay_alpha=\u00a0\u00bb50&Prime; shift_x=\u00a0\u00bb0&Prime; shift_y=\u00a0\u00bb0&Prime; shift_y_down=\u00a0\u00bb0&Prime; z_index=\u00a0\u00bb0&Prime; medium_width=\u00a0\u00bb0&Prime; mobile_width=\u00a0\u00bb0&Prime; width=\u00a0\u00bb1\/3&Prime;][vc_single_image media=\u00a0\u00bb74324&Prime; media_width_percent=\u00a0\u00bb70&Prime; media_ratio=\u00a0\u00bbone-one\u00a0\u00bb alignment=\u00a0\u00bbcenter\u00a0\u00bb shape=\u00a0\u00bbimg-circle\u00a0\u00bb][vc_custom_heading heading_semantic=\u00a0\u00bbh4&Prime; text_size=\u00a0\u00bbh4&Prime; uncode_shortcode_id=\u00a0\u00bb518547&Prime;]Guides pour plaques de pl\u00e2tre[\/vc_custom_heading][vc_column_text uncode_shortcode_id=\u00a0\u00bb113503&Prime;]Les guides sur le p\u00e9rim\u00e8tre ext\u00e9rieur du cadre pour porte coulissante permettent une installation directe sur la structure en plaques de pl\u00e2tre du mur. Cette solution permet d\u2019am\u00e9liorer et d\u2019acc\u00e9l\u00e9rer l\u2019installation du cadre sans avoir \u00e0 pr\u00e9voir d\u2019autres profils de support.[\/vc_column_text][\/vc_column][vc_column column_width_percent=\u00a0\u00bb100&Prime; align_horizontal=\u00a0\u00bbalign_center\u00a0\u00bb gutter_size=\u00a0\u00bb3&Prime; overlay_alpha=\u00a0\u00bb50&Prime; shift_x=\u00a0\u00bb0&Prime; shift_y=\u00a0\u00bb0&Prime; shift_y_down=\u00a0\u00bb0&Prime; z_index=\u00a0\u00bb0&Prime; medium_width=\u00a0\u00bb0&Prime; mobile_width=\u00a0\u00bb0&Prime; width=\u00a0\u00bb1\/3&Prime;][vc_single_image media=\u00a0\u00bb74698&Prime; media_width_percent=\u00a0\u00bb70&Prime; media_ratio=\u00a0\u00bbone-one\u00a0\u00bb alignment=\u00a0\u00bbcenter\u00a0\u00bb shape=\u00a0\u00bbimg-circle\u00a0\u00bb][vc_custom_heading heading_semantic=\u00a0\u00bbh4&Prime; text_size=\u00a0\u00bbh4&Prime; uncode_shortcode_id=\u00a0\u00bb205087&Prime;]Profil\u00e9 d\u2019\u00e9cartement[\/vc_custom_heading][vc_column_text uncode_shortcode_id=\u00a0\u00bb126975&Prime;]Le profil\u00e9 d\u2019\u00e9cartement inclus dans le kit cadre de porte Promani permet une installation parfaitement align\u00e9e avec la structure en plaques de pl\u00e2tre, \u00e9vitant ainsi des erreurs d\u2019alignement courantes dans les travaux de construction l\u00e9g\u00e8re.[\/vc_column_text][\/vc_column][vc_column width=\u00a0\u00bb1\/6&Prime;][\/vc_column][\/vc_row][vc_row row_height_percent=\u00a0\u00bb0&Prime; override_padding=\u00a0\u00bbyes\u00a0\u00bb h_padding=\u00a0\u00bb2&Prime; top_padding=\u00a0\u00bb5&Prime; bottom_padding=\u00a0\u00bb3&Prime; overlay_alpha=\u00a0\u00bb50&Prime; gutter_size=\u00a0\u00bb3&Prime; column_width_percent=\u00a0\u00bb100&Prime; shift_y=\u00a0\u00bb0&Prime; z_index=\u00a0\u00bb0&Prime;][vc_column width=\u00a0\u00bb1\/2&Prime;][vc_single_image media=\u00a0\u00bb74034&Prime; media_width_percent=\u00a0\u00bb100&Prime; uncode_shortcode_id=\u00a0\u00bb542559&Prime;][\/vc_column][vc_column column_width_percent=\u00a0\u00bb100&Prime; position_vertical=\u00a0\u00bbmiddle\u00a0\u00bb gutter_size=\u00a0\u00bb3&Prime; overlay_alpha=\u00a0\u00bb50&Prime; shift_x=\u00a0\u00bb0&Prime; shift_y=\u00a0\u00bb0&Prime; shift_y_down=\u00a0\u00bb0&Prime; z_index=\u00a0\u00bb0&Prime; medium_width=\u00a0\u00bb0&Prime; mobile_width=\u00a0\u00bb0&Prime; width=\u00a0\u00bb1\/2&Prime;][vc_custom_heading heading_semantic=\u00a0\u00bbh3&Prime; text_size=\u00a0\u00bbh3&Prime; uncode_shortcode_id=\u00a0\u00bb132178&Prime;]Mat\u00e9riaux certifi\u00e9s, qualit\u00e9 garantie[\/vc_custom_heading][vc_column_text uncode_shortcode_id=\u00a0\u00bb157174&Prime;]Les mat\u00e9riaux utilis\u00e9s dans notre gamme de cadres, acier galvanis\u00e9 et aluminium certifi\u00e9s, assurent la solidit\u00e9 et la s\u00e9curit\u00e9 maximales pour toutes les composantes structurelles du cadre de porte coulissante, garantissant une fiabilit\u00e9 \u00e0 chaque \u00e9tape de l&rsquo;installation.<\/p>\n<p>Nos solutions pour portes dissimul\u00e9es d&rsquo;int\u00e9rieur offrent des performances sup\u00e9rieures et une dur\u00e9e de vie incomparable, gr\u00e2ce \u00e0 l&rsquo;attention port\u00e9e aux d\u00e9tails et \u00e0 la fonctionnalit\u00e9 qui distinguent nos produits dans le secteur de la construction l\u00e9g\u00e8re et parmi les passionn\u00e9s de DIY.[\/vc_column_text][\/vc_column][\/vc_row]<\/p>\n<\/div>","protected":false},"excerpt":{"rendered":"<p>[vc_row][vc_column width=\u00a0\u00bb1\/3&Prime;][vc_custom_heading heading_semantic=\u00a0\u00bbh1&Prime; text_font=\u00a0\u00bbfont-351847&Prime; text_transform=\u00a0\u00bbuppercase\u00a0\u00bb]SIMPLICIT\u00c9 ET INNOVATION[\/vc_custom_heading][vc_custom_heading heading_semantic=\u00a0\u00bbh5&Prime; text_size=\u00a0\u00bbh5&Prime; text_weight=\u00a0\u00bb300&Prime; text_transform=\u00a0\u00bbuppercase\u00a0\u00bb sub_reduced=\u00a0\u00bbyes\u00a0\u00bb el_class=\u00a0\u00bbsubtitle_insidepade\u00a0\u00bb uncode_shortcode_id=\u00a0\u00bb194714&Prime;]Des d\u00e9tails qui font la diff\u00e9rence.[\/vc_custom_heading][vc_single_image media=\u00a0\u00bb76819&Prime; [&hellip;]<\/p>\n","protected":false},"author":9,"featured_media":0,"parent":0,"menu_order":30,"comment_status":"closed","ping_status":"closed","template":"","meta":{"_acf_changed":false,"sfsi_plus_gutenberg_text_before_share":"","sfsi_plus_gutenberg_show_text_before_share":"","sfsi_plus_gutenberg_icon_type":"","sfsi_plus_gutenberg_icon_alignemt":"","sfsi_plus_gutenburg_max_per_row":"","footnotes":""},"class_list":["post-76877","page","type-page","status-publish","hentry"],"acf":[],"_links":{"self":[{"href":"https:\/\/www.pro-mani.com\/fr\/wp-json\/wp\/v2\/pages\/76877","targetHints":{"allow":["GET"]}}],"collection":[{"href":"https:\/\/www.pro-mani.com\/fr\/wp-json\/wp\/v2\/pages"}],"about":[{"href":"https:\/\/www.pro-mani.com\/fr\/wp-json\/wp\/v2\/types\/page"}],"author":[{"embeddable":true,"href":"https:\/\/www.pro-mani.com\/fr\/wp-json\/wp\/v2\/users\/9"}],"replies":[{"embeddable":true,"href":"https:\/\/www.pro-mani.com\/fr\/wp-json\/wp\/v2\/comments?post=76877"}],"version-history":[{"count":5,"href":"https:\/\/www.pro-mani.com\/fr\/wp-json\/wp\/v2\/pages\/76877\/revisions"}],"predecessor-version":[{"id":77629,"href":"https:\/\/www.pro-mani.com\/fr\/wp-json\/wp\/v2\/pages\/76877\/revisions\/77629"}],"wp:attachment":[{"href":"https:\/\/www.pro-mani.com\/fr\/wp-json\/wp\/v2\/media?parent=76877"}],"curies":[{"name":"wp","href":"https:\/\/api.w.org\/{rel}","templated":true}]}}