{"id":76885,"date":"2025-02-07T10:03:32","date_gmt":"2025-02-07T09:03:32","guid":{"rendered":"https:\/\/www.pro-mani.com\/?page_id=76885"},"modified":"2025-03-14T10:18:11","modified_gmt":"2025-03-14T09:18:11","slug":"installation","status":"publish","type":"page","link":"https:\/\/www.pro-mani.com\/fr\/installation\/","title":{"rendered":"Installation"},"content":{"rendered":"<div class=\"wpb-content-wrapper\"><p>[vc_row row_height_percent=\u00a0\u00bb0&Prime; override_padding=\u00a0\u00bbyes\u00a0\u00bb h_padding=\u00a0\u00bb2&Prime; top_padding=\u00a0\u00bb2&Prime; bottom_padding=\u00a0\u00bb3&Prime; overlay_alpha=\u00a0\u00bb50&Prime; gutter_size=\u00a0\u00bb3&Prime; column_width_percent=\u00a0\u00bb100&Prime; shift_y=\u00a0\u00bb0&Prime; z_index=\u00a0\u00bb0&Prime;][vc_column width=\u00a0\u00bb1\/3&Prime;][vc_custom_heading text_font=\u00a0\u00bbfont-351847&Prime; text_transform=\u00a0\u00bbuppercase\u00a0\u00bb]Installation[\/vc_custom_heading][vc_custom_heading text_color=\u00a0\u00bbcolor-w\u00a0\u00bb heading_semantic=\u00a0\u00bbh5&Prime; text_size=\u00a0\u00bbh5&Prime; text_weight=\u00a0\u00bb300&Prime; text_transform=\u00a0\u00bbuppercase\u00a0\u00bb sub_reduced=\u00a0\u00bbyes\u00a0\u00bb el_class=\u00a0\u00bbsubtitle_insidepade\u00a0\u00bb]syst\u00e8me de porte coulissante[\/vc_custom_heading][\/vc_column][vc_column width=\u00a0\u00bb2\/3&Prime;][vc_column_text]Cr\u00e9er de nouveaux espaces en s\u00e9parant les pi\u00e8ces gr\u00e2ce \u00e0 un syst\u00e8me de porte coulissante int\u00e9gr\u00e9 et dissimul\u00e9 dans le mur est une solution \u00e9l\u00e9gante et fonctionnelle pour r\u00e9nover la maison et optimiser l&rsquo;espace disponible.<\/p>\n<p>Souvent, dans ce type d\u2019intervention, on rencontre des difficult\u00e9s li\u00e9es \u00e0 l&rsquo;installation de la porte coulissante, au temps et aux co\u00fbts de main-d&rsquo;\u0153uvre, ainsi qu\u2019au d\u00e9sagr\u00e9ment de transformer l\u2019espace \u00e0 r\u00e9nover en chantier.<\/p>\n<p>Le cadre de porte \u00e0 galandage con\u00e7u par Promani est un concept moderne, n\u00e9 et con\u00e7u par des professionnels du secteur pour faciliter et acc\u00e9l\u00e9rer l\u2019installation de la porte coulissante.<\/p>\n<p>Le syst\u00e8me d\u2019installation de la porte \u00e0 galandage Promani est techniquement simple : la pr\u00e9paration, le montage du cadre et l&rsquo;installation de la porte ne pr\u00e9senteront aucune difficult\u00e9 particuli\u00e8re pour tout type d\u2019op\u00e9rateur, qu\u2019il soit professionnel ou amateur de bricolage ![\/vc_column_text][\/vc_column][\/vc_row][vc_row][vc_column width=\u00a0\u00bb1\/2&Prime;][vc_single_image media=\u00a0\u00bb74329&Prime; media_width_percent=\u00a0\u00bb100&Prime; media_ratio=\u00a0\u00bbthree-two\u00a0\u00bb media_link=\u00a0\u00bburl:https%3A%2F%2Fwww.pro-mani.com%2Finstallazione%2Fbiblioteca-tecnica%2F|title:Biblioth\u00e8que%20technique||\u00a0\u00bb][vc_custom_heading heading_semantic=\u00a0\u00bbh4&Prime; text_size=\u00a0\u00bbh4&Prime; subheading=\u00a0\u00bbD\u00e9couvrez notre kit pour une installation facile !\u00a0\u00bb]Biblioth\u00e8que Technique[\/vc_custom_heading][vc_column_text]Nous avons cr\u00e9\u00e9 sp\u00e9cialement pour vous un kit de montage avec des composants qui vous permettront une installation facile et intuitive.[\/vc_column_text][vc_button border_width=\u00a0\u00bb0&Prime; link=\u00a0\u00bburl:https%3A%2F%2Fwww.pro-mani.com%2Finstallazione%2Fbiblioteca-tecnica%2F|title:Biblioth\u00e8que%20technique||\u00a0\u00bb]D\u00e9couvrez[\/vc_button][\/vc_column][vc_column width=\u00a0\u00bb1\/2&Prime;][vc_single_image media=\u00a0\u00bb74011&Prime; media_width_percent=\u00a0\u00bb100&Prime; media_ratio=\u00a0\u00bbthree-two\u00a0\u00bb media_link=\u00a0\u00bburl:https%3A%2F%2Fwww.pro-mani.com%2Finstallazione%2Fvideo-tutorial%2F|||\u00a0\u00bb][vc_custom_heading heading_semantic=\u00a0\u00bbh4&Prime; text_size=\u00a0\u00bbh4&Prime; subheading=\u00a0\u00bbD\u00e9couvrez combien il est facile de monter une porte coulissante !\u00a0\u00bb]Tutoriels Vid\u00e9o[\/vc_custom_heading][vc_column_text]Suivez nos tutoriels vid\u00e9o pour l&rsquo;installation d\u2019une porte coulissante ! Ils vous guideront de mani\u00e8re professionnelle et impeccable \u00e0 travers les \u00e9tapes du montage.[\/vc_column_text][vc_button border_width=\u00a0\u00bb0&Prime; link=\u00a0\u00bburl:https%3A%2F%2Fwww.pro-mani.com%2Finstallazione%2Fvideo-tutorial%2F|||\u00a0\u00bb]D\u00e9couvrez[\/vc_button][\/vc_column][\/vc_row][vc_row][vc_column width=\u00a0\u00bb1\/1&Prime;][vc_empty_space empty_h=\u00a0\u00bb3&Prime;][\/vc_column][\/vc_row]<\/p>\n<\/div>","protected":false},"excerpt":{"rendered":"<p>[vc_row row_height_percent=\u00a0\u00bb0&Prime; override_padding=\u00a0\u00bbyes\u00a0\u00bb h_padding=\u00a0\u00bb2&Prime; top_padding=\u00a0\u00bb2&Prime; bottom_padding=\u00a0\u00bb3&Prime; overlay_alpha=\u00a0\u00bb50&Prime; gutter_size=\u00a0\u00bb3&Prime; column_width_percent=\u00a0\u00bb100&Prime; shift_y=\u00a0\u00bb0&Prime; z_index=\u00a0\u00bb0&Prime;][vc_column width=\u00a0\u00bb1\/3&Prime;][vc_custom_heading text_font=\u00a0\u00bbfont-351847&Prime; text_transform=\u00a0\u00bbuppercase\u00a0\u00bb]Installation[\/vc_custom_heading][vc_custom_heading text_color=\u00a0\u00bbcolor-w\u00a0\u00bb heading_semantic=\u00a0\u00bbh5&Prime; text_size=\u00a0\u00bbh5&Prime; text_weight=\u00a0\u00bb300&Prime; text_transform=\u00a0\u00bbuppercase\u00a0\u00bb sub_reduced=\u00a0\u00bbyes\u00a0\u00bb [&hellip;]<\/p>\n","protected":false},"author":9,"featured_media":0,"parent":0,"menu_order":50,"comment_status":"closed","ping_status":"closed","template":"","meta":{"_acf_changed":false,"sfsi_plus_gutenberg_text_before_share":"","sfsi_plus_gutenberg_show_text_before_share":"","sfsi_plus_gutenberg_icon_type":"","sfsi_plus_gutenberg_icon_alignemt":"","sfsi_plus_gutenburg_max_per_row":"","footnotes":""},"class_list":["post-76885","page","type-page","status-publish","hentry"],"acf":[],"_links":{"self":[{"href":"https:\/\/www.pro-mani.com\/fr\/wp-json\/wp\/v2\/pages\/76885","targetHints":{"allow":["GET"]}}],"collection":[{"href":"https:\/\/www.pro-mani.com\/fr\/wp-json\/wp\/v2\/pages"}],"about":[{"href":"https:\/\/www.pro-mani.com\/fr\/wp-json\/wp\/v2\/types\/page"}],"author":[{"embeddable":true,"href":"https:\/\/www.pro-mani.com\/fr\/wp-json\/wp\/v2\/users\/9"}],"replies":[{"embeddable":true,"href":"https:\/\/www.pro-mani.com\/fr\/wp-json\/wp\/v2\/comments?post=76885"}],"version-history":[{"count":3,"href":"https:\/\/www.pro-mani.com\/fr\/wp-json\/wp\/v2\/pages\/76885\/revisions"}],"predecessor-version":[{"id":77422,"href":"https:\/\/www.pro-mani.com\/fr\/wp-json\/wp\/v2\/pages\/76885\/revisions\/77422"}],"wp:attachment":[{"href":"https:\/\/www.pro-mani.com\/fr\/wp-json\/wp\/v2\/media?parent=76885"}],"curies":[{"name":"wp","href":"https:\/\/api.w.org\/{rel}","templated":true}]}}