{"id":76893,"date":"2025-02-07T10:05:09","date_gmt":"2025-02-07T09:05:09","guid":{"rendered":"https:\/\/www.pro-mani.com\/?page_id=76893"},"modified":"2025-02-18T12:35:04","modified_gmt":"2025-02-18T11:35:04","slug":"devenez-distributeur-fr","status":"publish","type":"page","link":"https:\/\/www.pro-mani.com\/fr\/devenez-distributeur-fr\/","title":{"rendered":"Devenez Distributeur"},"content":{"rendered":"<div class=\"wpb-content-wrapper\"><p>[vc_row][vc_column width=\u00a0\u00bb1\/3&Prime;][vc_custom_heading text_font=\u00a0\u00bbfont-351847&Prime; text_transform=\u00a0\u00bbuppercase\u00a0\u00bb]Devenez<br \/>\nRevendeur[\/vc_custom_heading][\/vc_column][vc_column column_width_percent=\u00a0\u00bb100&Prime; position_vertical=\u00a0\u00bbmiddle\u00a0\u00bb gutter_size=\u00a0\u00bb3&Prime; overlay_alpha=\u00a0\u00bb50&Prime; shift_x=\u00a0\u00bb0&Prime; shift_y=\u00a0\u00bb0&Prime; shift_y_down=\u00a0\u00bb0&Prime; z_index=\u00a0\u00bb0&Prime; medium_width=\u00a0\u00bb0&Prime; mobile_width=\u00a0\u00bb0&Prime; width=\u00a0\u00bb2\/3&Prime;][vc_column_text text_color=\u00a0\u00bbcolor-uydo\u00a0\u00bb uncode_shortcode_id=\u00a0\u00bb768783&Prime; text_color_type=\u00a0\u00bbuncode-palette\u00a0\u00bb]En devenant notre revendeur, vous aurez acc\u00e8s \u00e0 des informations exclusives r\u00e9serv\u00e9es \u00e0 nos partenaires commerciaux et recevrez un soutien accru dans la promotion et la vente de nos produits.<\/p>\n<p>Remplissez le formulaire et envoyez-nous votre proposition, nous vous contacterons d\u00e8s que possible ![\/vc_column_text][\/vc_column][\/vc_row][vc_row][vc_column width=\u00a0\u00bb1\/6&Prime;][\/vc_column][vc_column column_width_percent=\u00a0\u00bb100&Prime; gutter_size=\u00a0\u00bb3&Prime; overlay_alpha=\u00a0\u00bb50&Prime; shift_x=\u00a0\u00bb0&Prime; shift_y=\u00a0\u00bb0&Prime; shift_y_down=\u00a0\u00bb0&Prime; z_index=\u00a0\u00bb0&Prime; medium_width=\u00a0\u00bb0&Prime; mobile_width=\u00a0\u00bb0&Prime; width=\u00a0\u00bb4\/6&Prime; uncode_shortcode_id=\u00a0\u00bb139300&Prime;][vc_column_text uncode_shortcode_id=\u00a0\u00bb168453&Prime;]<div class=\"frm_forms  with_frm_style frm_style_stile-formidable\" id=\"frm_form_10_container\" data-token=\"d0efa17d062958a9fcdd17e92ae425ef\">\n<form enctype=\"multipart\/form-data\" method=\"post\" class=\"frm-show-form \" id=\"form_rivenditore4\" data-token=\"d0efa17d062958a9fcdd17e92ae425ef\">\n<div class=\"frm_form_fields \">\n<fieldset>\n<legend class=\"frm_screen_reader\">Rivenditore FR<\/legend>\r\n\r\n<div class=\"frm_fields_container\">\n<input type=\"hidden\" name=\"frm_action\" value=\"create\" \/>\n<input type=\"hidden\" name=\"form_id\" value=\"10\" \/>\n<input type=\"hidden\" name=\"frm_hide_fields_10\" id=\"frm_hide_fields_10\" value=\"\" \/>\n<input type=\"hidden\" name=\"form_key\" value=\"rivenditore4\" \/>\n<input type=\"hidden\" name=\"item_meta[0]\" value=\"\" \/>\n<input type=\"hidden\" id=\"frm_submit_entry_10\" name=\"frm_submit_entry_10\" value=\"01f735ffcf\" \/><input type=\"hidden\" name=\"_wp_http_referer\" value=\"\/fr\/wp-json\/wp\/v2\/pages\/76893\" \/><div id=\"frm_field_85_container\" class=\"frm_form_field form-field  frm_required_field frm_top_container frm6 frm_first\">\r\n\t<label for=\"field_ivdyu4\" id=\"field_ivdyu4_label\" class=\"frm_primary_label\">Nom\r\n\t\t<span class=\"frm_required\" aria-hidden=\"true\">*<\/span>\r\n\t<\/label>\r\n\t<input type=\"text\" id=\"field_ivdyu4\" name=\"item_meta[85]\" value=\"\"  data-reqmsg=\"Nom non pu\u00f2 essere vuoto.\" aria-required=\"true\" data-invmsg=\"Nom non \u00e8 valido\" aria-invalid=\"false\"  \/>\r\n\t\r\n\t\r\n<\/div>\n<div id=\"frm_field_86_container\" class=\"frm_form_field form-field  frm_required_field frm_top_container frm6\">\r\n\t<label for=\"field_mm31v4\" id=\"field_mm31v4_label\" class=\"frm_primary_label\">Pr\u00e9nom\r\n\t\t<span class=\"frm_required\" aria-hidden=\"true\">*<\/span>\r\n\t<\/label>\r\n\t<input type=\"text\" id=\"field_mm31v4\" name=\"item_meta[86]\" value=\"\"  data-reqmsg=\"Pr\u00e9nom non pu\u00f2 essere vuoto.\" aria-required=\"true\" data-invmsg=\"Pr\u00e9nom non \u00e8 valido\" aria-invalid=\"false\"  \/>\r\n\t\r\n\t\r\n<\/div>\n<div id=\"frm_field_87_container\" class=\"frm_form_field form-field  frm_required_field frm_top_container frm6 frm_first\">\r\n\t<label for=\"field_po9f04\" id=\"field_po9f04_label\" class=\"frm_primary_label\">Adresse\r\n\t\t<span class=\"frm_required\" aria-hidden=\"true\">*<\/span>\r\n\t<\/label>\r\n\t<input type=\"text\" id=\"field_po9f04\" name=\"item_meta[87]\" value=\"\"  data-reqmsg=\"Adresse non pu\u00f2 essere vuoto.\" aria-required=\"true\" data-invmsg=\"Adresse non \u00e8 valido\" aria-invalid=\"false\"  \/>\r\n\t\r\n\t\r\n<\/div>\n<div id=\"frm_field_88_container\" class=\"frm_form_field form-field  frm_required_field frm_top_container frm6\">\r\n\t<label for=\"field_zq56b4\" id=\"field_zq56b4_label\" class=\"frm_primary_label\">Code Postal\r\n\t\t<span class=\"frm_required\" aria-hidden=\"true\">*<\/span>\r\n\t<\/label>\r\n\t<input type=\"text\" id=\"field_zq56b4\" name=\"item_meta[88]\" value=\"\"  data-reqmsg=\"Code Postal non pu\u00f2 essere vuoto.\" aria-required=\"true\" data-invmsg=\"Code Postal non \u00e8 valido\" aria-invalid=\"false\"  \/>\r\n\t\r\n\t\r\n<\/div>\n<div id=\"frm_field_89_container\" class=\"frm_form_field form-field  frm_required_field frm_top_container frm6 frm_first\">\r\n\t<label for=\"field_gsept4\" id=\"field_gsept4_label\" class=\"frm_primary_label\">Ville\r\n\t\t<span class=\"frm_required\" aria-hidden=\"true\">*<\/span>\r\n\t<\/label>\r\n\t<input type=\"text\" id=\"field_gsept4\" name=\"item_meta[89]\" value=\"\"  data-reqmsg=\"Ville non pu\u00f2 essere vuoto.\" aria-required=\"true\" data-invmsg=\"Ville non \u00e8 valido\" aria-invalid=\"false\"  \/>\r\n\t\r\n\t\r\n<\/div>\n<div id=\"frm_field_90_container\" class=\"frm_form_field form-field  frm_required_field frm_top_container frm6\">\r\n\t<label for=\"field_pxs2y4\" id=\"field_pxs2y4_label\" class=\"frm_primary_label\">Pays\r\n\t\t<span class=\"frm_required\" aria-hidden=\"true\">*<\/span>\r\n\t<\/label>\r\n\t<input type=\"text\" id=\"field_pxs2y4\" name=\"item_meta[90]\" value=\"\"  data-reqmsg=\"Pays non pu\u00f2 essere vuoto.\" aria-required=\"true\" data-invmsg=\"Pays non \u00e8 valido\" aria-invalid=\"false\"  \/>\r\n\t\r\n\t\r\n<\/div>\n<div id=\"frm_field_91_container\" class=\"frm_form_field form-field  frm_required_field frm_top_container frm6 frm_first\">\r\n\t<label for=\"field_too0x4\" id=\"field_too0x4_label\" class=\"frm_primary_label\">T\u00e9l\u00e9phone\r\n\t\t<span class=\"frm_required\" aria-hidden=\"true\">*<\/span>\r\n\t<\/label>\r\n\t<input type=\"number\" id=\"field_too0x4\" name=\"item_meta[91]\" value=\"\"  data-reqmsg=\"T\u00e9l\u00e9phone non pu\u00f2 essere vuoto.\" aria-required=\"true\" data-invmsg=\"T\u00e9l\u00e9phone non \u00e8 valido\" aria-invalid=\"false\"   min=\"0\" max=\"99999999999999\" step=\"any\"\/>\r\n\t\r\n\t\r\n<\/div>\n<div id=\"frm_field_92_container\" class=\"frm_form_field form-field  frm_required_field frm_top_container frm6\">\r\n\t<label for=\"field_emnld4\" id=\"field_emnld4_label\" class=\"frm_primary_label\">Email\r\n\t\t<span class=\"frm_required\" aria-hidden=\"true\">*<\/span>\r\n\t<\/label>\r\n\t<input type=\"email\" id=\"field_emnld4\" name=\"item_meta[92]\" value=\"\"  data-reqmsg=\"Email non pu\u00f2 essere vuoto.\" aria-required=\"true\" data-invmsg=\"Email non \u00e8 valido\" aria-invalid=\"false\"  \/>\r\n\t\r\n\t\r\n<\/div>\n<div id=\"frm_field_93_container\" class=\"frm_form_field form-field  frm_required_field frm_top_container\">\r\n\t<label for=\"field_wu13e4\" id=\"field_wu13e4_label\" class=\"frm_primary_label\">Entrez l'adresse de votre site web.\r\n\t\t<span class=\"frm_required\" aria-hidden=\"true\">*<\/span>\r\n\t<\/label>\r\n\t<input type=\"text\" id=\"field_wu13e4\" name=\"item_meta[93]\" value=\"\"  data-reqmsg=\"Entrez l&#039;adresse de votre site web. non pu\u00f2 essere vuoto.\" aria-required=\"true\" data-invmsg=\"Entrez l&#039;adresse de votre site web. non \u00e8 valido\" aria-invalid=\"false\"  \/>\r\n\t\r\n\t\r\n<\/div>\n<div id=\"frm_field_94_container\" class=\"frm_form_field form-field  frm_required_field frm_top_container frm6 frm_first\">\r\n\t<label for=\"field_3h32y4\" id=\"field_3h32y4_label\" class=\"frm_primary_label\">Raison Sociale\r\n\t\t<span class=\"frm_required\" aria-hidden=\"true\">*<\/span>\r\n\t<\/label>\r\n\t<input type=\"text\" id=\"field_3h32y4\" name=\"item_meta[94]\" value=\"\"  data-reqmsg=\"Raison Sociale non pu\u00f2 essere vuoto.\" aria-required=\"true\" data-invmsg=\"Raison Sociale non \u00e8 valido\" aria-invalid=\"false\"  \/>\r\n\t\r\n\t\r\n<\/div>\n<div id=\"frm_field_95_container\" class=\"frm_form_field form-field  frm_required_field frm_top_container frm6\">\r\n\t<label for=\"field_u1u244\" id=\"field_u1u244_label\" class=\"frm_primary_label\">Num\u00e9ro de TVA\r\n\t\t<span class=\"frm_required\" aria-hidden=\"true\">*<\/span>\r\n\t<\/label>\r\n\t<input type=\"text\" id=\"field_u1u244\" name=\"item_meta[95]\" value=\"\"  data-reqmsg=\"Num\u00e9ro de TVA non pu\u00f2 essere vuoto.\" aria-required=\"true\" data-invmsg=\"Num\u00e9ro de TVA non \u00e8 valido\" aria-invalid=\"false\"  \/>\r\n\t\r\n\t\r\n<\/div>\n<div id=\"frm_field_96_container\" class=\"frm_form_field form-field  frm_required_field frm_top_container frm12 frm_first\">\r\n\t<label for=\"field_bh97m4\" id=\"field_bh97m4_label\" class=\"frm_primary_label\">Adresse\r\n\t\t<span class=\"frm_required\" aria-hidden=\"true\">*<\/span>\r\n\t<\/label>\r\n\t<input type=\"text\" id=\"field_bh97m4\" name=\"item_meta[96]\" value=\"\"  data-reqmsg=\"Adresse non pu\u00f2 essere vuoto.\" aria-required=\"true\" data-invmsg=\"Adresse non \u00e8 valido\" aria-invalid=\"false\"  \/>\r\n\t\r\n\t\r\n<\/div>\n<div id=\"frm_field_97_container\" class=\"frm_form_field form-field  frm_top_container\">\r\n\t<label for=\"field_k0v5z4\" id=\"field_k0v5z4_label\" class=\"frm_primary_label\">Notes\r\n\t\t<span class=\"frm_required\" aria-hidden=\"true\"><\/span>\r\n\t<\/label>\r\n\t<textarea name=\"item_meta[97]\" id=\"field_k0v5z4\" rows=\"5\"  data-invmsg=\"Notes est non valide\" aria-invalid=\"false\"  ><\/textarea>\r\n\t\r\n\t\r\n<\/div>\n<div id=\"frm_field_98_container\" class=\"frm_form_field form-field  frm_required_field frm_top_container vertical_radio\">\r\n\t<div  id=\"field_89crk4_label\" class=\"frm_primary_label\">\r\n\t\t<span class=\"frm_required\" aria-hidden=\"true\">*<\/span>\r\n\t<\/div>\r\n\t<div class=\"frm_opt_container\" aria-labelledby=\"field_89crk4_label\" role=\"group\">\t\t<div class=\"frm_checkbox\" id=\"frm_checkbox_98-1\">\t\t\t<label  for=\"field_89crk4-1\">\n\t\t\t<input type=\"checkbox\" name=\"item_meta[98][]\" id=\"field_89crk4-1\" value=\"Je consens au traitement de mes donn\u00e9es personnelles\"  data-reqmsg=\"Ce champ non pu\u00f2 essere vuoto.\" data-invmsg=\"Ce champ est non valide\"   aria-required=\"true\"  \/> Je consens au traitement de mes donn\u00e9es personnelles<\/label><\/div>\n\t\t<div class=\"frm_checkbox\" id=\"frm_checkbox_98-0\">\t\t\t<label  for=\"field_89crk4-0\">\n\t\t\t<input type=\"checkbox\" name=\"item_meta[98][]\" id=\"field_89crk4-0\" value=\"J&#039;ai lu l&#039;avis de confidentialit\u00e9 et je consens \u00e0 l&#039;enregistrement de mes donn\u00e9es dans vos archives conform\u00e9ment au r\u00e8glement europ\u00e9en sur la protection des donn\u00e9es personnelles n. 679\/2016, RGPD.\"  data-reqmsg=\"Ce champ non pu\u00f2 essere vuoto.\" data-invmsg=\"Ce champ est non valide\"   \/> J'ai lu l'avis de confidentialit\u00e9 et je consens \u00e0 l'enregistrement de mes donn\u00e9es dans vos archives conform\u00e9ment au r\u00e8glement europ\u00e9en sur la protection des donn\u00e9es personnelles n. 679\/2016, RGPD.<\/label><\/div>\n<\/div>\r\n\t\r\n\t\r\n<\/div>\n<div id=\"frm_field_99_container\" class=\"frm_form_field form-field \">\r\n\t<div class=\"frm_submit frm_flex\">\r\n<button class=\"frm_button_submit\" type=\"submit\"  >Envoyer<\/button>\r\n\r\n\r\n\r\n<\/div>\r\n<\/div>\n\t<input type=\"hidden\" name=\"item_key\" value=\"\" \/>\n\t\t\t<div id=\"frm_field_120_container\">\n\t\t\t<label for=\"field_h3h85\" >\n\t\t\t\tSi vous \u00eates un humain, ne remplissez pas ce champ.\t\t\t<\/label>\n\t\t\t<input  id=\"field_h3h85\" type=\"text\" class=\"frm_form_field form-field frm_verify\" name=\"item_meta[120]\" value=\"\"  \/>\n\t\t<\/div>\n\t\t<input name=\"frm_state\" type=\"hidden\" value=\"eesychIvAdjWeHSWdK8H38p\/31\/KtYLm6TdSGlSzkZ4=\" \/><\/div>\n<\/fieldset>\n<\/div>\n\n<\/form>\n<\/div>\n[\/vc_column_text][\/vc_column][vc_column width=\u00a0\u00bb1\/6&Prime;][\/vc_column][\/vc_row]<\/p>\n<\/div>","protected":false},"excerpt":{"rendered":"<p>[vc_row][vc_column width=\u00a0\u00bb1\/3&Prime;][vc_custom_heading text_font=\u00a0\u00bbfont-351847&Prime; text_transform=\u00a0\u00bbuppercase\u00a0\u00bb]Devenez Revendeur[\/vc_custom_heading][\/vc_column][vc_column column_width_percent=\u00a0\u00bb100&Prime; position_vertical=\u00a0\u00bbmiddle\u00a0\u00bb gutter_size=\u00a0\u00bb3&Prime; overlay_alpha=\u00a0\u00bb50&Prime; shift_x=\u00a0\u00bb0&Prime; shift_y=\u00a0\u00bb0&Prime; shift_y_down=\u00a0\u00bb0&Prime; z_index=\u00a0\u00bb0&Prime; medium_width=\u00a0\u00bb0&Prime; mobile_width=\u00a0\u00bb0&Prime; width=\u00a0\u00bb2\/3&Prime;][vc_column_text text_color=\u00a0\u00bbcolor-uydo\u00a0\u00bb uncode_shortcode_id=\u00a0\u00bb768783&Prime; text_color_type=\u00a0\u00bbuncode-palette\u00a0\u00bb]En devenant [&hellip;]<\/p>\n","protected":false},"author":9,"featured_media":0,"parent":0,"menu_order":200,"comment_status":"closed","ping_status":"closed","template":"","meta":{"_acf_changed":false,"sfsi_plus_gutenberg_text_before_share":"","sfsi_plus_gutenberg_show_text_before_share":"","sfsi_plus_gutenberg_icon_type":"","sfsi_plus_gutenberg_icon_alignemt":"","sfsi_plus_gutenburg_max_per_row":"","footnotes":""},"class_list":["post-76893","page","type-page","status-publish","hentry"],"acf":[],"_links":{"self":[{"href":"https:\/\/www.pro-mani.com\/fr\/wp-json\/wp\/v2\/pages\/76893","targetHints":{"allow":["GET"]}}],"collection":[{"href":"https:\/\/www.pro-mani.com\/fr\/wp-json\/wp\/v2\/pages"}],"about":[{"href":"https:\/\/www.pro-mani.com\/fr\/wp-json\/wp\/v2\/types\/page"}],"author":[{"embeddable":true,"href":"https:\/\/www.pro-mani.com\/fr\/wp-json\/wp\/v2\/users\/9"}],"replies":[{"embeddable":true,"href":"https:\/\/www.pro-mani.com\/fr\/wp-json\/wp\/v2\/comments?post=76893"}],"version-history":[{"count":5,"href":"https:\/\/www.pro-mani.com\/fr\/wp-json\/wp\/v2\/pages\/76893\/revisions"}],"predecessor-version":[{"id":77424,"href":"https:\/\/www.pro-mani.com\/fr\/wp-json\/wp\/v2\/pages\/76893\/revisions\/77424"}],"wp:attachment":[{"href":"https:\/\/www.pro-mani.com\/fr\/wp-json\/wp\/v2\/media?parent=76893"}],"curies":[{"name":"wp","href":"https:\/\/api.w.org\/{rel}","templated":true}]}}